{"id":6,"date":"2015-12-27T17:35:19","date_gmt":"2015-12-27T17:35:19","guid":{"rendered":"http:\/\/176.32.230.45\/isen.org.uk\/?page_id=6"},"modified":"2023-12-05T23:39:07","modified_gmt":"2023-12-05T23:39:07","slug":"emergencia-espiritual-brasil","status":"publish","type":"page","link":"https:\/\/www.spiritualemergencenetwork.org\/brazil\/","title":{"rendered":"HOME"},"content":{"rendered":"<p><span style=\"font-weight: 400\">A nomenclatura &#8220;SEN Brasil&#8221; ou <em>Spiritual Emergence Network<\/em> do Brasil se traduz como uma rede de apoio para pessoas que est\u00e3o vivendo ou atravessando per\u00edodos de emerg\u00eancia espiritual.<\/span><\/p>\n<p><span style=\"font-weight: 400\">O SEN Brasil faz parte de uma rede internacional de suporte, sem fins lucrativos, administrada por volunt\u00e1rios. O seu objetivo \u00e9 oferecer informa\u00e7\u014des e esclarecimento, sem nenhum custo, a todos aqueles que vivenciam ou que est\u00e3o sendo afetados por uma emerg\u00eancia espiritual.\u00a0<\/span><\/p>\n<p><span style=\"font-weight: 400\">Reconhecemos que crises espirituais e crises psico-espirituais s\u00e3o parte de um processo cont\u00ednuo e natural de crescimento e transforma\u00e7\u00e3o humana em dire\u00e7\u00e3o <\/span><span style=\"font-weight: 400\">\u00e0 totalidade e a uma maior sensa\u00e7\u00e3o de conex\u00e3o e bem-estar. Vemos a espiritualidade como parte integrante da vida cotidiana que inclui as dimens\u00f5es f\u00edsicas, psicol\u00f3gicas e sociais.<\/span><\/p>\n","protected":false},"excerpt":{"rendered":"<p>A nomenclatura &#8220;SEN Brasil&#8221; ou Spiritual Emergence Network do Brasil se traduz como uma rede de apoio para pessoas que est\u00e3o vivendo ou atravessando per\u00edodos de emerg\u00eancia espiritual. O SEN Brasil faz parte de uma rede internacional de suporte, sem fins lucrativos, administrada por volunt\u00e1rios. O seu objetivo \u00e9 oferecer informa\u00e7\u014des e esclarecimento, sem nenhum [&hellip;]<\/p>\n","protected":false},"author":1,"featured_media":0,"parent":0,"menu_order":0,"comment_status":"closed","ping_status":"closed","template":"","meta":{"_monsterinsights_skip_tracking":false,"_monsterinsights_sitenote_active":false,"_monsterinsights_sitenote_note":"","_monsterinsights_sitenote_category":0,"_uf_show_specific_survey":0,"_uf_disable_surveys":false,"_genesis_hide_title":false,"_genesis_hide_breadcrumbs":false,"_genesis_hide_singular_image":false,"_genesis_hide_footer_widgets":false,"_genesis_custom_body_class":"","_genesis_custom_post_class":"","_genesis_layout":"","footnotes":""},"class_list":{"0":"post-6","1":"page","2":"type-page","3":"status-publish","5":"entry"},"yoast_head":"<!-- This site is optimized with the Yoast SEO plugin v27.6 - https:\/\/yoast.com\/product\/yoast-seo-wordpress\/ -->\n<title>HOME - SEN Brazil<\/title>\n<meta name=\"description\" content=\"O Spiritual Emergence Network do Brasil (SEN Brasil) faz parte de uma rede internacional de suporte, sem fins lucrativos, administrada por volunt\u00e1rios.\" \/>\n<meta name=\"robots\" content=\"index, follow, max-snippet:-1, max-image-preview:large, max-video-preview:-1\" \/>\n<link rel=\"canonical\" href=\"https:\/\/www.spiritualemergencenetwork.org\/brazil\/\" \/>\n<meta property=\"og:locale\" content=\"en_GB\" \/>\n<meta property=\"og:type\" content=\"article\" \/>\n<meta property=\"og:title\" content=\"HOME - SEN Brazil\" \/>\n<meta property=\"og:description\" content=\"O Spiritual Emergence Network do Brasil (SEN Brasil) faz parte de uma rede internacional de suporte, sem fins lucrativos, administrada por volunt\u00e1rios.\" \/>\n<meta property=\"og:url\" content=\"https:\/\/www.spiritualemergencenetwork.org\/brazil\/\" \/>\n<meta property=\"og:site_name\" content=\"SEN Brazil\" \/>\n<meta property=\"article:modified_time\" content=\"2023-12-05T23:39:07+00:00\" \/>\n<meta name=\"twitter:card\" content=\"summary_large_image\" \/>\n<meta name=\"twitter:label1\" content=\"Estimated reading time\" \/>\n\t<meta name=\"twitter:data1\" content=\"1 minute\" \/>\n<script type=\"application\/ld+json\" class=\"yoast-schema-graph\">{\"@context\":\"https:\\\/\\\/schema.org\",\"@graph\":[{\"@type\":\"WebPage\",\"@id\":\"https:\\\/\\\/www.spiritualemergencenetwork.org\\\/brazil\\\/\",\"url\":\"https:\\\/\\\/www.spiritualemergencenetwork.org\\\/brazil\\\/\",\"name\":\"HOME - SEN Brazil\",\"isPartOf\":{\"@id\":\"https:\\\/\\\/www.spiritualemergencenetwork.org\\\/brazil\\\/#website\"},\"datePublished\":\"2015-12-27T17:35:19+00:00\",\"dateModified\":\"2023-12-05T23:39:07+00:00\",\"description\":\"O Spiritual Emergence Network do Brasil (SEN Brasil) faz parte de uma rede internacional de suporte, sem fins lucrativos, administrada por volunt\u00e1rios.\",\"breadcrumb\":{\"@id\":\"https:\\\/\\\/www.spiritualemergencenetwork.org\\\/brazil\\\/#breadcrumb\"},\"inLanguage\":\"en-GB\",\"potentialAction\":[{\"@type\":\"ReadAction\",\"target\":[\"https:\\\/\\\/www.spiritualemergencenetwork.org\\\/brazil\\\/\"]}]},{\"@type\":\"BreadcrumbList\",\"@id\":\"https:\\\/\\\/www.spiritualemergencenetwork.org\\\/brazil\\\/#breadcrumb\",\"itemListElement\":[{\"@type\":\"ListItem\",\"position\":1,\"name\":\"Home\",\"item\":\"https:\\\/\\\/www.spiritualemergencenetwork.org\\\/brazil\\\/\"},{\"@type\":\"ListItem\",\"position\":2,\"name\":\"HOME\"}]},{\"@type\":\"WebSite\",\"@id\":\"https:\\\/\\\/www.spiritualemergencenetwork.org\\\/brazil\\\/#website\",\"url\":\"https:\\\/\\\/www.spiritualemergencenetwork.org\\\/brazil\\\/\",\"name\":\"SEN Brazil\",\"description\":\"\",\"potentialAction\":[{\"@type\":\"SearchAction\",\"target\":{\"@type\":\"EntryPoint\",\"urlTemplate\":\"https:\\\/\\\/www.spiritualemergencenetwork.org\\\/brazil\\\/?s={search_term_string}\"},\"query-input\":{\"@type\":\"PropertyValueSpecification\",\"valueRequired\":true,\"valueName\":\"search_term_string\"}}],\"inLanguage\":\"en-GB\"}]}<\/script>\n<!-- \/ Yoast SEO plugin. -->","yoast_head_json":{"title":"HOME - SEN Brazil","description":"O Spiritual Emergence Network do Brasil (SEN Brasil) faz parte de uma rede internacional de suporte, sem fins lucrativos, administrada por volunt\u00e1rios.","robots":{"index":"index","follow":"follow","max-snippet":"max-snippet:-1","max-image-preview":"max-image-preview:large","max-video-preview":"max-video-preview:-1"},"canonical":"https:\/\/www.spiritualemergencenetwork.org\/brazil\/","og_locale":"en_GB","og_type":"article","og_title":"HOME - SEN Brazil","og_description":"O Spiritual Emergence Network do Brasil (SEN Brasil) faz parte de uma rede internacional de suporte, sem fins lucrativos, administrada por volunt\u00e1rios.","og_url":"https:\/\/www.spiritualemergencenetwork.org\/brazil\/","og_site_name":"SEN Brazil","article_modified_time":"2023-12-05T23:39:07+00:00","twitter_card":"summary_large_image","twitter_misc":{"Estimated reading time":"1 minute"},"schema":{"@context":"https:\/\/schema.org","@graph":[{"@type":"WebPage","@id":"https:\/\/www.spiritualemergencenetwork.org\/brazil\/","url":"https:\/\/www.spiritualemergencenetwork.org\/brazil\/","name":"HOME - SEN Brazil","isPartOf":{"@id":"https:\/\/www.spiritualemergencenetwork.org\/brazil\/#website"},"datePublished":"2015-12-27T17:35:19+00:00","dateModified":"2023-12-05T23:39:07+00:00","description":"O Spiritual Emergence Network do Brasil (SEN Brasil) faz parte de uma rede internacional de suporte, sem fins lucrativos, administrada por volunt\u00e1rios.","breadcrumb":{"@id":"https:\/\/www.spiritualemergencenetwork.org\/brazil\/#breadcrumb"},"inLanguage":"en-GB","potentialAction":[{"@type":"ReadAction","target":["https:\/\/www.spiritualemergencenetwork.org\/brazil\/"]}]},{"@type":"BreadcrumbList","@id":"https:\/\/www.spiritualemergencenetwork.org\/brazil\/#breadcrumb","itemListElement":[{"@type":"ListItem","position":1,"name":"Home","item":"https:\/\/www.spiritualemergencenetwork.org\/brazil\/"},{"@type":"ListItem","position":2,"name":"HOME"}]},{"@type":"WebSite","@id":"https:\/\/www.spiritualemergencenetwork.org\/brazil\/#website","url":"https:\/\/www.spiritualemergencenetwork.org\/brazil\/","name":"SEN Brazil","description":"","potentialAction":[{"@type":"SearchAction","target":{"@type":"EntryPoint","urlTemplate":"https:\/\/www.spiritualemergencenetwork.org\/brazil\/?s={search_term_string}"},"query-input":{"@type":"PropertyValueSpecification","valueRequired":true,"valueName":"search_term_string"}}],"inLanguage":"en-GB"}]}},"_links":{"self":[{"href":"https:\/\/www.spiritualemergencenetwork.org\/brazil\/wp-json\/wp\/v2\/pages\/6","targetHints":{"allow":["GET"]}}],"collection":[{"href":"https:\/\/www.spiritualemergencenetwork.org\/brazil\/wp-json\/wp\/v2\/pages"}],"about":[{"href":"https:\/\/www.spiritualemergencenetwork.org\/brazil\/wp-json\/wp\/v2\/types\/page"}],"author":[{"embeddable":true,"href":"https:\/\/www.spiritualemergencenetwork.org\/brazil\/wp-json\/wp\/v2\/users\/1"}],"replies":[{"embeddable":true,"href":"https:\/\/www.spiritualemergencenetwork.org\/brazil\/wp-json\/wp\/v2\/comments?post=6"}],"version-history":[{"count":20,"href":"https:\/\/www.spiritualemergencenetwork.org\/brazil\/wp-json\/wp\/v2\/pages\/6\/revisions"}],"predecessor-version":[{"id":313,"href":"https:\/\/www.spiritualemergencenetwork.org\/brazil\/wp-json\/wp\/v2\/pages\/6\/revisions\/313"}],"wp:attachment":[{"href":"https:\/\/www.spiritualemergencenetwork.org\/brazil\/wp-json\/wp\/v2\/media?parent=6"}],"curies":[{"name":"wp","href":"https:\/\/api.w.org\/{rel}","templated":true}]}}