{"id":262,"date":"2018-02-04T11:56:05","date_gmt":"2018-02-04T09:56:05","guid":{"rendered":"http:\/\/www.spiritualemergencenetwork.org\/finland\/?page_id=262"},"modified":"2023-06-13T18:03:55","modified_gmt":"2023-06-13T15:03:55","slug":"tiimin-jasenten-kuvaus","status":"publish","type":"page","link":"https:\/\/www.spiritualemergencenetwork.org\/finland\/about-us\/tiimin-jasenten-kuvaus\/","title":{"rendered":"Toiminnassa mukana"},"content":{"rendered":"<p>Toiminnassa on mukana vapaaehtoisia, joista muutaman esittely alla.\u00a0\u00a0<a href=\"http:\/\/www.spiritualemergencenetwork.org\/finland\/contact-us\/\">Ota meihin yhteytt\u00e4<\/a> mik\u00e4li haluat tulla mukaan!<\/p>\n<p><strong><a href=\"https:\/\/i0.wp.com\/www.spiritualemergencenetwork.org\/finland\/wp-content\/uploads\/sites\/15\/2018\/02\/profiili-1.jpg\"><img data-recalc-dims=\"1\" loading=\"lazy\" decoding=\"async\" data-attachment-id=\"304\" data-permalink=\"https:\/\/www.spiritualemergencenetwork.org\/finland\/about-us\/tiimin-jasenten-kuvaus\/profiili-2\/\" data-orig-file=\"https:\/\/i0.wp.com\/www.spiritualemergencenetwork.org\/finland\/wp-content\/uploads\/sites\/15\/2018\/02\/profiili-1.jpg?fit=720%2C960&amp;ssl=1\" data-orig-size=\"720,960\" data-comments-opened=\"1\" data-image-meta=\"{&quot;aperture&quot;:&quot;0&quot;,&quot;credit&quot;:&quot;&quot;,&quot;camera&quot;:&quot;&quot;,&quot;caption&quot;:&quot;&quot;,&quot;created_timestamp&quot;:&quot;0&quot;,&quot;copyright&quot;:&quot;&quot;,&quot;focal_length&quot;:&quot;0&quot;,&quot;iso&quot;:&quot;0&quot;,&quot;shutter_speed&quot;:&quot;0&quot;,&quot;title&quot;:&quot;&quot;,&quot;orientation&quot;:&quot;0&quot;}\" data-image-title=\"profiili\" data-image-description=\"\" data-image-caption=\"\" data-medium-file=\"https:\/\/i0.wp.com\/www.spiritualemergencenetwork.org\/finland\/wp-content\/uploads\/sites\/15\/2018\/02\/profiili-1.jpg?fit=225%2C300&amp;ssl=1\" data-large-file=\"https:\/\/i0.wp.com\/www.spiritualemergencenetwork.org\/finland\/wp-content\/uploads\/sites\/15\/2018\/02\/profiili-1.jpg?fit=720%2C960&amp;ssl=1\" class=\"size-medium wp-image-304 alignleft\" src=\"https:\/\/i0.wp.com\/www.spiritualemergencenetwork.org\/finland\/wp-content\/uploads\/sites\/15\/2018\/02\/profiili-1-225x300.jpg?resize=225%2C300\" alt=\"\" width=\"225\" height=\"300\" srcset=\"https:\/\/i0.wp.com\/www.spiritualemergencenetwork.org\/finland\/wp-content\/uploads\/sites\/15\/2018\/02\/profiili-1.jpg?resize=225%2C300&amp;ssl=1 225w, https:\/\/i0.wp.com\/www.spiritualemergencenetwork.org\/finland\/wp-content\/uploads\/sites\/15\/2018\/02\/profiili-1.jpg?w=720&amp;ssl=1 720w\" sizes=\"auto, (max-width: 225px) 100vw, 225px\" \/><\/a><\/strong><\/p>\n<p><strong>Liisa<\/strong><\/p>\n<p>Liisa opiskeli kuvataidelukion k\u00e4yty\u00e4\u00e4n mielenterveyshoitajaksi ja teki muutamia vuosia ty\u00f6t\u00e4 psykiatrisissa sairaaloissa. Oman el\u00e4m\u00e4n kriisit sek\u00e4 kokemukset perinteisest\u00e4 psykiatrisesta hoitoty\u00f6st\u00e4 her\u00e4ttiv\u00e4t kiinnostuksen kokonaisvaltaisemmasta l\u00e4hestymistavasta fyysiseen ja psyykkiseen terveyteen. Sittemmin h\u00e4n opiskelikin vuosien ajan erilaisia kehoterapia- ja energiahoitomuotoja, kuten shiatsua ja reiki\u00e4 sek\u00e4 tutustui parannusperinteisiin eri kulttuureissa \u2013 taolainen, shamanistinen ja tiibetil\u00e4inen tapa tarkastella ihmist\u00e4 ja el\u00e4m\u00e4\u00e4 kokonaisuutena tuli tutuksi. Vuonna 2007 Liisa k\u00e4vi l\u00e4pi perusteellisen eksistentiaalisen ja henkisen kriisin, jonka h\u00e4n koki syv\u00e4n\u00e4 transformatiivisena paranemisprosessina ja jonka integroiminen osaksi uuden merkityksen saanutta el\u00e4m\u00e4\u00e4 on vienyt vuosia. Matkan varrella Liisa on valmistunut my\u00f6s kuva-artesaaniksi ja yhteis\u00f6pedagogiksi. Nykyel\u00e4m\u00e4\u00e4n sis\u00e4ltyy teht\u00e4vi\u00e4 erityiskasvatuksen piiriss\u00e4, kehoterapeutin ty\u00f6t\u00e4 sek\u00e4 aktiivista kansalaistoimintaa henkisen- ja mielenterveysty\u00f6n parissa Suomessa ja kansainv\u00e4lisesti.<\/p>\n<p><strong><a href=\"https:\/\/i0.wp.com\/www.spiritualemergencenetwork.org\/finland\/wp-content\/uploads\/sites\/15\/2019\/06\/19029225_1803930649862343_7394155959575087003_n.jpg\"><img data-recalc-dims=\"1\" loading=\"lazy\" decoding=\"async\" data-attachment-id=\"540\" data-permalink=\"https:\/\/www.spiritualemergencenetwork.org\/finland\/about-us\/tiimin-jasenten-kuvaus\/19029225_1803930649862343_7394155959575087003_n\/\" data-orig-file=\"https:\/\/i0.wp.com\/www.spiritualemergencenetwork.org\/finland\/wp-content\/uploads\/sites\/15\/2019\/06\/19029225_1803930649862343_7394155959575087003_n.jpg?fit=640%2C960&amp;ssl=1\" data-orig-size=\"640,960\" data-comments-opened=\"1\" data-image-meta=\"{&quot;aperture&quot;:&quot;0&quot;,&quot;credit&quot;:&quot;Markku Kayhko&quot;,&quot;camera&quot;:&quot;&quot;,&quot;caption&quot;:&quot;&quot;,&quot;created_timestamp&quot;:&quot;0&quot;,&quot;copyright&quot;:&quot;Markku Kayhko&quot;,&quot;focal_length&quot;:&quot;0&quot;,&quot;iso&quot;:&quot;0&quot;,&quot;shutter_speed&quot;:&quot;0&quot;,&quot;title&quot;:&quot;&quot;,&quot;orientation&quot;:&quot;0&quot;}\" data-image-title=\"19029225_1803930649862343_7394155959575087003_n\" data-image-description=\"\" data-image-caption=\"\" data-medium-file=\"https:\/\/i0.wp.com\/www.spiritualemergencenetwork.org\/finland\/wp-content\/uploads\/sites\/15\/2019\/06\/19029225_1803930649862343_7394155959575087003_n.jpg?fit=200%2C300&amp;ssl=1\" data-large-file=\"https:\/\/i0.wp.com\/www.spiritualemergencenetwork.org\/finland\/wp-content\/uploads\/sites\/15\/2019\/06\/19029225_1803930649862343_7394155959575087003_n.jpg?fit=640%2C960&amp;ssl=1\" class=\"size-medium wp-image-540 alignleft\" src=\"https:\/\/i0.wp.com\/www.spiritualemergencenetwork.org\/finland\/wp-content\/uploads\/sites\/15\/2019\/06\/19029225_1803930649862343_7394155959575087003_n-200x300.jpg?resize=200%2C300\" alt=\"\" width=\"200\" height=\"300\" srcset=\"https:\/\/i0.wp.com\/www.spiritualemergencenetwork.org\/finland\/wp-content\/uploads\/sites\/15\/2019\/06\/19029225_1803930649862343_7394155959575087003_n.jpg?resize=200%2C300&amp;ssl=1 200w, https:\/\/i0.wp.com\/www.spiritualemergencenetwork.org\/finland\/wp-content\/uploads\/sites\/15\/2019\/06\/19029225_1803930649862343_7394155959575087003_n.jpg?w=640&amp;ssl=1 640w\" sizes=\"auto, (max-width: 200px) 100vw, 200px\" \/><\/a>Marja\u00a0<\/strong><\/p>\n<p style=\"text-align: left\">Vuonna 2006 kokemani kundaliinikokemus ja siit\u00e4 seurannut henkinen kriisi aloitti minussa pitk\u00e4n eheytymisprosessin, jonka aikana el\u00e4m\u00e4nkatsomukseni arvomaailmani muuttui pehme\u00e4mm\u00e4ksi. Eheytyess\u00e4ni ja uutta tasapainoa l\u00f6yt\u00e4ess\u00e4ni aloin kiinnostua ihmisten hoitamisesta ja holistisesta ihmiskuvasta. Minulle t\u00e4rkein apu eheytymisess\u00e4 on ollut vertaistuki, ja siksi haluan my\u00f6s itse tarjota vertaistukea muille, jotka ovat kokeneet henkisen kriisin.<\/p>\n<h2><\/h2>\n<h2><\/h2>\n<h2><\/h2>\n<h2>Mukana yhteisty\u00f6ss\u00e4<\/h2>\n<p><strong>Psykologi Tony Dunderfelt<\/strong><\/p>\n<p><img data-recalc-dims=\"1\" loading=\"lazy\" decoding=\"async\" data-attachment-id=\"394\" data-permalink=\"https:\/\/www.spiritualemergencenetwork.org\/finland\/about-us\/tiimin-jasenten-kuvaus\/tony-kuva1\/\" data-orig-file=\"https:\/\/i0.wp.com\/www.spiritualemergencenetwork.org\/finland\/wp-content\/uploads\/sites\/15\/2018\/03\/Tony-KUVA1.jpg?fit=540%2C438&amp;ssl=1\" data-orig-size=\"540,438\" data-comments-opened=\"1\" data-image-meta=\"{&quot;aperture&quot;:&quot;5.6&quot;,&quot;credit&quot;:&quot;&quot;,&quot;camera&quot;:&quot;Canon EOS 1100D&quot;,&quot;caption&quot;:&quot;&quot;,&quot;created_timestamp&quot;:&quot;1471279935&quot;,&quot;copyright&quot;:&quot;&quot;,&quot;focal_length&quot;:&quot;55&quot;,&quot;iso&quot;:&quot;160&quot;,&quot;shutter_speed&quot;:&quot;0.01&quot;,&quot;title&quot;:&quot;&quot;,&quot;orientation&quot;:&quot;1&quot;}\" data-image-title=\"Tony-KUVA1\" data-image-description=\"\" data-image-caption=\"\" data-medium-file=\"https:\/\/i0.wp.com\/www.spiritualemergencenetwork.org\/finland\/wp-content\/uploads\/sites\/15\/2018\/03\/Tony-KUVA1.jpg?fit=300%2C243&amp;ssl=1\" data-large-file=\"https:\/\/i0.wp.com\/www.spiritualemergencenetwork.org\/finland\/wp-content\/uploads\/sites\/15\/2018\/03\/Tony-KUVA1.jpg?fit=540%2C438&amp;ssl=1\" class=\"size-medium wp-image-394 alignleft\" src=\"https:\/\/i0.wp.com\/www.spiritualemergencenetwork.org\/finland\/wp-content\/uploads\/sites\/15\/2018\/03\/Tony-KUVA1-300x243.jpg?resize=300%2C243\" alt=\"\" width=\"300\" height=\"243\" srcset=\"https:\/\/i0.wp.com\/www.spiritualemergencenetwork.org\/finland\/wp-content\/uploads\/sites\/15\/2018\/03\/Tony-KUVA1.jpg?resize=300%2C243&amp;ssl=1 300w, https:\/\/i0.wp.com\/www.spiritualemergencenetwork.org\/finland\/wp-content\/uploads\/sites\/15\/2018\/03\/Tony-KUVA1.jpg?w=540&amp;ssl=1 540w\" sizes=\"auto, (max-width: 300px) 100vw, 300px\" \/><strong>Psykologi Aku Kopakkala<\/strong><\/p>\n<p><a href=\"https:\/\/i0.wp.com\/www.spiritualemergencenetwork.org\/finland\/wp-content\/uploads\/sites\/15\/2018\/04\/aku-kopakkala.jpg\"><img data-recalc-dims=\"1\" loading=\"lazy\" decoding=\"async\" data-attachment-id=\"408\" data-permalink=\"https:\/\/www.spiritualemergencenetwork.org\/finland\/about-us\/tiimin-jasenten-kuvaus\/aku-kopakkala\/\" data-orig-file=\"https:\/\/i0.wp.com\/www.spiritualemergencenetwork.org\/finland\/wp-content\/uploads\/sites\/15\/2018\/04\/aku-kopakkala.jpg?fit=500%2C333&amp;ssl=1\" data-orig-size=\"500,333\" data-comments-opened=\"1\" data-image-meta=\"{&quot;aperture&quot;:&quot;8&quot;,&quot;credit&quot;:&quot;unknown&quot;,&quot;camera&quot;:&quot;Canon EOS 350D DIGITAL&quot;,&quot;caption&quot;:&quot;&quot;,&quot;created_timestamp&quot;:&quot;1407259109&quot;,&quot;copyright&quot;:&quot;&quot;,&quot;focal_length&quot;:&quot;-4.94967296&quot;,&quot;iso&quot;:&quot;400&quot;,&quot;shutter_speed&quot;:&quot;0.0015625&quot;,&quot;title&quot;:&quot;&quot;,&quot;orientation&quot;:&quot;0&quot;}\" data-image-title=\"aku kopakkala\" data-image-description=\"\" data-image-caption=\"\" data-medium-file=\"https:\/\/i0.wp.com\/www.spiritualemergencenetwork.org\/finland\/wp-content\/uploads\/sites\/15\/2018\/04\/aku-kopakkala.jpg?fit=300%2C200&amp;ssl=1\" data-large-file=\"https:\/\/i0.wp.com\/www.spiritualemergencenetwork.org\/finland\/wp-content\/uploads\/sites\/15\/2018\/04\/aku-kopakkala.jpg?fit=500%2C333&amp;ssl=1\" class=\"size-medium wp-image-408 alignleft\" src=\"https:\/\/i0.wp.com\/www.spiritualemergencenetwork.org\/finland\/wp-content\/uploads\/sites\/15\/2018\/04\/aku-kopakkala-300x200.jpg?resize=300%2C200\" alt=\"\" width=\"300\" height=\"200\" srcset=\"https:\/\/i0.wp.com\/www.spiritualemergencenetwork.org\/finland\/wp-content\/uploads\/sites\/15\/2018\/04\/aku-kopakkala.jpg?resize=300%2C200&amp;ssl=1 300w, https:\/\/i0.wp.com\/www.spiritualemergencenetwork.org\/finland\/wp-content\/uploads\/sites\/15\/2018\/04\/aku-kopakkala.jpg?w=500&amp;ssl=1 500w\" sizes=\"auto, (max-width: 300px) 100vw, 300px\" \/><\/a><\/p>\n","protected":false},"excerpt":{"rendered":"<p>Toiminnassa on mukana vapaaehtoisia, joista muutaman esittely alla.\u00a0\u00a0Ota meihin yhteytt\u00e4 mik\u00e4li haluat tulla mukaan! Liisa Liisa opiskeli kuvataidelukion k\u00e4yty\u00e4\u00e4n mielenterveyshoitajaksi ja teki muutamia vuosia ty\u00f6t\u00e4 psykiatrisissa sairaaloissa. Oman el\u00e4m\u00e4n kriisit sek\u00e4 kokemukset perinteisest\u00e4 psykiatrisesta hoitoty\u00f6st\u00e4 her\u00e4ttiv\u00e4t kiinnostuksen kokonaisvaltaisemmasta l\u00e4hestymistavasta fyysiseen ja psyykkiseen terveyteen. Sittemmin h\u00e4n opiskelikin vuosien ajan erilaisia kehoterapia- ja energiahoitomuotoja, kuten shiatsua ja [&hellip;]<\/p>\n","protected":false},"author":21,"featured_media":0,"parent":134,"menu_order":1,"comment_status":"closed","ping_status":"closed","template":"","meta":{"_monsterinsights_skip_tracking":false,"_monsterinsights_sitenote_active":false,"_monsterinsights_sitenote_note":"","_monsterinsights_sitenote_category":0,"_uf_show_specific_survey":0,"_uf_disable_surveys":false,"_genesis_hide_title":false,"_genesis_hide_breadcrumbs":false,"_genesis_hide_singular_image":false,"_genesis_hide_footer_widgets":false,"_genesis_custom_body_class":"","_genesis_custom_post_class":"","_genesis_layout":"","jetpack_post_was_ever_published":false,"footnotes":""},"class_list":{"0":"post-262","1":"page","2":"type-page","3":"status-publish","5":"entry"},"yoast_head":"<!-- This site is optimized with the Yoast SEO plugin v27.3 - https:\/\/yoast.com\/product\/yoast-seo-wordpress\/ -->\n<title>Toiminnassa mukana - SEN Finland<\/title>\n<meta name=\"robots\" content=\"index, follow, max-snippet:-1, max-image-preview:large, max-video-preview:-1\" \/>\n<link rel=\"canonical\" href=\"https:\/\/www.spiritualemergencenetwork.org\/finland\/about-us\/tiimin-jasenten-kuvaus\/\" \/>\n<meta property=\"og:locale\" content=\"en_GB\" \/>\n<meta property=\"og:type\" content=\"article\" \/>\n<meta property=\"og:title\" content=\"Toiminnassa mukana - SEN Finland\" \/>\n<meta property=\"og:description\" content=\"Toiminnassa on mukana vapaaehtoisia, joista muutaman esittely alla.\u00a0\u00a0Ota meihin yhteytt\u00e4 mik\u00e4li haluat tulla mukaan! Liisa Liisa opiskeli kuvataidelukion k\u00e4yty\u00e4\u00e4n mielenterveyshoitajaksi ja teki muutamia vuosia ty\u00f6t\u00e4 psykiatrisissa sairaaloissa. Oman el\u00e4m\u00e4n kriisit sek\u00e4 kokemukset perinteisest\u00e4 psykiatrisesta hoitoty\u00f6st\u00e4 her\u00e4ttiv\u00e4t kiinnostuksen kokonaisvaltaisemmasta l\u00e4hestymistavasta fyysiseen ja psyykkiseen terveyteen. Sittemmin h\u00e4n opiskelikin vuosien ajan erilaisia kehoterapia- ja energiahoitomuotoja, kuten shiatsua ja [&hellip;]\" \/>\n<meta property=\"og:url\" content=\"https:\/\/www.spiritualemergencenetwork.org\/finland\/about-us\/tiimin-jasenten-kuvaus\/\" \/>\n<meta property=\"og:site_name\" content=\"SEN Finland\" \/>\n<meta property=\"article:modified_time\" content=\"2023-06-13T15:03:55+00:00\" \/>\n<meta property=\"og:image\" content=\"http:\/\/www.spiritualemergencenetwork.org\/finland\/wp-content\/uploads\/sites\/15\/2018\/02\/profiili-1-225x300.jpg\" \/>\n<meta name=\"twitter:card\" content=\"summary_large_image\" \/>\n<meta name=\"twitter:label1\" content=\"Estimated reading time\" \/>\n\t<meta name=\"twitter:data1\" content=\"2 minutes\" \/>\n<script type=\"application\/ld+json\" class=\"yoast-schema-graph\">{\"@context\":\"https:\\\/\\\/schema.org\",\"@graph\":[{\"@type\":\"WebPage\",\"@id\":\"https:\\\/\\\/www.spiritualemergencenetwork.org\\\/finland\\\/about-us\\\/tiimin-jasenten-kuvaus\\\/\",\"url\":\"https:\\\/\\\/www.spiritualemergencenetwork.org\\\/finland\\\/about-us\\\/tiimin-jasenten-kuvaus\\\/\",\"name\":\"Toiminnassa mukana - SEN Finland\",\"isPartOf\":{\"@id\":\"https:\\\/\\\/www.spiritualemergencenetwork.org\\\/finland\\\/#website\"},\"primaryImageOfPage\":{\"@id\":\"https:\\\/\\\/www.spiritualemergencenetwork.org\\\/finland\\\/about-us\\\/tiimin-jasenten-kuvaus\\\/#primaryimage\"},\"image\":{\"@id\":\"https:\\\/\\\/www.spiritualemergencenetwork.org\\\/finland\\\/about-us\\\/tiimin-jasenten-kuvaus\\\/#primaryimage\"},\"thumbnailUrl\":\"http:\\\/\\\/www.spiritualemergencenetwork.org\\\/finland\\\/wp-content\\\/uploads\\\/sites\\\/15\\\/2018\\\/02\\\/profiili-1-225x300.jpg\",\"datePublished\":\"2018-02-04T09:56:05+00:00\",\"dateModified\":\"2023-06-13T15:03:55+00:00\",\"breadcrumb\":{\"@id\":\"https:\\\/\\\/www.spiritualemergencenetwork.org\\\/finland\\\/about-us\\\/tiimin-jasenten-kuvaus\\\/#breadcrumb\"},\"inLanguage\":\"en-GB\",\"potentialAction\":[{\"@type\":\"ReadAction\",\"target\":[\"https:\\\/\\\/www.spiritualemergencenetwork.org\\\/finland\\\/about-us\\\/tiimin-jasenten-kuvaus\\\/\"]}]},{\"@type\":\"ImageObject\",\"inLanguage\":\"en-GB\",\"@id\":\"https:\\\/\\\/www.spiritualemergencenetwork.org\\\/finland\\\/about-us\\\/tiimin-jasenten-kuvaus\\\/#primaryimage\",\"url\":\"http:\\\/\\\/www.spiritualemergencenetwork.org\\\/finland\\\/wp-content\\\/uploads\\\/sites\\\/15\\\/2018\\\/02\\\/profiili-1-225x300.jpg\",\"contentUrl\":\"http:\\\/\\\/www.spiritualemergencenetwork.org\\\/finland\\\/wp-content\\\/uploads\\\/sites\\\/15\\\/2018\\\/02\\\/profiili-1-225x300.jpg\"},{\"@type\":\"BreadcrumbList\",\"@id\":\"https:\\\/\\\/www.spiritualemergencenetwork.org\\\/finland\\\/about-us\\\/tiimin-jasenten-kuvaus\\\/#breadcrumb\",\"itemListElement\":[{\"@type\":\"ListItem\",\"position\":1,\"name\":\"Home\",\"item\":\"https:\\\/\\\/www.spiritualemergencenetwork.org\\\/finland\\\/\"},{\"@type\":\"ListItem\",\"position\":2,\"name\":\"Meist\u00e4\",\"item\":\"https:\\\/\\\/www.spiritualemergencenetwork.org\\\/finland\\\/about-us\\\/\"},{\"@type\":\"ListItem\",\"position\":3,\"name\":\"Toiminnassa mukana\"}]},{\"@type\":\"WebSite\",\"@id\":\"https:\\\/\\\/www.spiritualemergencenetwork.org\\\/finland\\\/#website\",\"url\":\"https:\\\/\\\/www.spiritualemergencenetwork.org\\\/finland\\\/\",\"name\":\"SEN Finland\",\"description\":\"Spiritual Crisis Network Finland\",\"potentialAction\":[{\"@type\":\"SearchAction\",\"target\":{\"@type\":\"EntryPoint\",\"urlTemplate\":\"https:\\\/\\\/www.spiritualemergencenetwork.org\\\/finland\\\/?s={search_term_string}\"},\"query-input\":{\"@type\":\"PropertyValueSpecification\",\"valueRequired\":true,\"valueName\":\"search_term_string\"}}],\"inLanguage\":\"en-GB\"}]}<\/script>\n<!-- \/ Yoast SEO plugin. -->","yoast_head_json":{"title":"Toiminnassa mukana - SEN Finland","robots":{"index":"index","follow":"follow","max-snippet":"max-snippet:-1","max-image-preview":"max-image-preview:large","max-video-preview":"max-video-preview:-1"},"canonical":"https:\/\/www.spiritualemergencenetwork.org\/finland\/about-us\/tiimin-jasenten-kuvaus\/","og_locale":"en_GB","og_type":"article","og_title":"Toiminnassa mukana - SEN Finland","og_description":"Toiminnassa on mukana vapaaehtoisia, joista muutaman esittely alla.\u00a0\u00a0Ota meihin yhteytt\u00e4 mik\u00e4li haluat tulla mukaan! Liisa Liisa opiskeli kuvataidelukion k\u00e4yty\u00e4\u00e4n mielenterveyshoitajaksi ja teki muutamia vuosia ty\u00f6t\u00e4 psykiatrisissa sairaaloissa. Oman el\u00e4m\u00e4n kriisit sek\u00e4 kokemukset perinteisest\u00e4 psykiatrisesta hoitoty\u00f6st\u00e4 her\u00e4ttiv\u00e4t kiinnostuksen kokonaisvaltaisemmasta l\u00e4hestymistavasta fyysiseen ja psyykkiseen terveyteen. Sittemmin h\u00e4n opiskelikin vuosien ajan erilaisia kehoterapia- ja energiahoitomuotoja, kuten shiatsua ja [&hellip;]","og_url":"https:\/\/www.spiritualemergencenetwork.org\/finland\/about-us\/tiimin-jasenten-kuvaus\/","og_site_name":"SEN Finland","article_modified_time":"2023-06-13T15:03:55+00:00","og_image":[{"url":"http:\/\/www.spiritualemergencenetwork.org\/finland\/wp-content\/uploads\/sites\/15\/2018\/02\/profiili-1-225x300.jpg","type":"","width":"","height":""}],"twitter_card":"summary_large_image","twitter_misc":{"Estimated reading time":"2 minutes"},"schema":{"@context":"https:\/\/schema.org","@graph":[{"@type":"WebPage","@id":"https:\/\/www.spiritualemergencenetwork.org\/finland\/about-us\/tiimin-jasenten-kuvaus\/","url":"https:\/\/www.spiritualemergencenetwork.org\/finland\/about-us\/tiimin-jasenten-kuvaus\/","name":"Toiminnassa mukana - SEN Finland","isPartOf":{"@id":"https:\/\/www.spiritualemergencenetwork.org\/finland\/#website"},"primaryImageOfPage":{"@id":"https:\/\/www.spiritualemergencenetwork.org\/finland\/about-us\/tiimin-jasenten-kuvaus\/#primaryimage"},"image":{"@id":"https:\/\/www.spiritualemergencenetwork.org\/finland\/about-us\/tiimin-jasenten-kuvaus\/#primaryimage"},"thumbnailUrl":"http:\/\/www.spiritualemergencenetwork.org\/finland\/wp-content\/uploads\/sites\/15\/2018\/02\/profiili-1-225x300.jpg","datePublished":"2018-02-04T09:56:05+00:00","dateModified":"2023-06-13T15:03:55+00:00","breadcrumb":{"@id":"https:\/\/www.spiritualemergencenetwork.org\/finland\/about-us\/tiimin-jasenten-kuvaus\/#breadcrumb"},"inLanguage":"en-GB","potentialAction":[{"@type":"ReadAction","target":["https:\/\/www.spiritualemergencenetwork.org\/finland\/about-us\/tiimin-jasenten-kuvaus\/"]}]},{"@type":"ImageObject","inLanguage":"en-GB","@id":"https:\/\/www.spiritualemergencenetwork.org\/finland\/about-us\/tiimin-jasenten-kuvaus\/#primaryimage","url":"http:\/\/www.spiritualemergencenetwork.org\/finland\/wp-content\/uploads\/sites\/15\/2018\/02\/profiili-1-225x300.jpg","contentUrl":"http:\/\/www.spiritualemergencenetwork.org\/finland\/wp-content\/uploads\/sites\/15\/2018\/02\/profiili-1-225x300.jpg"},{"@type":"BreadcrumbList","@id":"https:\/\/www.spiritualemergencenetwork.org\/finland\/about-us\/tiimin-jasenten-kuvaus\/#breadcrumb","itemListElement":[{"@type":"ListItem","position":1,"name":"Home","item":"https:\/\/www.spiritualemergencenetwork.org\/finland\/"},{"@type":"ListItem","position":2,"name":"Meist\u00e4","item":"https:\/\/www.spiritualemergencenetwork.org\/finland\/about-us\/"},{"@type":"ListItem","position":3,"name":"Toiminnassa mukana"}]},{"@type":"WebSite","@id":"https:\/\/www.spiritualemergencenetwork.org\/finland\/#website","url":"https:\/\/www.spiritualemergencenetwork.org\/finland\/","name":"SEN Finland","description":"Spiritual Crisis Network Finland","potentialAction":[{"@type":"SearchAction","target":{"@type":"EntryPoint","urlTemplate":"https:\/\/www.spiritualemergencenetwork.org\/finland\/?s={search_term_string}"},"query-input":{"@type":"PropertyValueSpecification","valueRequired":true,"valueName":"search_term_string"}}],"inLanguage":"en-GB"}]}},"jetpack_sharing_enabled":true,"jetpack_shortlink":"https:\/\/wp.me\/P9Efcx-4e","jetpack-related-posts":[],"_links":{"self":[{"href":"https:\/\/www.spiritualemergencenetwork.org\/finland\/wp-json\/wp\/v2\/pages\/262","targetHints":{"allow":["GET"]}}],"collection":[{"href":"https:\/\/www.spiritualemergencenetwork.org\/finland\/wp-json\/wp\/v2\/pages"}],"about":[{"href":"https:\/\/www.spiritualemergencenetwork.org\/finland\/wp-json\/wp\/v2\/types\/page"}],"author":[{"embeddable":true,"href":"https:\/\/www.spiritualemergencenetwork.org\/finland\/wp-json\/wp\/v2\/users\/21"}],"replies":[{"embeddable":true,"href":"https:\/\/www.spiritualemergencenetwork.org\/finland\/wp-json\/wp\/v2\/comments?post=262"}],"version-history":[{"count":36,"href":"https:\/\/www.spiritualemergencenetwork.org\/finland\/wp-json\/wp\/v2\/pages\/262\/revisions"}],"predecessor-version":[{"id":794,"href":"https:\/\/www.spiritualemergencenetwork.org\/finland\/wp-json\/wp\/v2\/pages\/262\/revisions\/794"}],"up":[{"embeddable":true,"href":"https:\/\/www.spiritualemergencenetwork.org\/finland\/wp-json\/wp\/v2\/pages\/134"}],"wp:attachment":[{"href":"https:\/\/www.spiritualemergencenetwork.org\/finland\/wp-json\/wp\/v2\/media?parent=262"}],"curies":[{"name":"wp","href":"https:\/\/api.w.org\/{rel}","templated":true}]}}