{"id":317,"date":"2018-02-15T10:02:10","date_gmt":"2018-02-15T10:02:10","guid":{"rendered":"http:\/\/www.spiritualemergencenetwork.org\/finland\/?page_id=317"},"modified":"2024-05-17T22:32:21","modified_gmt":"2024-05-17T19:32:21","slug":"linkkeja","status":"publish","type":"page","link":"https:\/\/www.spiritualemergencenetwork.org\/finland\/linkkeja\/","title":{"rendered":"Linkkej\u00e4"},"content":{"rendered":"<p><strong>Eri toimijoiden sivustoja netiss\u00e4:<\/strong><\/p>\n<p><u>Suomeksi<\/u><\/p>\n<p><a href=\"http:\/\/www.kukunori.fi\/\">Kukunori ry<\/a><\/p>\n<p><a href=\"https:\/\/www.mtkl.fi\/\">Mielenterveyden Keskusliitto<\/a><\/p>\n<p><a href=\"http:\/\/www.mielioikeudet.net\/verkosto\/\">Mielioikeudet.net<\/a><\/p>\n<p><a href=\"https:\/\/www.rajatieto.fi\/yhdistys\/rajatiedonauttavapuhelin\/\">Rajatiedon auttava puhelin<\/a><\/p>\n<p><a href=\"https:\/\/www.mielenterveysseura.fi\/fi\">Suomen Mielenterveysseura<\/a><\/p>\n<p><a href=\"https:\/\/www.moniaaniset.fi\/\">Suomen Moni\u00e4\u00e4niset ry<\/a><\/p>\n<p><a href=\"http:\/\/www.disso.fi\/\">Suomen trauma- ja dissosiaatioyhdistys Disso ry<\/a>.<\/p>\n<p><a href=\"https:\/\/madinfinland.org\/\">Tarpeenmukainen hoito ry \u2013 Mad in Finland<\/a><\/p>\n<p><a href=\"https:\/\/beta.tukinet.net\/\">Tukinet<\/a><\/p>\n<p><strong><u>Kansainv\u00e4lisi\u00e4 sivustoja, englanniksi\/In English:<\/u><\/strong><\/p>\n<p><a href=\"http:\/\/www.spiritualemergencenetwork.org\/\">International Spiritual Emergence Network<\/a><\/p>\n<p><a href=\"https:\/\/aciste.org\/\">ACISTE &#8211; American Center for the Integration of the Spiritually Transformative Experiences<\/a><\/p>\n<ul>\n<li><a href=\"https:\/\/aciste.org\/competency-guidelines-for-professionals\/\">Competency guidelines for professionals<\/a><\/li>\n<\/ul>\n<p><a href=\"https:\/\/emergingproud.com\/\">Emerging proud &#8211; Reframing Mental Distress<\/a><\/p>\n<p><a href=\"http:\/\/shadesofawakening.com\/\">Shades of Awakening<\/a><\/p>\n<p><a href=\"https:\/\/www.madinamerica.com\/\">Mad in America<\/a><\/p>\n<p><a href=\"https:\/\/aworldawake.org\/\">AWorldAwake<\/a><\/p>\n<p><a href=\"https:\/\/www.youtube.com\/user\/bipolarorwakingup\">Bipolar or waking up -youtubekanava<\/a><\/p>\n<p><a href=\"http:\/\/www.kundaliniguide.com\/what-is-kundalini\">http:\/\/www.kundaliniguide.com\/what-is-kundalini<\/a><\/p>\n<p><strong>Tutkimuksia<\/strong><\/p>\n<p><a href=\"https:\/\/helda.helsinki.fi\/bitstream\/handle\/10138\/42872\/freedomo.pdf?sequence=3&amp;isAllowed=y\">Freedom of delusion : Interdisciplinary views concerning freedom of belief and opinion meet the individual with psychosis<\/a> \u2013 Mari Stenlundin v\u00e4it\u00f6skirja 2014<\/p>\n<p><a href=\"https:\/\/www.theseus.fi\/handle\/10024\/105872\">Hengellisyys osana psykiatrista hoitoty\u00f6t\u00e4: opas hoitohenkil\u00f6kunnalle<\/a> \u2013 opinn\u00e4ytety\u00f6: Korpinen Taru, Jokela Teresa<\/p>\n<p><a href=\"https:\/\/www.scribd.com\/document\/350720536\/Valde-Orrenmaa-Holotrooppinen-tajunnantila-Kasitetutkimus-Stanislav-Grofin-teoreettisesta-viitekehyksesta\">Holotrooppinen tajunnantila \u2013 K\u00e4sitetutkimus Stanislav Grofin teoreettisesta viitekehyksest\u00e4<\/a>, Valde Orrenmaan ProGradu -tutkielma 2017<\/p>\n<p><a href=\"https:\/\/www.bps.org.uk\/news-and-policy\/introducing-power-threat-meaning-framework\">Power threat meaning framework<\/a><\/p>\n<p><a href=\"https:\/\/emergingproud.files.wordpress.com\/2018\/02\/grounding-spirituality-and-transformation-in-health-communication-2.pdf\">Grounding spirituality and transformation in health communication<\/a> &#8211; Master&#8217;s thesis By Anne-Kirstine Klitmark<\/p>\n<p><strong>Blogeja ja paranemistarinoita<\/strong><\/p>\n<p><a href=\"http:\/\/paranepsykoosista.blogspot.fi\/\">Psykoosi &#8211; Henkinen her\u00e4\u00e4minen?<\/a><\/p>\n<p><a href=\"http:\/\/healingsanctuary.proboards.com\/?fbclid=IwAR1RIeE1lGDJWCMVl--PKZPv4PXQH9a_ld9SE_JDj7j78eQHJqTY-2g5kW4\">Healing Sanctuary<\/a><\/p>\n<p><a href=\"http:\/\/alovinghealingspace.blogspot.fi\/2018\/\">A\u00a0Healing Space &#8211; Reflections on Love, Meaning and the Aliveness\u00a0<\/a><\/p>\n<p><strong>Dokumenttielokuvia<\/strong><\/p>\n<p><a href=\"https:\/\/crazywisefilm.com\/\">CrazyWise<\/a><\/p>\n<p><a href=\"https:\/\/emergingproud.com\/watch-the-film-2\/\">EmergingProud \u2013 Campaign film<\/a><\/p>\n<p><a href=\"https:\/\/www.youtube.com\/watch?v=HDVhZHJagfQ\">Open dialoge: an alternative Finnish approach to healing psychosis<\/a><\/p>\n<p><a href=\"https:\/\/www.youtube.com\/watch?v=rX2iO1-oqeU&amp;feature=youtu.be&amp;fbclid=IwAR0ErTtOB9yQMrqK4c82mtSTsSLKy0Go7oJuK3Qffbdc4Z--iea_vLTnP6U\">Nouse n\u00e4ille murtuneille siiville<\/a><\/p>\n<p><a href=\"https:\/\/areena.yle.fi\/1-4247866?utm_medium=social&amp;utm_campaign=areena-web-share&amp;utm_source=facebook-share&amp;fbclid=IwAR3fluORXyC24yI1Dq0cnWvrtXl3Z9YWZ6etmAAYrxEBjux0H-h0MSfPiAI\">Kuka on\u00a0 hullu?<\/a><\/p>\n<p><a href=\"https:\/\/areena.yle.fi\/1-4303903\">Miksi tulin hulluksi?\u00a0<\/a><\/p>\n<p><strong>Ryhmi\u00e4 ja yhteis\u00f6j\u00e4 facebookissa<\/strong><\/p>\n<p>SEN(Spiritual Emergence Network)Finland (suljettu ryhm\u00e4)<\/p>\n<p>JoutSEN &#8211; Spiritual Emergence Network Finland (yhteis\u00f6sivu)<\/p>\n<p>Shades of Awakening (group and community)<\/p>\n<p>A Shamanic View of Mental Illness (group)<\/p>\n<p>Emerging Proud (community)<\/p>\n<p>Spiritual Emergency Peer Support (group)<\/p>\n<p><strong>Kirjoja<\/strong><\/p>\n<p><u><span style=\"color: #000000;font-family: Calibri\">Suomalainen- ja k\u00e4\u00e4nn\u00f6skirjallisuus<\/span><\/u><\/p>\n<p>Bergstr\u00f6m Tomi: Mielet\u00f6n h\u00e4iri\u00f6<\/p>\n<p>Campbell, Joseph: Sankarin tuhannet kasvot (The Hero with a Thousand Faces)<\/p>\n<p>Carrol, Lee &amp; Tober, Jan: Indigolapset \u2013 Uudet lapset ovat t\u00e4\u00e4ll\u00e4 (The Indigo Children)<\/p>\n<p>Dunderfelt, Tony: Valoisaksi \u2013 Henkisen psykologian opas<\/p>\n<p>Foster, Jeff: Ihmeellinen poissaolo (An Extraordinary Absence)<\/p>\n<p>Hietala Outi, Kopakkala Aku: Viisi vuodenaikaa: Psykoosista kuntoutumisen kokemuksia ja mahdollisuuksia<\/p>\n<p>Hietanen Heli: Hullua hurskaammaksi &#8211; Merkint\u00f6j\u00e4 maanisen matkap\u00e4iv\u00e4kirjasta<\/p>\n<p>Jackson, Laura Lynne: Taivaan valo (The Light Between Us)<\/p>\n<p>Jung, Carl Gustav: Unia, ajatuksia, muistikuvia (Memories, Dreams, Reflections)<\/p>\n<p>Jung, C. G.: Symbolit, piilotajunnan kieli (Man and His Symbols)<\/p>\n<p>Kopakkala, Aku: Masennus &#8211; suuri serotoniinihuijaus<\/p>\n<p>Mc Kenna, Jed: Henkinen valaistuminen \u2013 hitonmoinen juttu (my\u00f6s jatko-osat)<\/p>\n<p>Pettersson, Jari: Shamaaneja, sankareita ja arkkityyppej\u00e4 &#8211; Myyteist\u00e4 C.G Jungiin ja poikkeaviin tajunnantiloihin<\/p>\n<p>Pitk\u00e4nen, Juha: Vapaus valita \u2013 Havahtumisen prosessista<\/p>\n<p>Seikkula Jaakko: Dialogi parantaa mutta miksi<\/p>\n<p>Sri Nisargadatta Maharaj: Valvetilasi on unta<\/p>\n<p>Suutari, Sanna: Mahtava Matka<\/p>\n<p>Taylor, Jill Bolte: El\u00e4m\u00e4ni oivallus \u2013 kuinka toivuin aivohalvauksesta (My Stroke of Insight)<\/p>\n<p>Watts, Alan: Ep\u00e4varmuuden viisaus (The Wisdom of Insecurity)<\/p>\n<p>Watts, Alan: The Book<\/p>\n<p>Wilber, Ken: Kaiken lyhyt historia (The Short History of Everything)<\/p>\n<p>Virtanen Harri: Trauma ja rakkaus<\/p>\n<p>Yogananda, Paramahansa: Joogin omael\u00e4m\u00e4kerta (An Autobiography of a Yogi)<\/p>\n<p><u>Englanniksi\/ In English<\/u><\/p>\n<p>Collins, Mick: The Unselfish Spirit<\/p>\n<p>Grof, Stanislav: Spiritual Emergency: When Personal Transformation Becomes a Crisis<\/p>\n<p>Grof, Stanislav: The Stormy Search for the Self: A Guide to Personal Growth through Transformational Crisis<\/p>\n<p>Grof, Stanislav: The Adventure of Self-Discovery<\/p>\n<p>Hardy, Jean: A Psychology with a Soul<\/p>\n<p>Mottram, Katie: Mend the Gap<\/p>\n<p>Jung, C.G.: The Undiscovered Self<\/p>\n<p>Krishnamurti, Jiddu: Commentaries on Living<\/p>\n<p>Mc Kenna, Jed: Spiritual Enlightening \u2013 The Damnest Thing<\/p>\n<p>Whitaker, Robert: Anatomy of an Epidemic<\/p>\n<p>Williams, Paris: Rethinking Madness<\/p>\n<p>Stanislav Grof: Spiritual Emergency: When Personal Transformation Becomes a Crisis<\/p>\n<p><span style=\"float: none;background-color: transparent;color: #333333;cursor: text;font-family: -apple-system,BlinkMacSystemFont,'Segoe UI',Roboto,Oxygen-Sans,Ubuntu,Cantarell,'Helvetica Neue',sans-serif;font-size: 16px;font-style: normal;font-variant: normal;font-weight: 400;letter-spacing: normal;text-align: left;text-decoration: none;text-indent: 0px\">Stanislav Grof: The Stormy Search for the Self: A Guide to Personal Growth through Transformational Crisis<\/span><\/p>\n<p><strong>Artikkeleita:<\/strong><\/p>\n<p><a href=\"https:\/\/www.spiritualemergencenetwork.org\/finland\/wp-content\/uploads\/sites\/15\/2023\/04\/Spiritual-Emergency-Christina-and-Stanislav-Grof.pdf\">Spiritual Emergency Christina and Stanislav Grof<\/a><\/p>\n<p><a href=\"https:\/\/shop.bps.org.uk\/understanding-psychosis-and-schizophrenia.html?fbclid=IwAR0llQw0_ZqwPZz2Elq_a2sR840khZ-62i0l3wt8Je-2no0Mfdx1v7HIUA0\">https:\/\/shop.bps.org.uk\/understanding-psychosis-and-schizophrenia.html?fbclid=IwAR0llQw0_ZqwPZz2Elq_a2sR840khZ-62i0l3wt8Je-2no0Mfdx1v7HIUA0<\/a><\/p>\n<p><a href=\"https:\/\/www.psychologytoday.com\/us\/therapy-types\/transpersonal-therapy\">https:\/\/www.psychologytoday.com\/us\/therapy-types\/transpersonal-therapy<\/a><\/p>\n<p><a href=\"https:\/\/www.madinamerica.com\/2020\/02\/spiritual-emergency-crisis-transformation\/\">https:\/\/www.madinamerica.com\/2020\/02\/spiritual-emergency-crisis-transformation\/<\/a><\/p>\n","protected":false},"excerpt":{"rendered":"<p>Eri toimijoiden sivustoja netiss\u00e4: Suomeksi Kukunori ry Mielenterveyden Keskusliitto Mielioikeudet.net Rajatiedon auttava puhelin Suomen Mielenterveysseura Suomen Moni\u00e4\u00e4niset ry Suomen trauma- ja dissosiaatioyhdistys Disso ry. Tarpeenmukainen hoito ry \u2013 Mad in Finland Tukinet Kansainv\u00e4lisi\u00e4 sivustoja, englanniksi\/In English: International Spiritual Emergence Network ACISTE &#8211; American Center for the Integration of the Spiritually Transformative Experiences Competency guidelines for [&hellip;]<\/p>\n","protected":false},"author":22,"featured_media":361,"parent":0,"menu_order":0,"comment_status":"closed","ping_status":"closed","template":"","meta":{"_monsterinsights_skip_tracking":false,"_monsterinsights_sitenote_active":false,"_monsterinsights_sitenote_note":"","_monsterinsights_sitenote_category":0,"_uf_show_specific_survey":0,"_uf_disable_surveys":false,"_genesis_hide_title":false,"_genesis_hide_breadcrumbs":false,"_genesis_hide_singular_image":false,"_genesis_hide_footer_widgets":false,"_genesis_custom_body_class":"","_genesis_custom_post_class":"","_genesis_layout":"","jetpack_post_was_ever_published":false,"footnotes":""},"class_list":{"0":"post-317","1":"page","2":"type-page","3":"status-publish","4":"has-post-thumbnail","6":"entry"},"yoast_head":"<!-- This site is optimized with the Yoast SEO plugin v27.3 - https:\/\/yoast.com\/product\/yoast-seo-wordpress\/ -->\n<title>Linkkej\u00e4 - SEN Finland<\/title>\n<meta name=\"robots\" content=\"index, follow, max-snippet:-1, max-image-preview:large, max-video-preview:-1\" \/>\n<link rel=\"canonical\" href=\"https:\/\/www.spiritualemergencenetwork.org\/finland\/linkkeja\/\" \/>\n<meta property=\"og:locale\" content=\"en_GB\" \/>\n<meta property=\"og:type\" content=\"article\" \/>\n<meta property=\"og:title\" content=\"Linkkej\u00e4 - SEN Finland\" \/>\n<meta property=\"og:description\" content=\"Eri toimijoiden sivustoja netiss\u00e4: Suomeksi Kukunori ry Mielenterveyden Keskusliitto Mielioikeudet.net Rajatiedon auttava puhelin Suomen Mielenterveysseura Suomen Moni\u00e4\u00e4niset ry Suomen trauma- ja dissosiaatioyhdistys Disso ry. Tarpeenmukainen hoito ry \u2013 Mad in Finland Tukinet Kansainv\u00e4lisi\u00e4 sivustoja, englanniksi\/In English: International Spiritual Emergence Network ACISTE &#8211; American Center for the Integration of the Spiritually Transformative Experiences Competency guidelines for [&hellip;]\" \/>\n<meta property=\"og:url\" content=\"https:\/\/www.spiritualemergencenetwork.org\/finland\/linkkeja\/\" \/>\n<meta property=\"og:site_name\" content=\"SEN Finland\" \/>\n<meta property=\"article:modified_time\" content=\"2024-05-17T19:32:21+00:00\" \/>\n<meta property=\"og:image\" content=\"https:\/\/www.spiritualemergencenetwork.org\/finland\/wp-content\/uploads\/sites\/15\/2018\/02\/fireworks-574739_1920.jpg\" \/>\n\t<meta property=\"og:image:width\" content=\"1920\" \/>\n\t<meta property=\"og:image:height\" content=\"1202\" \/>\n\t<meta property=\"og:image:type\" content=\"image\/jpeg\" \/>\n<meta name=\"twitter:card\" content=\"summary_large_image\" \/>\n<meta name=\"twitter:label1\" content=\"Estimated reading time\" \/>\n\t<meta name=\"twitter:data1\" content=\"3 minutes\" \/>\n<script type=\"application\/ld+json\" class=\"yoast-schema-graph\">{\"@context\":\"https:\\\/\\\/schema.org\",\"@graph\":[{\"@type\":\"WebPage\",\"@id\":\"https:\\\/\\\/www.spiritualemergencenetwork.org\\\/finland\\\/linkkeja\\\/\",\"url\":\"https:\\\/\\\/www.spiritualemergencenetwork.org\\\/finland\\\/linkkeja\\\/\",\"name\":\"Linkkej\u00e4 - SEN Finland\",\"isPartOf\":{\"@id\":\"https:\\\/\\\/www.spiritualemergencenetwork.org\\\/finland\\\/#website\"},\"primaryImageOfPage\":{\"@id\":\"https:\\\/\\\/www.spiritualemergencenetwork.org\\\/finland\\\/linkkeja\\\/#primaryimage\"},\"image\":{\"@id\":\"https:\\\/\\\/www.spiritualemergencenetwork.org\\\/finland\\\/linkkeja\\\/#primaryimage\"},\"thumbnailUrl\":\"https:\\\/\\\/i0.wp.com\\\/www.spiritualemergencenetwork.org\\\/finland\\\/wp-content\\\/uploads\\\/sites\\\/15\\\/2018\\\/02\\\/fireworks-574739_1920.jpg?fit=1920%2C1202&ssl=1\",\"datePublished\":\"2018-02-15T10:02:10+00:00\",\"dateModified\":\"2024-05-17T19:32:21+00:00\",\"breadcrumb\":{\"@id\":\"https:\\\/\\\/www.spiritualemergencenetwork.org\\\/finland\\\/linkkeja\\\/#breadcrumb\"},\"inLanguage\":\"en-GB\",\"potentialAction\":[{\"@type\":\"ReadAction\",\"target\":[\"https:\\\/\\\/www.spiritualemergencenetwork.org\\\/finland\\\/linkkeja\\\/\"]}]},{\"@type\":\"ImageObject\",\"inLanguage\":\"en-GB\",\"@id\":\"https:\\\/\\\/www.spiritualemergencenetwork.org\\\/finland\\\/linkkeja\\\/#primaryimage\",\"url\":\"https:\\\/\\\/i0.wp.com\\\/www.spiritualemergencenetwork.org\\\/finland\\\/wp-content\\\/uploads\\\/sites\\\/15\\\/2018\\\/02\\\/fireworks-574739_1920.jpg?fit=1920%2C1202&ssl=1\",\"contentUrl\":\"https:\\\/\\\/i0.wp.com\\\/www.spiritualemergencenetwork.org\\\/finland\\\/wp-content\\\/uploads\\\/sites\\\/15\\\/2018\\\/02\\\/fireworks-574739_1920.jpg?fit=1920%2C1202&ssl=1\",\"width\":1920,\"height\":1202},{\"@type\":\"BreadcrumbList\",\"@id\":\"https:\\\/\\\/www.spiritualemergencenetwork.org\\\/finland\\\/linkkeja\\\/#breadcrumb\",\"itemListElement\":[{\"@type\":\"ListItem\",\"position\":1,\"name\":\"Home\",\"item\":\"https:\\\/\\\/www.spiritualemergencenetwork.org\\\/finland\\\/\"},{\"@type\":\"ListItem\",\"position\":2,\"name\":\"Linkkej\u00e4\"}]},{\"@type\":\"WebSite\",\"@id\":\"https:\\\/\\\/www.spiritualemergencenetwork.org\\\/finland\\\/#website\",\"url\":\"https:\\\/\\\/www.spiritualemergencenetwork.org\\\/finland\\\/\",\"name\":\"SEN Finland\",\"description\":\"Spiritual Crisis Network Finland\",\"potentialAction\":[{\"@type\":\"SearchAction\",\"target\":{\"@type\":\"EntryPoint\",\"urlTemplate\":\"https:\\\/\\\/www.spiritualemergencenetwork.org\\\/finland\\\/?s={search_term_string}\"},\"query-input\":{\"@type\":\"PropertyValueSpecification\",\"valueRequired\":true,\"valueName\":\"search_term_string\"}}],\"inLanguage\":\"en-GB\"}]}<\/script>\n<!-- \/ Yoast SEO plugin. -->","yoast_head_json":{"title":"Linkkej\u00e4 - SEN Finland","robots":{"index":"index","follow":"follow","max-snippet":"max-snippet:-1","max-image-preview":"max-image-preview:large","max-video-preview":"max-video-preview:-1"},"canonical":"https:\/\/www.spiritualemergencenetwork.org\/finland\/linkkeja\/","og_locale":"en_GB","og_type":"article","og_title":"Linkkej\u00e4 - SEN Finland","og_description":"Eri toimijoiden sivustoja netiss\u00e4: Suomeksi Kukunori ry Mielenterveyden Keskusliitto Mielioikeudet.net Rajatiedon auttava puhelin Suomen Mielenterveysseura Suomen Moni\u00e4\u00e4niset ry Suomen trauma- ja dissosiaatioyhdistys Disso ry. Tarpeenmukainen hoito ry \u2013 Mad in Finland Tukinet Kansainv\u00e4lisi\u00e4 sivustoja, englanniksi\/In English: International Spiritual Emergence Network ACISTE &#8211; American Center for the Integration of the Spiritually Transformative Experiences Competency guidelines for [&hellip;]","og_url":"https:\/\/www.spiritualemergencenetwork.org\/finland\/linkkeja\/","og_site_name":"SEN Finland","article_modified_time":"2024-05-17T19:32:21+00:00","og_image":[{"width":1920,"height":1202,"url":"https:\/\/www.spiritualemergencenetwork.org\/finland\/wp-content\/uploads\/sites\/15\/2018\/02\/fireworks-574739_1920.jpg","type":"image\/jpeg"}],"twitter_card":"summary_large_image","twitter_misc":{"Estimated reading time":"3 minutes"},"schema":{"@context":"https:\/\/schema.org","@graph":[{"@type":"WebPage","@id":"https:\/\/www.spiritualemergencenetwork.org\/finland\/linkkeja\/","url":"https:\/\/www.spiritualemergencenetwork.org\/finland\/linkkeja\/","name":"Linkkej\u00e4 - SEN Finland","isPartOf":{"@id":"https:\/\/www.spiritualemergencenetwork.org\/finland\/#website"},"primaryImageOfPage":{"@id":"https:\/\/www.spiritualemergencenetwork.org\/finland\/linkkeja\/#primaryimage"},"image":{"@id":"https:\/\/www.spiritualemergencenetwork.org\/finland\/linkkeja\/#primaryimage"},"thumbnailUrl":"https:\/\/i0.wp.com\/www.spiritualemergencenetwork.org\/finland\/wp-content\/uploads\/sites\/15\/2018\/02\/fireworks-574739_1920.jpg?fit=1920%2C1202&ssl=1","datePublished":"2018-02-15T10:02:10+00:00","dateModified":"2024-05-17T19:32:21+00:00","breadcrumb":{"@id":"https:\/\/www.spiritualemergencenetwork.org\/finland\/linkkeja\/#breadcrumb"},"inLanguage":"en-GB","potentialAction":[{"@type":"ReadAction","target":["https:\/\/www.spiritualemergencenetwork.org\/finland\/linkkeja\/"]}]},{"@type":"ImageObject","inLanguage":"en-GB","@id":"https:\/\/www.spiritualemergencenetwork.org\/finland\/linkkeja\/#primaryimage","url":"https:\/\/i0.wp.com\/www.spiritualemergencenetwork.org\/finland\/wp-content\/uploads\/sites\/15\/2018\/02\/fireworks-574739_1920.jpg?fit=1920%2C1202&ssl=1","contentUrl":"https:\/\/i0.wp.com\/www.spiritualemergencenetwork.org\/finland\/wp-content\/uploads\/sites\/15\/2018\/02\/fireworks-574739_1920.jpg?fit=1920%2C1202&ssl=1","width":1920,"height":1202},{"@type":"BreadcrumbList","@id":"https:\/\/www.spiritualemergencenetwork.org\/finland\/linkkeja\/#breadcrumb","itemListElement":[{"@type":"ListItem","position":1,"name":"Home","item":"https:\/\/www.spiritualemergencenetwork.org\/finland\/"},{"@type":"ListItem","position":2,"name":"Linkkej\u00e4"}]},{"@type":"WebSite","@id":"https:\/\/www.spiritualemergencenetwork.org\/finland\/#website","url":"https:\/\/www.spiritualemergencenetwork.org\/finland\/","name":"SEN Finland","description":"Spiritual Crisis Network Finland","potentialAction":[{"@type":"SearchAction","target":{"@type":"EntryPoint","urlTemplate":"https:\/\/www.spiritualemergencenetwork.org\/finland\/?s={search_term_string}"},"query-input":{"@type":"PropertyValueSpecification","valueRequired":true,"valueName":"search_term_string"}}],"inLanguage":"en-GB"}]}},"jetpack_sharing_enabled":true,"jetpack_shortlink":"https:\/\/wp.me\/P9Efcx-57","jetpack-related-posts":[],"_links":{"self":[{"href":"https:\/\/www.spiritualemergencenetwork.org\/finland\/wp-json\/wp\/v2\/pages\/317","targetHints":{"allow":["GET"]}}],"collection":[{"href":"https:\/\/www.spiritualemergencenetwork.org\/finland\/wp-json\/wp\/v2\/pages"}],"about":[{"href":"https:\/\/www.spiritualemergencenetwork.org\/finland\/wp-json\/wp\/v2\/types\/page"}],"author":[{"embeddable":true,"href":"https:\/\/www.spiritualemergencenetwork.org\/finland\/wp-json\/wp\/v2\/users\/22"}],"replies":[{"embeddable":true,"href":"https:\/\/www.spiritualemergencenetwork.org\/finland\/wp-json\/wp\/v2\/comments?post=317"}],"version-history":[{"count":19,"href":"https:\/\/www.spiritualemergencenetwork.org\/finland\/wp-json\/wp\/v2\/pages\/317\/revisions"}],"predecessor-version":[{"id":816,"href":"https:\/\/www.spiritualemergencenetwork.org\/finland\/wp-json\/wp\/v2\/pages\/317\/revisions\/816"}],"wp:featuredmedia":[{"embeddable":true,"href":"https:\/\/www.spiritualemergencenetwork.org\/finland\/wp-json\/wp\/v2\/media\/361"}],"wp:attachment":[{"href":"https:\/\/www.spiritualemergencenetwork.org\/finland\/wp-json\/wp\/v2\/media?parent=317"}],"curies":[{"name":"wp","href":"https:\/\/api.w.org\/{rel}","templated":true}]}}