{"id":339,"date":"2018-02-19T08:32:53","date_gmt":"2018-02-19T08:32:53","guid":{"rendered":"http:\/\/www.spiritualemergencenetwork.org\/finland\/?page_id=339"},"modified":"2020-06-09T18:17:58","modified_gmt":"2020-06-09T15:17:58","slug":"isen-international-spiritual-emergence-network","status":"publish","type":"page","link":"https:\/\/www.spiritualemergencenetwork.org\/finland\/about-us\/isen-international-spiritual-emergence-network\/","title":{"rendered":"ISEN &#8211; International Spiritual Emergence Network"},"content":{"rendered":"<p><a href=\"https:\/\/i0.wp.com\/www.spiritualemergencenetwork.org\/finland\/wp-content\/uploads\/sites\/15\/2018\/02\/globe.jpg\"><img data-recalc-dims=\"1\" loading=\"lazy\" decoding=\"async\" data-attachment-id=\"342\" data-permalink=\"https:\/\/www.spiritualemergencenetwork.org\/finland\/about-us\/isen-international-spiritual-emergence-network\/globe\/\" data-orig-file=\"https:\/\/i0.wp.com\/www.spiritualemergencenetwork.org\/finland\/wp-content\/uploads\/sites\/15\/2018\/02\/globe.jpg?fit=960%2C320&amp;ssl=1\" data-orig-size=\"960,320\" data-comments-opened=\"1\" data-image-meta=\"{&quot;aperture&quot;:&quot;0&quot;,&quot;credit&quot;:&quot;&quot;,&quot;camera&quot;:&quot;&quot;,&quot;caption&quot;:&quot;&quot;,&quot;created_timestamp&quot;:&quot;0&quot;,&quot;copyright&quot;:&quot;&quot;,&quot;focal_length&quot;:&quot;0&quot;,&quot;iso&quot;:&quot;0&quot;,&quot;shutter_speed&quot;:&quot;0&quot;,&quot;title&quot;:&quot;&quot;,&quot;orientation&quot;:&quot;0&quot;}\" data-image-title=\"globe\" data-image-description=\"\" data-image-caption=\"\" data-medium-file=\"https:\/\/i0.wp.com\/www.spiritualemergencenetwork.org\/finland\/wp-content\/uploads\/sites\/15\/2018\/02\/globe.jpg?fit=300%2C100&amp;ssl=1\" data-large-file=\"https:\/\/i0.wp.com\/www.spiritualemergencenetwork.org\/finland\/wp-content\/uploads\/sites\/15\/2018\/02\/globe.jpg?fit=960%2C320&amp;ssl=1\" class=\"alignnone wp-image-342\" src=\"https:\/\/i0.wp.com\/www.spiritualemergencenetwork.org\/finland\/wp-content\/uploads\/sites\/15\/2018\/02\/globe-300x100.jpg?resize=639%2C213\" alt=\"\" width=\"639\" height=\"213\" srcset=\"https:\/\/i0.wp.com\/www.spiritualemergencenetwork.org\/finland\/wp-content\/uploads\/sites\/15\/2018\/02\/globe.jpg?resize=300%2C100&amp;ssl=1 300w, https:\/\/i0.wp.com\/www.spiritualemergencenetwork.org\/finland\/wp-content\/uploads\/sites\/15\/2018\/02\/globe.jpg?resize=768%2C256&amp;ssl=1 768w, https:\/\/i0.wp.com\/www.spiritualemergencenetwork.org\/finland\/wp-content\/uploads\/sites\/15\/2018\/02\/globe.jpg?w=960&amp;ssl=1 960w\" sizes=\"auto, (max-width: 639px) 100vw, 639px\" \/><\/a><\/p>\n<p>ISEN toimii maailmanlaajuisen SEN-verkoston katto-organisaationa, tarjoten meille\u00a0yhteisty\u00f6h\u00f6n ja kokemusten avoimeen jakamiseen\u00a0perustuvan ja jatkuvasti kehittyv\u00e4n toimintaymp\u00e4rist\u00f6n. Verkoston tavoitteena on yhdist\u00e4\u00e4 ymp\u00e4ri maailmaa olevat toimijat, jotka tarjoavat my\u00f6t\u00e4tuntoista ja kokemukseen perustuvaa tukea niille, jotka ymm\u00e4rt\u00e4v\u00e4t kokemustensa olevan ennemminkin henkiseen eheytymisprosessiin liittyv\u00e4\u00a0kriisi kuin patologinen mielenterveydellinen ongelma.<\/p>\n<p>ISEN-verkoston t\u00e4rke\u00e4n\u00e4 tavoitteena on my\u00f6s lis\u00e4t\u00e4 tietoisuutta aiheesta mielenterveysty\u00f6n kent\u00e4ll\u00e4 &#8211; siirt\u00e4\u00e4 painopistett\u00e4 sairauskeskeisest\u00e4 ja medikalistisesta ajatusmallista kohti eheytt\u00e4v\u00e4mp\u00e4\u00e4, voimavarakeskeist\u00e4 mallia, jossa henkisi\u00e4 kokemuksia ei en\u00e4\u00e4 virheellisesti diagnosoitaisi patologisiksi.<\/p>\n<p><a href=\"http:\/\/www.spiritualemergencenetwork.org\/\">T\u00e4st\u00e4<\/a> p\u00e4\u00e4set suoraan ISENin englanninkieliselle sivustolle.<\/p>\n","protected":false},"excerpt":{"rendered":"<p>ISEN toimii maailmanlaajuisen SEN-verkoston katto-organisaationa, tarjoten meille\u00a0yhteisty\u00f6h\u00f6n ja kokemusten avoimeen jakamiseen\u00a0perustuvan ja jatkuvasti kehittyv\u00e4n toimintaymp\u00e4rist\u00f6n. Verkoston tavoitteena on yhdist\u00e4\u00e4 ymp\u00e4ri maailmaa olevat toimijat, jotka tarjoavat my\u00f6t\u00e4tuntoista ja kokemukseen perustuvaa tukea niille, jotka ymm\u00e4rt\u00e4v\u00e4t kokemustensa olevan ennemminkin henkiseen eheytymisprosessiin liittyv\u00e4\u00a0kriisi kuin patologinen mielenterveydellinen ongelma. ISEN-verkoston t\u00e4rke\u00e4n\u00e4 tavoitteena on my\u00f6s lis\u00e4t\u00e4 tietoisuutta aiheesta mielenterveysty\u00f6n kent\u00e4ll\u00e4 &#8211; siirt\u00e4\u00e4 [&hellip;]<\/p>\n","protected":false},"author":22,"featured_media":0,"parent":134,"menu_order":2,"comment_status":"closed","ping_status":"closed","template":"","meta":{"_monsterinsights_skip_tracking":false,"_monsterinsights_sitenote_active":false,"_monsterinsights_sitenote_note":"","_monsterinsights_sitenote_category":0,"_uf_show_specific_survey":0,"_uf_disable_surveys":false,"_genesis_hide_title":false,"_genesis_hide_breadcrumbs":false,"_genesis_hide_singular_image":false,"_genesis_hide_footer_widgets":false,"_genesis_custom_body_class":"","_genesis_custom_post_class":"","_genesis_layout":"","jetpack_post_was_ever_published":false,"footnotes":""},"class_list":{"0":"post-339","1":"page","2":"type-page","3":"status-publish","5":"entry"},"yoast_head":"<!-- This site is optimized with the Yoast SEO plugin v27.3 - https:\/\/yoast.com\/product\/yoast-seo-wordpress\/ -->\n<title>ISEN - International Spiritual Emergence Network - SEN Finland<\/title>\n<meta name=\"robots\" content=\"index, follow, max-snippet:-1, max-image-preview:large, max-video-preview:-1\" \/>\n<link rel=\"canonical\" href=\"https:\/\/www.spiritualemergencenetwork.org\/finland\/about-us\/isen-international-spiritual-emergence-network\/\" \/>\n<meta property=\"og:locale\" content=\"en_GB\" \/>\n<meta property=\"og:type\" content=\"article\" \/>\n<meta property=\"og:title\" content=\"ISEN - International Spiritual Emergence Network - SEN Finland\" \/>\n<meta property=\"og:description\" content=\"ISEN toimii maailmanlaajuisen SEN-verkoston katto-organisaationa, tarjoten meille\u00a0yhteisty\u00f6h\u00f6n ja kokemusten avoimeen jakamiseen\u00a0perustuvan ja jatkuvasti kehittyv\u00e4n toimintaymp\u00e4rist\u00f6n. Verkoston tavoitteena on yhdist\u00e4\u00e4 ymp\u00e4ri maailmaa olevat toimijat, jotka tarjoavat my\u00f6t\u00e4tuntoista ja kokemukseen perustuvaa tukea niille, jotka ymm\u00e4rt\u00e4v\u00e4t kokemustensa olevan ennemminkin henkiseen eheytymisprosessiin liittyv\u00e4\u00a0kriisi kuin patologinen mielenterveydellinen ongelma. ISEN-verkoston t\u00e4rke\u00e4n\u00e4 tavoitteena on my\u00f6s lis\u00e4t\u00e4 tietoisuutta aiheesta mielenterveysty\u00f6n kent\u00e4ll\u00e4 &#8211; siirt\u00e4\u00e4 [&hellip;]\" \/>\n<meta property=\"og:url\" content=\"https:\/\/www.spiritualemergencenetwork.org\/finland\/about-us\/isen-international-spiritual-emergence-network\/\" \/>\n<meta property=\"og:site_name\" content=\"SEN Finland\" \/>\n<meta property=\"article:modified_time\" content=\"2020-06-09T15:17:58+00:00\" \/>\n<meta property=\"og:image\" content=\"http:\/\/www.spiritualemergencenetwork.org\/finland\/wp-content\/uploads\/sites\/15\/2018\/02\/globe-300x100.jpg\" \/>\n<meta name=\"twitter:card\" content=\"summary_large_image\" \/>\n<meta name=\"twitter:label1\" content=\"Estimated reading time\" \/>\n\t<meta name=\"twitter:data1\" content=\"1 minute\" \/>\n<script type=\"application\/ld+json\" class=\"yoast-schema-graph\">{\"@context\":\"https:\\\/\\\/schema.org\",\"@graph\":[{\"@type\":\"WebPage\",\"@id\":\"https:\\\/\\\/www.spiritualemergencenetwork.org\\\/finland\\\/about-us\\\/isen-international-spiritual-emergence-network\\\/\",\"url\":\"https:\\\/\\\/www.spiritualemergencenetwork.org\\\/finland\\\/about-us\\\/isen-international-spiritual-emergence-network\\\/\",\"name\":\"ISEN - International Spiritual Emergence Network - SEN Finland\",\"isPartOf\":{\"@id\":\"https:\\\/\\\/www.spiritualemergencenetwork.org\\\/finland\\\/#website\"},\"primaryImageOfPage\":{\"@id\":\"https:\\\/\\\/www.spiritualemergencenetwork.org\\\/finland\\\/about-us\\\/isen-international-spiritual-emergence-network\\\/#primaryimage\"},\"image\":{\"@id\":\"https:\\\/\\\/www.spiritualemergencenetwork.org\\\/finland\\\/about-us\\\/isen-international-spiritual-emergence-network\\\/#primaryimage\"},\"thumbnailUrl\":\"http:\\\/\\\/www.spiritualemergencenetwork.org\\\/finland\\\/wp-content\\\/uploads\\\/sites\\\/15\\\/2018\\\/02\\\/globe-300x100.jpg\",\"datePublished\":\"2018-02-19T08:32:53+00:00\",\"dateModified\":\"2020-06-09T15:17:58+00:00\",\"breadcrumb\":{\"@id\":\"https:\\\/\\\/www.spiritualemergencenetwork.org\\\/finland\\\/about-us\\\/isen-international-spiritual-emergence-network\\\/#breadcrumb\"},\"inLanguage\":\"en-GB\",\"potentialAction\":[{\"@type\":\"ReadAction\",\"target\":[\"https:\\\/\\\/www.spiritualemergencenetwork.org\\\/finland\\\/about-us\\\/isen-international-spiritual-emergence-network\\\/\"]}]},{\"@type\":\"ImageObject\",\"inLanguage\":\"en-GB\",\"@id\":\"https:\\\/\\\/www.spiritualemergencenetwork.org\\\/finland\\\/about-us\\\/isen-international-spiritual-emergence-network\\\/#primaryimage\",\"url\":\"http:\\\/\\\/www.spiritualemergencenetwork.org\\\/finland\\\/wp-content\\\/uploads\\\/sites\\\/15\\\/2018\\\/02\\\/globe-300x100.jpg\",\"contentUrl\":\"http:\\\/\\\/www.spiritualemergencenetwork.org\\\/finland\\\/wp-content\\\/uploads\\\/sites\\\/15\\\/2018\\\/02\\\/globe-300x100.jpg\"},{\"@type\":\"BreadcrumbList\",\"@id\":\"https:\\\/\\\/www.spiritualemergencenetwork.org\\\/finland\\\/about-us\\\/isen-international-spiritual-emergence-network\\\/#breadcrumb\",\"itemListElement\":[{\"@type\":\"ListItem\",\"position\":1,\"name\":\"Home\",\"item\":\"https:\\\/\\\/www.spiritualemergencenetwork.org\\\/finland\\\/\"},{\"@type\":\"ListItem\",\"position\":2,\"name\":\"Meist\u00e4\",\"item\":\"https:\\\/\\\/www.spiritualemergencenetwork.org\\\/finland\\\/about-us\\\/\"},{\"@type\":\"ListItem\",\"position\":3,\"name\":\"ISEN &#8211; International Spiritual Emergence Network\"}]},{\"@type\":\"WebSite\",\"@id\":\"https:\\\/\\\/www.spiritualemergencenetwork.org\\\/finland\\\/#website\",\"url\":\"https:\\\/\\\/www.spiritualemergencenetwork.org\\\/finland\\\/\",\"name\":\"SEN Finland\",\"description\":\"Spiritual Crisis Network Finland\",\"potentialAction\":[{\"@type\":\"SearchAction\",\"target\":{\"@type\":\"EntryPoint\",\"urlTemplate\":\"https:\\\/\\\/www.spiritualemergencenetwork.org\\\/finland\\\/?s={search_term_string}\"},\"query-input\":{\"@type\":\"PropertyValueSpecification\",\"valueRequired\":true,\"valueName\":\"search_term_string\"}}],\"inLanguage\":\"en-GB\"}]}<\/script>\n<!-- \/ Yoast SEO plugin. -->","yoast_head_json":{"title":"ISEN - International Spiritual Emergence Network - SEN Finland","robots":{"index":"index","follow":"follow","max-snippet":"max-snippet:-1","max-image-preview":"max-image-preview:large","max-video-preview":"max-video-preview:-1"},"canonical":"https:\/\/www.spiritualemergencenetwork.org\/finland\/about-us\/isen-international-spiritual-emergence-network\/","og_locale":"en_GB","og_type":"article","og_title":"ISEN - International Spiritual Emergence Network - SEN Finland","og_description":"ISEN toimii maailmanlaajuisen SEN-verkoston katto-organisaationa, tarjoten meille\u00a0yhteisty\u00f6h\u00f6n ja kokemusten avoimeen jakamiseen\u00a0perustuvan ja jatkuvasti kehittyv\u00e4n toimintaymp\u00e4rist\u00f6n. Verkoston tavoitteena on yhdist\u00e4\u00e4 ymp\u00e4ri maailmaa olevat toimijat, jotka tarjoavat my\u00f6t\u00e4tuntoista ja kokemukseen perustuvaa tukea niille, jotka ymm\u00e4rt\u00e4v\u00e4t kokemustensa olevan ennemminkin henkiseen eheytymisprosessiin liittyv\u00e4\u00a0kriisi kuin patologinen mielenterveydellinen ongelma. ISEN-verkoston t\u00e4rke\u00e4n\u00e4 tavoitteena on my\u00f6s lis\u00e4t\u00e4 tietoisuutta aiheesta mielenterveysty\u00f6n kent\u00e4ll\u00e4 &#8211; siirt\u00e4\u00e4 [&hellip;]","og_url":"https:\/\/www.spiritualemergencenetwork.org\/finland\/about-us\/isen-international-spiritual-emergence-network\/","og_site_name":"SEN Finland","article_modified_time":"2020-06-09T15:17:58+00:00","og_image":[{"url":"http:\/\/www.spiritualemergencenetwork.org\/finland\/wp-content\/uploads\/sites\/15\/2018\/02\/globe-300x100.jpg","type":"","width":"","height":""}],"twitter_card":"summary_large_image","twitter_misc":{"Estimated reading time":"1 minute"},"schema":{"@context":"https:\/\/schema.org","@graph":[{"@type":"WebPage","@id":"https:\/\/www.spiritualemergencenetwork.org\/finland\/about-us\/isen-international-spiritual-emergence-network\/","url":"https:\/\/www.spiritualemergencenetwork.org\/finland\/about-us\/isen-international-spiritual-emergence-network\/","name":"ISEN - International Spiritual Emergence Network - SEN Finland","isPartOf":{"@id":"https:\/\/www.spiritualemergencenetwork.org\/finland\/#website"},"primaryImageOfPage":{"@id":"https:\/\/www.spiritualemergencenetwork.org\/finland\/about-us\/isen-international-spiritual-emergence-network\/#primaryimage"},"image":{"@id":"https:\/\/www.spiritualemergencenetwork.org\/finland\/about-us\/isen-international-spiritual-emergence-network\/#primaryimage"},"thumbnailUrl":"http:\/\/www.spiritualemergencenetwork.org\/finland\/wp-content\/uploads\/sites\/15\/2018\/02\/globe-300x100.jpg","datePublished":"2018-02-19T08:32:53+00:00","dateModified":"2020-06-09T15:17:58+00:00","breadcrumb":{"@id":"https:\/\/www.spiritualemergencenetwork.org\/finland\/about-us\/isen-international-spiritual-emergence-network\/#breadcrumb"},"inLanguage":"en-GB","potentialAction":[{"@type":"ReadAction","target":["https:\/\/www.spiritualemergencenetwork.org\/finland\/about-us\/isen-international-spiritual-emergence-network\/"]}]},{"@type":"ImageObject","inLanguage":"en-GB","@id":"https:\/\/www.spiritualemergencenetwork.org\/finland\/about-us\/isen-international-spiritual-emergence-network\/#primaryimage","url":"http:\/\/www.spiritualemergencenetwork.org\/finland\/wp-content\/uploads\/sites\/15\/2018\/02\/globe-300x100.jpg","contentUrl":"http:\/\/www.spiritualemergencenetwork.org\/finland\/wp-content\/uploads\/sites\/15\/2018\/02\/globe-300x100.jpg"},{"@type":"BreadcrumbList","@id":"https:\/\/www.spiritualemergencenetwork.org\/finland\/about-us\/isen-international-spiritual-emergence-network\/#breadcrumb","itemListElement":[{"@type":"ListItem","position":1,"name":"Home","item":"https:\/\/www.spiritualemergencenetwork.org\/finland\/"},{"@type":"ListItem","position":2,"name":"Meist\u00e4","item":"https:\/\/www.spiritualemergencenetwork.org\/finland\/about-us\/"},{"@type":"ListItem","position":3,"name":"ISEN &#8211; International Spiritual Emergence Network"}]},{"@type":"WebSite","@id":"https:\/\/www.spiritualemergencenetwork.org\/finland\/#website","url":"https:\/\/www.spiritualemergencenetwork.org\/finland\/","name":"SEN Finland","description":"Spiritual Crisis Network Finland","potentialAction":[{"@type":"SearchAction","target":{"@type":"EntryPoint","urlTemplate":"https:\/\/www.spiritualemergencenetwork.org\/finland\/?s={search_term_string}"},"query-input":{"@type":"PropertyValueSpecification","valueRequired":true,"valueName":"search_term_string"}}],"inLanguage":"en-GB"}]}},"jetpack_sharing_enabled":true,"jetpack_shortlink":"https:\/\/wp.me\/P9Efcx-5t","jetpack-related-posts":[],"_links":{"self":[{"href":"https:\/\/www.spiritualemergencenetwork.org\/finland\/wp-json\/wp\/v2\/pages\/339","targetHints":{"allow":["GET"]}}],"collection":[{"href":"https:\/\/www.spiritualemergencenetwork.org\/finland\/wp-json\/wp\/v2\/pages"}],"about":[{"href":"https:\/\/www.spiritualemergencenetwork.org\/finland\/wp-json\/wp\/v2\/types\/page"}],"author":[{"embeddable":true,"href":"https:\/\/www.spiritualemergencenetwork.org\/finland\/wp-json\/wp\/v2\/users\/22"}],"replies":[{"embeddable":true,"href":"https:\/\/www.spiritualemergencenetwork.org\/finland\/wp-json\/wp\/v2\/comments?post=339"}],"version-history":[{"count":7,"href":"https:\/\/www.spiritualemergencenetwork.org\/finland\/wp-json\/wp\/v2\/pages\/339\/revisions"}],"predecessor-version":[{"id":668,"href":"https:\/\/www.spiritualemergencenetwork.org\/finland\/wp-json\/wp\/v2\/pages\/339\/revisions\/668"}],"up":[{"embeddable":true,"href":"https:\/\/www.spiritualemergencenetwork.org\/finland\/wp-json\/wp\/v2\/pages\/134"}],"wp:attachment":[{"href":"https:\/\/www.spiritualemergencenetwork.org\/finland\/wp-json\/wp\/v2\/media?parent=339"}],"curies":[{"name":"wp","href":"https:\/\/api.w.org\/{rel}","templated":true}]}}