{"id":6,"date":"2015-12-27T17:35:19","date_gmt":"2015-12-27T17:35:19","guid":{"rendered":"http:\/\/176.32.230.45\/isen.org.uk\/?page_id=6"},"modified":"2020-03-19T10:59:37","modified_gmt":"2020-03-19T08:59:37","slug":"joutsen-finland-toimii-osana-kansainvalista-isen","status":"publish","type":"page","link":"https:\/\/www.spiritualemergencenetwork.org\/finland\/","title":{"rendered":"Kotisivu"},"content":{"rendered":"<p style=\"text-align: left\">JoutSEN &#8211; Spiritual Emergence Network Finland (SEN Finland) toimii osana kansainv\u00e4list\u00e4 ISEN -verkostoa, jonka tavoitteena on tukea ihmist\u00e4 henkil\u00f6kohtaisen ja henkisen kasvuprosessin tai jonkin el\u00e4m\u00e4ntilanteen yhteydess\u00e4 esiin nousseessa henkisess\u00e4 kriisiss\u00e4 tai ns. &#8220;henkisess\u00e4 h\u00e4t\u00e4tilassa&#8221; (Spiritual Emergency). T\u00e4llainen kriisivaihe n\u00e4hd\u00e4\u00e4n yh\u00e4 valitettavan usein yksinomaan vakavana mielenterveyden h\u00e4iri\u00f6n\u00e4 ja siten diagnosoidaan joskus virheellisesti psykiatriseksi sairaudeksi.<\/p>\n<p>SEN Finlandin tarkoituksena on tarjota vertaistukea henkisten kokemusten integraatioprosessissa sek\u00e4 jakaa asiallista tietoa n\u00e4iden kokemusten normalisoimiseksi. L\u00e4ht\u00f6kohtamme on ajatus henkisest\u00e4 kriisist\u00e4 osana syv\u00e4llist\u00e4 muutosprosessia &#8211; ainutlaatuisena kasvun ja eheytymisen mahdollisuutena.<\/p>\n","protected":false},"excerpt":{"rendered":"<p>JoutSEN &#8211; Spiritual Emergence Network Finland (SEN Finland) toimii osana kansainv\u00e4list\u00e4 ISEN -verkostoa, jonka tavoitteena on tukea ihmist\u00e4 henkil\u00f6kohtaisen ja henkisen kasvuprosessin tai jonkin el\u00e4m\u00e4ntilanteen yhteydess\u00e4 esiin nousseessa henkisess\u00e4 kriisiss\u00e4 tai ns. &#8220;henkisess\u00e4 h\u00e4t\u00e4tilassa&#8221; (Spiritual Emergency). T\u00e4llainen kriisivaihe n\u00e4hd\u00e4\u00e4n yh\u00e4 valitettavan usein yksinomaan vakavana mielenterveyden h\u00e4iri\u00f6n\u00e4 ja siten diagnosoidaan joskus virheellisesti psykiatriseksi sairaudeksi. SEN Finlandin [&hellip;]<\/p>\n","protected":false},"author":2,"featured_media":337,"parent":0,"menu_order":0,"comment_status":"closed","ping_status":"closed","template":"","meta":{"_monsterinsights_skip_tracking":false,"_monsterinsights_sitenote_active":false,"_monsterinsights_sitenote_note":"","_monsterinsights_sitenote_category":0,"_uf_show_specific_survey":0,"_uf_disable_surveys":false,"_genesis_hide_title":false,"_genesis_hide_breadcrumbs":false,"_genesis_hide_singular_image":false,"_genesis_hide_footer_widgets":false,"_genesis_custom_body_class":"","_genesis_custom_post_class":"","_genesis_layout":"","jetpack_post_was_ever_published":false,"footnotes":""},"class_list":{"0":"post-6","1":"page","2":"type-page","3":"status-publish","4":"has-post-thumbnail","6":"entry"},"yoast_head":"<!-- This site is optimized with the Yoast SEO plugin v27.5 - https:\/\/yoast.com\/product\/yoast-seo-wordpress\/ -->\n<title>Kotisivu - SEN Finland<\/title>\n<meta name=\"description\" content=\"JoutSEN - Spiritual Emergence Network\u00a0Finland toimii osana kansainv\u00e4list\u00e4 ISEN -verkostoa, jonka tavoitteena on tukea ihmist\u00e4 henkil\u00f6kohtaisen ja henkisen kasvun yhteydess\u00e4 esiin nousseissa, tai muun el\u00e4m\u00e4ntilanteen aiheuttamissa henkisiss\u00e4 kriiseiss\u00e4 tai ns. &quot;henkisess\u00e4 h\u00e4t\u00e4tilassa&quot; (Spiritual Emergency), jotka diagnosoidaan usein psykiatrisiksi sairauksiksi.\" \/>\n<meta name=\"robots\" content=\"index, follow, max-snippet:-1, max-image-preview:large, max-video-preview:-1\" \/>\n<link rel=\"canonical\" href=\"https:\/\/www.spiritualemergencenetwork.org\/finland\/\" \/>\n<meta property=\"og:locale\" content=\"en_GB\" \/>\n<meta property=\"og:type\" content=\"article\" \/>\n<meta property=\"og:title\" content=\"Kotisivu - SEN Finland\" \/>\n<meta property=\"og:description\" content=\"JoutSEN - Spiritual Emergence Network\u00a0Finland toimii osana kansainv\u00e4list\u00e4 ISEN -verkostoa, jonka tavoitteena on tukea ihmist\u00e4 henkil\u00f6kohtaisen ja henkisen kasvun yhteydess\u00e4 esiin nousseissa, tai muun el\u00e4m\u00e4ntilanteen aiheuttamissa henkisiss\u00e4 kriiseiss\u00e4 tai ns. &quot;henkisess\u00e4 h\u00e4t\u00e4tilassa&quot; (Spiritual Emergency), jotka diagnosoidaan usein psykiatrisiksi sairauksiksi.\" \/>\n<meta property=\"og:url\" content=\"https:\/\/www.spiritualemergencenetwork.org\/finland\/\" \/>\n<meta property=\"og:site_name\" content=\"SEN Finland\" \/>\n<meta property=\"article:modified_time\" content=\"2020-03-19T08:59:37+00:00\" \/>\n<meta property=\"og:image\" content=\"https:\/\/i2.wp.com\/www.spiritualemergencenetwork.org\/finland\/wp-content\/uploads\/sites\/15\/2018\/02\/swan-3161142_1280.jpg?fit=1280%2C852&ssl=1\" \/>\n\t<meta property=\"og:image:width\" content=\"1280\" \/>\n\t<meta property=\"og:image:height\" content=\"852\" \/>\n\t<meta property=\"og:image:type\" content=\"image\/jpeg\" \/>\n<meta name=\"twitter:card\" content=\"summary_large_image\" \/>\n<script type=\"application\/ld+json\" class=\"yoast-schema-graph\">{\"@context\":\"https:\\\/\\\/schema.org\",\"@graph\":[{\"@type\":\"WebPage\",\"@id\":\"https:\\\/\\\/www.spiritualemergencenetwork.org\\\/finland\\\/\",\"url\":\"https:\\\/\\\/www.spiritualemergencenetwork.org\\\/finland\\\/\",\"name\":\"Kotisivu - SEN Finland\",\"isPartOf\":{\"@id\":\"https:\\\/\\\/www.spiritualemergencenetwork.org\\\/finland\\\/#website\"},\"primaryImageOfPage\":{\"@id\":\"https:\\\/\\\/www.spiritualemergencenetwork.org\\\/finland\\\/#primaryimage\"},\"image\":{\"@id\":\"https:\\\/\\\/www.spiritualemergencenetwork.org\\\/finland\\\/#primaryimage\"},\"thumbnailUrl\":\"https:\\\/\\\/i0.wp.com\\\/www.spiritualemergencenetwork.org\\\/finland\\\/wp-content\\\/uploads\\\/sites\\\/15\\\/2018\\\/02\\\/swan-3161142_1280.jpg?fit=1280%2C852&ssl=1\",\"datePublished\":\"2015-12-27T17:35:19+00:00\",\"dateModified\":\"2020-03-19T08:59:37+00:00\",\"description\":\"JoutSEN - Spiritual Emergence Network\u00a0Finland toimii osana kansainv\u00e4list\u00e4 ISEN -verkostoa, jonka tavoitteena on tukea ihmist\u00e4 henkil\u00f6kohtaisen ja henkisen kasvun yhteydess\u00e4 esiin nousseissa, tai muun el\u00e4m\u00e4ntilanteen aiheuttamissa henkisiss\u00e4 kriiseiss\u00e4 tai ns. \\\"henkisess\u00e4 h\u00e4t\u00e4tilassa\\\" (Spiritual Emergency), jotka diagnosoidaan usein psykiatrisiksi sairauksiksi.\",\"breadcrumb\":{\"@id\":\"https:\\\/\\\/www.spiritualemergencenetwork.org\\\/finland\\\/#breadcrumb\"},\"inLanguage\":\"en-GB\",\"potentialAction\":[{\"@type\":\"ReadAction\",\"target\":[\"https:\\\/\\\/www.spiritualemergencenetwork.org\\\/finland\\\/\"]}]},{\"@type\":\"ImageObject\",\"inLanguage\":\"en-GB\",\"@id\":\"https:\\\/\\\/www.spiritualemergencenetwork.org\\\/finland\\\/#primaryimage\",\"url\":\"https:\\\/\\\/i0.wp.com\\\/www.spiritualemergencenetwork.org\\\/finland\\\/wp-content\\\/uploads\\\/sites\\\/15\\\/2018\\\/02\\\/swan-3161142_1280.jpg?fit=1280%2C852&ssl=1\",\"contentUrl\":\"https:\\\/\\\/i0.wp.com\\\/www.spiritualemergencenetwork.org\\\/finland\\\/wp-content\\\/uploads\\\/sites\\\/15\\\/2018\\\/02\\\/swan-3161142_1280.jpg?fit=1280%2C852&ssl=1\",\"width\":1280,\"height\":852},{\"@type\":\"BreadcrumbList\",\"@id\":\"https:\\\/\\\/www.spiritualemergencenetwork.org\\\/finland\\\/#breadcrumb\",\"itemListElement\":[{\"@type\":\"ListItem\",\"position\":1,\"name\":\"Home\",\"item\":\"https:\\\/\\\/www.spiritualemergencenetwork.org\\\/finland\\\/\"},{\"@type\":\"ListItem\",\"position\":2,\"name\":\"Kotisivu\"}]},{\"@type\":\"WebSite\",\"@id\":\"https:\\\/\\\/www.spiritualemergencenetwork.org\\\/finland\\\/#website\",\"url\":\"https:\\\/\\\/www.spiritualemergencenetwork.org\\\/finland\\\/\",\"name\":\"SEN Finland\",\"description\":\"Spiritual Crisis Network Finland\",\"potentialAction\":[{\"@type\":\"SearchAction\",\"target\":{\"@type\":\"EntryPoint\",\"urlTemplate\":\"https:\\\/\\\/www.spiritualemergencenetwork.org\\\/finland\\\/?s={search_term_string}\"},\"query-input\":{\"@type\":\"PropertyValueSpecification\",\"valueRequired\":true,\"valueName\":\"search_term_string\"}}],\"inLanguage\":\"en-GB\"}]}<\/script>\n<!-- \/ Yoast SEO plugin. -->","yoast_head_json":{"title":"Kotisivu - SEN Finland","description":"JoutSEN - Spiritual Emergence Network\u00a0Finland toimii osana kansainv\u00e4list\u00e4 ISEN -verkostoa, jonka tavoitteena on tukea ihmist\u00e4 henkil\u00f6kohtaisen ja henkisen kasvun yhteydess\u00e4 esiin nousseissa, tai muun el\u00e4m\u00e4ntilanteen aiheuttamissa henkisiss\u00e4 kriiseiss\u00e4 tai ns. \"henkisess\u00e4 h\u00e4t\u00e4tilassa\" (Spiritual Emergency), jotka diagnosoidaan usein psykiatrisiksi sairauksiksi.","robots":{"index":"index","follow":"follow","max-snippet":"max-snippet:-1","max-image-preview":"max-image-preview:large","max-video-preview":"max-video-preview:-1"},"canonical":"https:\/\/www.spiritualemergencenetwork.org\/finland\/","og_locale":"en_GB","og_type":"article","og_title":"Kotisivu - SEN Finland","og_description":"JoutSEN - Spiritual Emergence Network\u00a0Finland toimii osana kansainv\u00e4list\u00e4 ISEN -verkostoa, jonka tavoitteena on tukea ihmist\u00e4 henkil\u00f6kohtaisen ja henkisen kasvun yhteydess\u00e4 esiin nousseissa, tai muun el\u00e4m\u00e4ntilanteen aiheuttamissa henkisiss\u00e4 kriiseiss\u00e4 tai ns. \"henkisess\u00e4 h\u00e4t\u00e4tilassa\" (Spiritual Emergency), jotka diagnosoidaan usein psykiatrisiksi sairauksiksi.","og_url":"https:\/\/www.spiritualemergencenetwork.org\/finland\/","og_site_name":"SEN Finland","article_modified_time":"2020-03-19T08:59:37+00:00","og_image":[{"width":1280,"height":852,"url":"https:\/\/i2.wp.com\/www.spiritualemergencenetwork.org\/finland\/wp-content\/uploads\/sites\/15\/2018\/02\/swan-3161142_1280.jpg?fit=1280%2C852&ssl=1","type":"image\/jpeg"}],"twitter_card":"summary_large_image","schema":{"@context":"https:\/\/schema.org","@graph":[{"@type":"WebPage","@id":"https:\/\/www.spiritualemergencenetwork.org\/finland\/","url":"https:\/\/www.spiritualemergencenetwork.org\/finland\/","name":"Kotisivu - SEN Finland","isPartOf":{"@id":"https:\/\/www.spiritualemergencenetwork.org\/finland\/#website"},"primaryImageOfPage":{"@id":"https:\/\/www.spiritualemergencenetwork.org\/finland\/#primaryimage"},"image":{"@id":"https:\/\/www.spiritualemergencenetwork.org\/finland\/#primaryimage"},"thumbnailUrl":"https:\/\/i0.wp.com\/www.spiritualemergencenetwork.org\/finland\/wp-content\/uploads\/sites\/15\/2018\/02\/swan-3161142_1280.jpg?fit=1280%2C852&ssl=1","datePublished":"2015-12-27T17:35:19+00:00","dateModified":"2020-03-19T08:59:37+00:00","description":"JoutSEN - Spiritual Emergence Network\u00a0Finland toimii osana kansainv\u00e4list\u00e4 ISEN -verkostoa, jonka tavoitteena on tukea ihmist\u00e4 henkil\u00f6kohtaisen ja henkisen kasvun yhteydess\u00e4 esiin nousseissa, tai muun el\u00e4m\u00e4ntilanteen aiheuttamissa henkisiss\u00e4 kriiseiss\u00e4 tai ns. \"henkisess\u00e4 h\u00e4t\u00e4tilassa\" (Spiritual Emergency), jotka diagnosoidaan usein psykiatrisiksi sairauksiksi.","breadcrumb":{"@id":"https:\/\/www.spiritualemergencenetwork.org\/finland\/#breadcrumb"},"inLanguage":"en-GB","potentialAction":[{"@type":"ReadAction","target":["https:\/\/www.spiritualemergencenetwork.org\/finland\/"]}]},{"@type":"ImageObject","inLanguage":"en-GB","@id":"https:\/\/www.spiritualemergencenetwork.org\/finland\/#primaryimage","url":"https:\/\/i0.wp.com\/www.spiritualemergencenetwork.org\/finland\/wp-content\/uploads\/sites\/15\/2018\/02\/swan-3161142_1280.jpg?fit=1280%2C852&ssl=1","contentUrl":"https:\/\/i0.wp.com\/www.spiritualemergencenetwork.org\/finland\/wp-content\/uploads\/sites\/15\/2018\/02\/swan-3161142_1280.jpg?fit=1280%2C852&ssl=1","width":1280,"height":852},{"@type":"BreadcrumbList","@id":"https:\/\/www.spiritualemergencenetwork.org\/finland\/#breadcrumb","itemListElement":[{"@type":"ListItem","position":1,"name":"Home","item":"https:\/\/www.spiritualemergencenetwork.org\/finland\/"},{"@type":"ListItem","position":2,"name":"Kotisivu"}]},{"@type":"WebSite","@id":"https:\/\/www.spiritualemergencenetwork.org\/finland\/#website","url":"https:\/\/www.spiritualemergencenetwork.org\/finland\/","name":"SEN Finland","description":"Spiritual Crisis Network Finland","potentialAction":[{"@type":"SearchAction","target":{"@type":"EntryPoint","urlTemplate":"https:\/\/www.spiritualemergencenetwork.org\/finland\/?s={search_term_string}"},"query-input":{"@type":"PropertyValueSpecification","valueRequired":true,"valueName":"search_term_string"}}],"inLanguage":"en-GB"}]}},"jetpack_sharing_enabled":false,"jetpack_shortlink":"https:\/\/wp.me\/P9Efcx-6","jetpack-related-posts":[],"_links":{"self":[{"href":"https:\/\/www.spiritualemergencenetwork.org\/finland\/wp-json\/wp\/v2\/pages\/6","targetHints":{"allow":["GET"]}}],"collection":[{"href":"https:\/\/www.spiritualemergencenetwork.org\/finland\/wp-json\/wp\/v2\/pages"}],"about":[{"href":"https:\/\/www.spiritualemergencenetwork.org\/finland\/wp-json\/wp\/v2\/types\/page"}],"author":[{"embeddable":true,"href":"https:\/\/www.spiritualemergencenetwork.org\/finland\/wp-json\/wp\/v2\/users\/2"}],"replies":[{"embeddable":true,"href":"https:\/\/www.spiritualemergencenetwork.org\/finland\/wp-json\/wp\/v2\/comments?post=6"}],"version-history":[{"count":34,"href":"https:\/\/www.spiritualemergencenetwork.org\/finland\/wp-json\/wp\/v2\/pages\/6\/revisions"}],"predecessor-version":[{"id":590,"href":"https:\/\/www.spiritualemergencenetwork.org\/finland\/wp-json\/wp\/v2\/pages\/6\/revisions\/590"}],"wp:featuredmedia":[{"embeddable":true,"href":"https:\/\/www.spiritualemergencenetwork.org\/finland\/wp-json\/wp\/v2\/media\/337"}],"wp:attachment":[{"href":"https:\/\/www.spiritualemergencenetwork.org\/finland\/wp-json\/wp\/v2\/media?parent=6"}],"curies":[{"name":"wp","href":"https:\/\/api.w.org\/{rel}","templated":true}]}}