{"id":606,"date":"2020-06-04T19:51:42","date_gmt":"2020-06-04T16:51:42","guid":{"rendered":"http:\/\/www.spiritualemergencenetwork.org\/finland\/?page_id=606"},"modified":"2023-04-11T21:48:58","modified_gmt":"2023-04-11T18:48:58","slug":"materiaaleja","status":"publish","type":"page","link":"https:\/\/www.spiritualemergencenetwork.org\/finland\/materiaaleja\/","title":{"rendered":"Materiaaleja"},"content":{"rendered":"<p>Ammattilaisille tarkoitettu ohjeistus, kun he kohtaavat asiakkaan, jolla on ollut henkisesti muuttavia kokemuksia (STE). My\u00f6s ammatillisten palveluiden k\u00e4ytt\u00e4j\u00e4n\u00e4 voit tulostaa pdf-version t\u00e4st\u00e4 ja ottaa sen mukaasi asioidessasi esim. mt-toimistossa tai terapeutin luona.<\/p>\n<p><a href=\"http:\/\/www.spiritualemergencenetwork.org\/finland\/wp-content\/uploads\/sites\/15\/2020\/09\/KULTTUURISEN-KOMPETENSSIN-OHJENUORAT-AMMATTILAISILLE-JOIDEN-ASIAKKAILLA-ON-HAASTEITA-LIITTYEN-HENKISESTI-MUUTTAVIIN-KOKEMUKSIIN.pdf\">KULTTUURISEN-KOMPETENSSIN-OHJENUORAT-AMMATTILAISILLE-JOIDEN-ASIAKKAILLA-ON-HAASTEITA-LIITTYEN-HENKISESTI-MUUTTAVIIN-KOKEMUKSIIN<\/a><\/p>\n<p>T\u00e4st\u00e4 linkist\u00e4 voit katsella CRAZYWISE -elokuvan trailerin: <a href=\"https:\/\/www.youtube.com\/watch?v=UVPe_ED9nRg\">https:\/\/www.youtube.com\/watch?v=UVPe_ED9nRg<\/a><\/p>\n<p>T\u00e4\u00e4lt\u00e4 voit lukea elokuvasta ja sen taustoista hieman lis\u00e4\u00e4: <a href=\"http:\/\/www.spiritualemergencenetwork.org\/finland\/wp-content\/uploads\/sites\/15\/2020\/08\/Crazywisesta.docx\">Crazywisesta<\/a><\/p>\n<p>Lataa itsellesi tai jaettavaksi tulostettava ja taiteltava kriisiopas t\u00e4st\u00e4: <a href=\"http:\/\/www.spiritualemergencenetwork.org\/finland\/wp-content\/uploads\/sites\/15\/2020\/03\/Kolmeosainen-kriisiopas-taustakuvalla.pdf\">Kolmeosainen kriisiopas taustakuvalla<\/a><\/p>\n<p>(vinkki: tulosta pdf kaksipuoleiseksi ja taita liepeet sis\u00e4\u00e4np\u00e4in niin, ett\u00e4 kansikuvaksi j\u00e4\u00e4 ISEN logollinen &#8220;kriisiopas&#8221; -aloitussivu &#8211; n\u00e4in saat oppaasta k\u00e4tev\u00e4sti mukana kulkevan paketin, joka sopii my\u00f6s jaettavaksi esimerkiksi paikalliseen terveyskeskukseen tai mielenterveystoimistoon)<\/p>\n<p><a href=\"https:\/\/www.spiritualemergencenetwork.org\/finland\/wp-content\/uploads\/sites\/15\/2023\/04\/Spiritual-Emergency-Christina-and-Stanislav-Grof.pdf\">Spiritual Emergency Christina and Stanislav Grof<\/a><\/p>\n<p>Alta l\u00f6ytyv\u00e4st\u00e4 linkist\u00e4 voit lukea ACISTE:n tutkimustietoa henkisen kriisin j\u00e4lkeisist\u00e4 haasteista, kun uudet kokemukset pyrit\u00e4\u00e4n integroimaan osaksi uutta min\u00e4kuvaa. Tekstist\u00e4 voit l\u00f6yt\u00e4\u00e4 apua omien kokemustesi j\u00e4sentelyyn sek\u00e4 siihen, miten kerrot niist\u00e4 l\u00e4heisillesi\/mahd. hoitotahoillesi:<\/p>\n<p><a href=\"http:\/\/www.spiritualemergencenetwork.org\/finland\/wp-content\/uploads\/sites\/15\/2020\/06\/Henkisesti-muuttavien-kokemusten-STE-haasteet-ja-integrointi.pdf\">Yleisimm\u00e4t haasteet henkisen kriisin j\u00e4lkeen<\/a><\/p>\n<p>T\u00e4st\u00e4 linkist\u00e4 l\u00f6yd\u00e4t (englanniksi) listan ja m\u00e4\u00e4ritelmi\u00e4 muutamista mahdollisista kokemustyypeist\u00e4, joita olet saattanut kohdata henkisen kriisisi yhteydess\u00e4:<\/p>\n<p><a href=\"http:\/\/www.spiritualemergencenetwork.org\/finland\/wp-content\/uploads\/sites\/15\/2020\/06\/Helpful-definitions.pdf\">Helpful definitions<\/a><\/p>\n<p>Lapinlahden L\u00e4hteell\u00e4 toukokuussa 2018 j\u00e4rjestetyn &#8220;Mielek\u00e4s Hulluus&#8221; -seminaarin aloituspuheenvuoron (Liisa Ekosaari) diaesitys l\u00f6ytyy t\u00e4\u00e4lt\u00e4:<\/p>\n<p><a href=\"http:\/\/www.spiritualemergencenetwork.org\/finland\/wp-content\/uploads\/sites\/15\/2020\/06\/Mielek\u00e4s-hulluus-seminaarin-aloituspuheenvuoron-diat.pdf\">Mielek\u00e4s-hulluus-seminaarin-aloituspuheenvuoron-diat<\/a><\/p>\n<p>Katso alla olevan linkin kautta #EmergingProud -kampanjaelokuva henkisen h\u00e4t\u00e4tilan kokijoiden kertomuksista (vinkki: voit valikoida videoruudun alareunan asetuksista tekstityksen suomeksi):<\/p>\n<p><a href=\"https:\/\/emergingproud.com\/watch-the-film-2\/\">Watch the film<\/a><\/p>\n<p>Alta l\u00f6ytyy ladattava esittely- ja tervetulovihkonen, jos olet kiinnostunut keskustelu- ja vertaistukiryhm\u00e4\u00e4n osallistumisesta:<\/p>\n<p><a href=\"http:\/\/www.spiritualemergencenetwork.org\/finland\/wp-content\/uploads\/sites\/15\/2020\/06\/TERVETULOA-ryhm\u00e4\u00e4n-Welcoming-booklett.pdf\">TERVETULOA ryhm\u00e4\u00e4n &#8211; Welcoming booklett<\/a><\/p>\n","protected":false},"excerpt":{"rendered":"<p>Ammattilaisille tarkoitettu ohjeistus, kun he kohtaavat asiakkaan, jolla on ollut henkisesti muuttavia kokemuksia (STE). My\u00f6s ammatillisten palveluiden k\u00e4ytt\u00e4j\u00e4n\u00e4 voit tulostaa pdf-version t\u00e4st\u00e4 ja ottaa sen mukaasi asioidessasi esim. mt-toimistossa tai terapeutin luona. KULTTUURISEN-KOMPETENSSIN-OHJENUORAT-AMMATTILAISILLE-JOIDEN-ASIAKKAILLA-ON-HAASTEITA-LIITTYEN-HENKISESTI-MUUTTAVIIN-KOKEMUKSIIN T\u00e4st\u00e4 linkist\u00e4 voit katsella CRAZYWISE -elokuvan trailerin: https:\/\/www.youtube.com\/watch?v=UVPe_ED9nRg T\u00e4\u00e4lt\u00e4 voit lukea elokuvasta ja sen taustoista hieman lis\u00e4\u00e4: Crazywisesta Lataa itsellesi tai jaettavaksi [&hellip;]<\/p>\n","protected":false},"author":22,"featured_media":0,"parent":0,"menu_order":0,"comment_status":"closed","ping_status":"closed","template":"","meta":{"_monsterinsights_skip_tracking":false,"_monsterinsights_sitenote_active":false,"_monsterinsights_sitenote_note":"","_monsterinsights_sitenote_category":0,"_uf_show_specific_survey":0,"_uf_disable_surveys":false,"_genesis_hide_title":false,"_genesis_hide_breadcrumbs":false,"_genesis_hide_singular_image":false,"_genesis_hide_footer_widgets":false,"_genesis_custom_body_class":"","_genesis_custom_post_class":"","_genesis_layout":"","jetpack_post_was_ever_published":false,"footnotes":""},"class_list":{"0":"post-606","1":"page","2":"type-page","3":"status-publish","5":"entry"},"yoast_head":"<!-- This site is optimized with the Yoast SEO plugin v27.3 - https:\/\/yoast.com\/product\/yoast-seo-wordpress\/ -->\n<title>Materiaaleja - SEN Finland<\/title>\n<meta name=\"robots\" content=\"index, follow, max-snippet:-1, max-image-preview:large, max-video-preview:-1\" \/>\n<link rel=\"canonical\" href=\"https:\/\/www.spiritualemergencenetwork.org\/finland\/materiaaleja\/\" \/>\n<meta property=\"og:locale\" content=\"en_GB\" \/>\n<meta property=\"og:type\" content=\"article\" \/>\n<meta property=\"og:title\" content=\"Materiaaleja - SEN Finland\" \/>\n<meta property=\"og:description\" content=\"Ammattilaisille tarkoitettu ohjeistus, kun he kohtaavat asiakkaan, jolla on ollut henkisesti muuttavia kokemuksia (STE). My\u00f6s ammatillisten palveluiden k\u00e4ytt\u00e4j\u00e4n\u00e4 voit tulostaa pdf-version t\u00e4st\u00e4 ja ottaa sen mukaasi asioidessasi esim. mt-toimistossa tai terapeutin luona. KULTTUURISEN-KOMPETENSSIN-OHJENUORAT-AMMATTILAISILLE-JOIDEN-ASIAKKAILLA-ON-HAASTEITA-LIITTYEN-HENKISESTI-MUUTTAVIIN-KOKEMUKSIIN T\u00e4st\u00e4 linkist\u00e4 voit katsella CRAZYWISE -elokuvan trailerin: https:\/\/www.youtube.com\/watch?v=UVPe_ED9nRg T\u00e4\u00e4lt\u00e4 voit lukea elokuvasta ja sen taustoista hieman lis\u00e4\u00e4: Crazywisesta Lataa itsellesi tai jaettavaksi [&hellip;]\" \/>\n<meta property=\"og:url\" content=\"https:\/\/www.spiritualemergencenetwork.org\/finland\/materiaaleja\/\" \/>\n<meta property=\"og:site_name\" content=\"SEN Finland\" \/>\n<meta property=\"article:modified_time\" content=\"2023-04-11T18:48:58+00:00\" \/>\n<meta name=\"twitter:card\" content=\"summary_large_image\" \/>\n<meta name=\"twitter:label1\" content=\"Estimated reading time\" \/>\n\t<meta name=\"twitter:data1\" content=\"1 minute\" \/>\n<script type=\"application\/ld+json\" class=\"yoast-schema-graph\">{\"@context\":\"https:\\\/\\\/schema.org\",\"@graph\":[{\"@type\":\"WebPage\",\"@id\":\"https:\\\/\\\/www.spiritualemergencenetwork.org\\\/finland\\\/materiaaleja\\\/\",\"url\":\"https:\\\/\\\/www.spiritualemergencenetwork.org\\\/finland\\\/materiaaleja\\\/\",\"name\":\"Materiaaleja - SEN Finland\",\"isPartOf\":{\"@id\":\"https:\\\/\\\/www.spiritualemergencenetwork.org\\\/finland\\\/#website\"},\"datePublished\":\"2020-06-04T16:51:42+00:00\",\"dateModified\":\"2023-04-11T18:48:58+00:00\",\"breadcrumb\":{\"@id\":\"https:\\\/\\\/www.spiritualemergencenetwork.org\\\/finland\\\/materiaaleja\\\/#breadcrumb\"},\"inLanguage\":\"en-GB\",\"potentialAction\":[{\"@type\":\"ReadAction\",\"target\":[\"https:\\\/\\\/www.spiritualemergencenetwork.org\\\/finland\\\/materiaaleja\\\/\"]}]},{\"@type\":\"BreadcrumbList\",\"@id\":\"https:\\\/\\\/www.spiritualemergencenetwork.org\\\/finland\\\/materiaaleja\\\/#breadcrumb\",\"itemListElement\":[{\"@type\":\"ListItem\",\"position\":1,\"name\":\"Home\",\"item\":\"https:\\\/\\\/www.spiritualemergencenetwork.org\\\/finland\\\/\"},{\"@type\":\"ListItem\",\"position\":2,\"name\":\"Materiaaleja\"}]},{\"@type\":\"WebSite\",\"@id\":\"https:\\\/\\\/www.spiritualemergencenetwork.org\\\/finland\\\/#website\",\"url\":\"https:\\\/\\\/www.spiritualemergencenetwork.org\\\/finland\\\/\",\"name\":\"SEN Finland\",\"description\":\"Spiritual Crisis Network Finland\",\"potentialAction\":[{\"@type\":\"SearchAction\",\"target\":{\"@type\":\"EntryPoint\",\"urlTemplate\":\"https:\\\/\\\/www.spiritualemergencenetwork.org\\\/finland\\\/?s={search_term_string}\"},\"query-input\":{\"@type\":\"PropertyValueSpecification\",\"valueRequired\":true,\"valueName\":\"search_term_string\"}}],\"inLanguage\":\"en-GB\"}]}<\/script>\n<!-- \/ Yoast SEO plugin. -->","yoast_head_json":{"title":"Materiaaleja - SEN Finland","robots":{"index":"index","follow":"follow","max-snippet":"max-snippet:-1","max-image-preview":"max-image-preview:large","max-video-preview":"max-video-preview:-1"},"canonical":"https:\/\/www.spiritualemergencenetwork.org\/finland\/materiaaleja\/","og_locale":"en_GB","og_type":"article","og_title":"Materiaaleja - SEN Finland","og_description":"Ammattilaisille tarkoitettu ohjeistus, kun he kohtaavat asiakkaan, jolla on ollut henkisesti muuttavia kokemuksia (STE). My\u00f6s ammatillisten palveluiden k\u00e4ytt\u00e4j\u00e4n\u00e4 voit tulostaa pdf-version t\u00e4st\u00e4 ja ottaa sen mukaasi asioidessasi esim. mt-toimistossa tai terapeutin luona. KULTTUURISEN-KOMPETENSSIN-OHJENUORAT-AMMATTILAISILLE-JOIDEN-ASIAKKAILLA-ON-HAASTEITA-LIITTYEN-HENKISESTI-MUUTTAVIIN-KOKEMUKSIIN T\u00e4st\u00e4 linkist\u00e4 voit katsella CRAZYWISE -elokuvan trailerin: https:\/\/www.youtube.com\/watch?v=UVPe_ED9nRg T\u00e4\u00e4lt\u00e4 voit lukea elokuvasta ja sen taustoista hieman lis\u00e4\u00e4: Crazywisesta Lataa itsellesi tai jaettavaksi [&hellip;]","og_url":"https:\/\/www.spiritualemergencenetwork.org\/finland\/materiaaleja\/","og_site_name":"SEN Finland","article_modified_time":"2023-04-11T18:48:58+00:00","twitter_card":"summary_large_image","twitter_misc":{"Estimated reading time":"1 minute"},"schema":{"@context":"https:\/\/schema.org","@graph":[{"@type":"WebPage","@id":"https:\/\/www.spiritualemergencenetwork.org\/finland\/materiaaleja\/","url":"https:\/\/www.spiritualemergencenetwork.org\/finland\/materiaaleja\/","name":"Materiaaleja - SEN Finland","isPartOf":{"@id":"https:\/\/www.spiritualemergencenetwork.org\/finland\/#website"},"datePublished":"2020-06-04T16:51:42+00:00","dateModified":"2023-04-11T18:48:58+00:00","breadcrumb":{"@id":"https:\/\/www.spiritualemergencenetwork.org\/finland\/materiaaleja\/#breadcrumb"},"inLanguage":"en-GB","potentialAction":[{"@type":"ReadAction","target":["https:\/\/www.spiritualemergencenetwork.org\/finland\/materiaaleja\/"]}]},{"@type":"BreadcrumbList","@id":"https:\/\/www.spiritualemergencenetwork.org\/finland\/materiaaleja\/#breadcrumb","itemListElement":[{"@type":"ListItem","position":1,"name":"Home","item":"https:\/\/www.spiritualemergencenetwork.org\/finland\/"},{"@type":"ListItem","position":2,"name":"Materiaaleja"}]},{"@type":"WebSite","@id":"https:\/\/www.spiritualemergencenetwork.org\/finland\/#website","url":"https:\/\/www.spiritualemergencenetwork.org\/finland\/","name":"SEN Finland","description":"Spiritual Crisis Network Finland","potentialAction":[{"@type":"SearchAction","target":{"@type":"EntryPoint","urlTemplate":"https:\/\/www.spiritualemergencenetwork.org\/finland\/?s={search_term_string}"},"query-input":{"@type":"PropertyValueSpecification","valueRequired":true,"valueName":"search_term_string"}}],"inLanguage":"en-GB"}]}},"jetpack_sharing_enabled":true,"jetpack_shortlink":"https:\/\/wp.me\/P9Efcx-9M","jetpack-related-posts":[],"_links":{"self":[{"href":"https:\/\/www.spiritualemergencenetwork.org\/finland\/wp-json\/wp\/v2\/pages\/606","targetHints":{"allow":["GET"]}}],"collection":[{"href":"https:\/\/www.spiritualemergencenetwork.org\/finland\/wp-json\/wp\/v2\/pages"}],"about":[{"href":"https:\/\/www.spiritualemergencenetwork.org\/finland\/wp-json\/wp\/v2\/types\/page"}],"author":[{"embeddable":true,"href":"https:\/\/www.spiritualemergencenetwork.org\/finland\/wp-json\/wp\/v2\/users\/22"}],"replies":[{"embeddable":true,"href":"https:\/\/www.spiritualemergencenetwork.org\/finland\/wp-json\/wp\/v2\/comments?post=606"}],"version-history":[{"count":17,"href":"https:\/\/www.spiritualemergencenetwork.org\/finland\/wp-json\/wp\/v2\/pages\/606\/revisions"}],"predecessor-version":[{"id":784,"href":"https:\/\/www.spiritualemergencenetwork.org\/finland\/wp-json\/wp\/v2\/pages\/606\/revisions\/784"}],"wp:attachment":[{"href":"https:\/\/www.spiritualemergencenetwork.org\/finland\/wp-json\/wp\/v2\/media?parent=606"}],"curies":[{"name":"wp","href":"https:\/\/api.w.org\/{rel}","templated":true}]}}