{"id":611,"date":"2020-06-04T19:52:46","date_gmt":"2020-06-04T16:52:46","guid":{"rendered":"http:\/\/www.spiritualemergencenetwork.org\/finland\/?page_id=611"},"modified":"2020-06-04T22:08:13","modified_gmt":"2020-06-04T19:08:13","slug":"kausi-2019-2020","status":"publish","type":"page","link":"https:\/\/www.spiritualemergencenetwork.org\/finland\/joutsen-finland-ry\/kausi-2019-2020\/","title":{"rendered":"Kausi 2019-2020"},"content":{"rendered":"<p><strong>Yhdistyksen vuosikokous pidettiin Helsingiss\u00e4 29.5.2019.<\/strong><\/p>\n<p>&nbsp;<\/p>\n<p><strong>Yhdistyksen hallituksen j\u00e4senet 2019-2020:<\/strong><\/p>\n<p>Liisa Ekosaari (pj.)<\/p>\n<p>Sini Ahlqvist (vpj.)<\/p>\n<p>Marja K\u00e4yhk\u00f6 (siht.)<\/p>\n<p>Virppi Venell (rahastonhoitaja)<\/p>\n<p>Minna Jaskari<\/p>\n<p>Varaj\u00e4senet:<\/p>\n<p>Heidi Tommila<\/p>\n<p>Michel Segerberg<\/p>\n<p>&nbsp;<\/p>\n<p><strong>Toimintasuunnitelma 2019 -&gt; 2020, JoutSEN \u2013 Spiritual Emergence Network Finland ry.<\/strong><\/p>\n<ul>\n<li>Yhdistyksen toiminnasta tiedottaminen nettisivuilla ja sosiaalisessa mediassa <a href=\"http:\/\/www.spiritualemergencenetwork.org\/finland\/\">http:\/\/www.spiritualemergencenetwork.org\/finland\/<\/a>, <a href=\"https:\/\/www.facebook.com\/JoutSENFinland\/\">https:\/\/www.facebook.com\/JoutSENFinland\/<\/a><\/li>\n<li>Vuoden 2019 alussa toteutetun j\u00e4senkyselyn purkaminen ja raportointi<\/li>\n<li>Ohjelmallisia\/teemallisia j\u00e4sentapaamisia ja keskustelu-\/ esitystilaisuuksia aiheesta (Spiritual emergence\/-emergency, kokonaisvaltainen terveydenhoito)<\/li>\n<li>Vertaistuki- ja keskusteluryhmien yll\u00e4pito<\/li>\n<li>Spiritual Emergencya k\u00e4sittelev\u00e4n kirjallisen materiaalin tuottaminen ja k\u00e4\u00e4nn\u00f6sty\u00f6<\/li>\n<li>K\u00e4\u00e4nnetyn kriisioppaan viimeistely (taittoty\u00f6), painatus ja jakelu sopiviin kohteisiin<\/li>\n<li>Yhteisty\u00f6kumppanien etsiminen Suomessa ja yhteydenpito muihin mielenterveytt\u00e4 kokonaisvaltaisesti tarkasteleviin toimijoihin<\/li>\n<li>Jo syntyneiden yhteyksien vahvistaminen (Taho ry, Disso ry, HBW Finland ry)<\/li>\n<li>Kansainv\u00e4linen yhteisty\u00f6 muiden ISEN -yhteis\u00f6jen kanssa<\/li>\n<li>Erilaisten ty\u00f6ryhmien valmistelua, halukkaiden vapaaehtoisten toimijoiden etsimist\u00e4 (mm. k\u00e4\u00e4nn\u00f6s- ja kirjoitusty\u00f6, keskusteluryhm\u00e4t eri puolilla Suomea)<\/li>\n<li>Avoimeen keskusteluun rohkaiseminen ja turvallisen keskusteluilmapiirin yll\u00e4pit\u00e4minen esim. sosiaalisessa mediassa <a href=\"https:\/\/www.facebook.com\/groups\/781306565407147\/\">https:\/\/www.facebook.com\/groups\/781306565407147\/<\/a><\/li>\n<li>Spiritual emergence\/-y -k\u00e4sitteen tuntevien ja suomalaisten terapeuttien ja muiden ammattilaistahojen kartoittaminen ja terapeuttilistan laatiminen<\/li>\n<li>Toiminnan rahoituksen suunnittelua, apurahatahojen kartoittamista<\/li>\n<\/ul>\n<p>&nbsp;<\/p>\n<p><strong>HALLITUKSEN VUOSIKERTOMUS:<\/strong><\/p>\n<p>&nbsp;<\/p>\n<p><strong>JoutSEN \u2013 Spiritual Emergence Network Finland ry <\/strong><\/p>\n<p><strong>Toimintakertomus 2019 \u2013 2020 <\/strong><\/p>\n<p><strong>Yhdistyksen j\u00e4senet<\/strong>:<\/p>\n<p>Yhdistys lis\u00e4si j\u00e4senm\u00e4\u00e4r\u00e4\u00e4ns\u00e4 kuluneella kaudella kuudella uudella j\u00e4senell\u00e4. J\u00e4senten m\u00e4\u00e4r\u00e4 on toimintakertomuksen laatimishetkell\u00e4 (20.04.2020) 25 henkil\u00f6\u00e4. J\u00e4senmaksun maksaneita j\u00e4seni\u00e4 oli toimintakaudella tosin vain 6 kpl.<\/p>\n<p><strong>Yhdistyksen hallitus: <\/strong><\/p>\n<p>Yhdistyksen hallitus toimintakaudella 2019 \u2013 2020 muodostettiin seuraavasti: Liisa Ekosaari, pj. Sini Ahlqvist, vpj. (\u00e4itiyslomalla 31.10.2019 l\u00e4htien) Marja K\u00e4yhk\u00f6, siht. Virppi Venell, taloudenhoitaja Minna jaskari, j\u00e4sen Michel Segerberg, varaj\u00e4sen (vpj 1.11. 2019 alkaen) Heidi Tommila, varaj\u00e4sen<\/p>\n<p><strong>Hallituksen kokoukset ja muut kokoontumiset: <\/strong><\/p>\n<p>Hallitus kokoontui p\u00e4\u00e4t\u00e4nt\u00e4valtaisena toimintakauden 2019 &#8211; 2020 aikana seitsem\u00e4n kertaa. Joulukuun 2019 kokoontumisesta l\u00e4htien hallituksen kokoukset p\u00e4\u00e4tettiin pit\u00e4\u00e4 avoimina ja keskustelunomaisina tilaisuuksina, joihin j\u00e4senist\u00f6 saa halutessaan vapaasti osallistua. Sovittiin, ett\u00e4 kokouksiin on mahdollista osallistua my\u00f6s Skypen, WhatsAppin tms. s\u00e4hk\u00f6isen viestimen v\u00e4lityksell\u00e4. P\u00e4\u00e4t\u00f6sasioissa \u00e4\u00e4nioikeus kuitenkin s\u00e4ilyy vain hallituksen j\u00e4senill\u00e4 ja kokouksen laillisuus sek\u00e4 p\u00e4\u00e4t\u00f6svaltaisuus on yh\u00e4 s\u00e4\u00e4nt\u00f6ihin kirjatun mukainen, vaikka \u201dvirallisesta\u201d, asialistaa seuraavasta kokousp\u00f6yt\u00e4kirjan mallista osin luovuttaisiinkin ja siirrytt\u00e4isiin vapaamuotoisempiin kokousmuistioihin.<\/p>\n<p>Kokoontumiset:<\/p>\n<p>29.05.20 Yhdistyksen vuosikokous, Hki<\/p>\n<p>29.05.20 hallituksen j\u00e4rjest\u00e4ytymiskokous;\u00a0 27.06.20 hallituksen ideointikokous, mindmap-aivoriihi;\u00a0 12.12.20 hallituksen kokous Oodissa, mukana yksi hallituksen ulkopuolinen j\u00e4sen; 15.01.20 hallituksen kokous T\u00f6\u00f6l\u00f6n kirjastossa, mukana nelj\u00e4 hall. ulkop. j\u00e4sent\u00e4; 12.02.20 hallituksen kokous Oodissa; 04.03.20 nettisivujen p\u00e4ivityskokous; 09.03.20 hallituksen kokous.<\/p>\n<p>Kokousten lis\u00e4ksi hallitus k\u00e4vi vilkasta vuoropuhelua ja suunnitteli toimintaa Messenger-viestiryhm\u00e4ss\u00e4.<\/p>\n<p><strong>Yhdistyksen toiminta: <\/strong><\/p>\n<ul>\n<li>Keskusteluryhm\u00e4 yhteisty\u00f6ss\u00e4 TaHo ry:n kanssa toteutui joka toinen viikko seitsem\u00e4n kertaa.<\/li>\n<li>Netiss\u00e4 toimiva SEN-keskusteluryhm\u00e4 Facebookissa toimi aktiivisesti, toimintakauden lopussa siin\u00e4 oli yhteens\u00e4 247 j\u00e4sent\u00e4. Vastausta odottavia j\u00e4senpyynt\u00f6j\u00e4 tuli t\u00e4m\u00e4n lis\u00e4ksi 25 kpl.<\/li>\n<li>K\u00e4\u00e4nn\u00f6sty\u00f6t\u00e4 tehtiin englanninkielisist\u00e4 materiaaleista suomenkielelle (henkisen kriisin j\u00e4lkeiset integraatiohaasteet; ohjeet ammattilaisille henkisen kriisin kohdanneiden kanssa ty\u00f6skennelt\u00e4ess\u00e4)<\/li>\n<li>Tuotettiin ja muokattiin erilaisia materiaaleja &#8211; k\u00e4yntikortti, Crisis Guide, kyselyraportti (ks. liite).<\/li>\n<li>Yll\u00e4pidettiin verkkosivustoa ja vastattiin sivuston kautta saapuneisiin yhteisty\u00f6-, yhteydenotto- ja tukipyynt\u00f6ihin s\u00e4hk\u00f6postitse.<\/li>\n<li>Toimintaa my\u00f6s laitoshoidon aikaisena henkil\u00f6kohtaisena tukihenkil\u00f6n\u00e4.<\/li>\n<\/ul>\n<p>&nbsp;<\/p>\n<p><strong>Yhdistyksen tapahtumat: <\/strong><\/p>\n<p>Suunniteltu \u201dLeffa- ja luentop\u00e4iv\u00e4\u201d, jota oli kaavailtu pidett\u00e4v\u00e4ksi 25.4.2020 yhdistyksen vuosikokouksen yhteyteen peruuntui koronavirusepidemian aiheuttamien rajoitusten vuoksi. Kyseinen tapahtuma p\u00e4\u00e4tettiin pit\u00e4\u00e4 mahdollisuuksien mukaan my\u00f6hemp\u00e4n\u00e4 ajankohtana kes\u00e4n j\u00e4lkeen.<\/p>\n<p>Alkusyksyyn siirrett\u00e4v\u00e4n tapahtuman teemana on patologisoimattomat ja l\u00e4\u00e4kkeett\u00f6m\u00e4t l\u00e4hestymistavat henkiseen kriisiin. Alla suunniteltu ja varmistunut ohjelma tapahtumaan.<\/p>\n<ul>\n<li>Kolme vierailevaa luennoitsijaa Jyv\u00e4skyl\u00e4st\u00e4 ja Turusta kertomassa omasta paikallistoiminnastaan, Internal Family Systems -terapiasuuntauksesta sek\u00e4 Stanislav Grofin edustamasta transpersoonallisesta ihmisk\u00e4sityksest\u00e4 ja holotrooppisesta hengitysty\u00f6skentelyst\u00e4.<\/li>\n<li>CrazyWise-elokuvan esitys ja siihen liittyv\u00e4\u00e4 vapaata keskustelua<\/li>\n<li>Osallistujien omien kokemusten jakamispiiri<\/li>\n<li>Erilaisia pieni\u00e4 harjoitteita: rentoutumista, Qigongia, laulua<\/li>\n<\/ul>\n<p>Vuosikokous p\u00e4\u00e4dyttiin pit\u00e4m\u00e4\u00e4n verkossa Skype-yhteyden kautta toukokuun viimeisell\u00e4 viikolla. Vuosikertomusta laadittaessa tarkkaa p\u00e4iv\u00e4\u00e4 ei ole viel\u00e4 p\u00e4\u00e4tetty.<\/p>\n<p><strong>Yhteisty\u00f6: <\/strong><\/p>\n<p>Teimme yhteisty\u00f6t\u00e4 Holotropic Breathwork Finland ry:n kanssa k\u00e4\u00e4nn\u00f6smateriaalien tuottamisessa ja tulevan toiminnan suunnittelussa.<\/p>\n<p>Ideoitiin yhteisty\u00f6t\u00e4 ja tulevia tapahtumia Jyv\u00e4skyl\u00e4ss\u00e4 tapahtuvan riippumattoman paikallistoiminnan j\u00e4rjest\u00e4jien kanssa.<\/p>\n<p>Yhteisty\u00f6 TaHo ry:n ja Mad in Finland -sivuston kanssa jatkuu.<\/p>\n<p>Kansainv\u00e4lisell\u00e4 tasolla jatkoimme yhteydenpitoa ISEN (International Spiritual Emergence Network) -yhteis\u00f6n kanssa. Vuonna 2019 j\u00e4rjestettiin mm. kaksi kv tapaamista Englannissa (kes\u00e4kuussa ja lokakuussa), joissa oli osallistujia Lontoosta, Walesista, Skotlannista, Unkarista, Australiasta ja yhdistyksemme edustaja Suomesta. N\u00e4iden kokoontumisten lis\u00e4ksi yll\u00e4pidettiin zoom-palavereita joka toinen viikko, joihin osallistui edellisten lis\u00e4ksi ISENin paikallistoimijoita my\u00f6s Italiasta, Tsekeist\u00e4 ja Puolasta. Verkkopalavereissa keskusteltiin ajankohtaisista aiheista ja tutkimuksista sek\u00e4 p\u00e4ivitettiin yhdess\u00e4 kansainv\u00e4list\u00e4 ISEN -nettisivustoa.<\/p>\n<p>Kuukausittain yhdistyksemme edustaja osallistui my\u00f6s ACISTEn (American Center for Integration of Spiritually Transformative Experiences) verkkotapaamisiin vertaistukiryhm\u00e4n ohjaajakoulutukseen liittyen.<\/p>\n<p><strong>Yhdistyksen taloustilanne: <\/strong><\/p>\n<p>Yhdistyksen tulot toimintakautena muodostuivat yksinomaan maksetuista j\u00e4senmaksuista ja menot muodostuivat pankin veloittamista tilink\u00e4ytt\u00f6kustannuksista. Ks. tarkemmin tuloslaskelmasta.<\/p>\n<p><strong>Yhteenveto: <\/strong><\/p>\n<p>Toimintakausi 2019 \u2013 2020 oli j\u00e4sentapahtumien ja -toiminnan suhteen hyvin hiljainen. Yhdistyksen hallitus on keskittynyt kirkastamaan yhdistyksen tarkoitusta, ydinteht\u00e4v\u00e4\u00e4 ja tavoitteita sek\u00e4 luomaan hyvi\u00e4 kumppanuuksia. N\u00e4kyv\u00e4n toiminnan sijaan ja sen mahdollistamiseksi tulevaisuudessa on pohdittu keinoja ja suunniteltu materiaaleja yhdistyksen tunnettuuden ja siten my\u00f6s j\u00e4senm\u00e4\u00e4r\u00e4n\/yhteisty\u00f6kumppanien lis\u00e4\u00e4miseksi. On my\u00f6s mietitty mahdollisuuksia toiminnan rahoittamiseksi ja\/tai rahoituksen saamiseksi yhdistyksen ulkopuoliselta taholta.<\/p>\n<p>Yhdistyksen j\u00e4rjest\u00e4m\u00e4t tilaisuudet ja toiminta, kuten vertaistukitoiminta ja keskusteluryhm\u00e4t sek\u00e4 kotimaassa ja ulkomaille suuntautuneet matkat on toteutettu t\u00e4ysin vapaaehtoisty\u00f6n\u00e4 ja j\u00e4senten itse kustantamina kukin omalta osaltaan.<\/p>\n<p>Kev\u00e4\u00e4n kokoontumisia ja suunniteltuja tapahtumia hankaloitti ja peruuntui t\u00e4ll\u00e4 hetkell\u00e4 vallitseva koronatilanne, mink\u00e4 vuoksi s\u00e4\u00e4detyt rajoitukset hidastivat ja tyrehdyttiv\u00e4t kev\u00e4tkauden toimintaa.<\/p>\n<p>&nbsp;<\/p>\n<p><strong>LIITE: toimintakertomukseen &#8211; J\u00e4senkyselyn vastausten yhteenveto<\/strong><\/p>\n<p>JoutSEN \u2013 Spiritual Emergence Network Finland ry:n j\u00e4senkysely toteutettiin 2019 kev\u00e4talvella. Kyselyll\u00e4 kartoitettiin j\u00e4senist\u00f6n toiveita toiminnan suhteen, kyseltiin heid\u00e4n havaintojaan mielenterveyden hoidon haasteista, ja ratkaisumalleja n\u00e4ihin haasteisiin. Kyselyyn osallistui yksitoista vastaajaa.<\/p>\n<p><strong>YHTEENVETO KYSELYN VASTAUKSISTA<\/strong><\/p>\n<p><strong>Toimintaehdotuksissa<\/strong> toivottiin yhteis\u00f6llist\u00e4 tekemist\u00e4, kokoontumisia ja mahdollisuuksia verkostoitua ja tavata luontevasti ihmisi\u00e4, jotka pohtivat ja kokevat henkiseen her\u00e4\u00e4miseen ja kasvuun liittyvi\u00e4 kysymyksi\u00e4. Aiemmalla kaudella j\u00e4rjestetyille elokuvailloille, luennoille ja seminaareille toivottiin jatkoa. Aiheiksi esitettiin l\u00e4\u00e4kkeett\u00f6mien hoitomuotojen ja mielenhallinnan tekniikoiden esittely\u00e4 ja toimintaterapiaa. Nettikeskustelu oli t\u00e4rke\u00e4\u00e4 eritoten heille, jotka eiv\u00e4t halunneet tai p\u00e4\u00e4sseet fyysisiin kokoontumisiin.<br \/>\nKokemusasiantuntijakoulutusta toivottiin rahoituksen puitteissa.<\/p>\n<p><strong>Mielenterveyshoitojen ongelmiksi<\/strong> j\u00e4senist\u00f6 koki medikalisaation ja patologisoinnin, mielenterveyshaasteiden, esim. masennuksen n\u00e4kemisen sairautena tai h\u00e4iri\u00f6tilana, ei luonnollisena reaktiona el\u00e4m\u00e4ntilanteeseen. Vastauksissa toistui havainto l\u00e4\u00e4kekeskeisyydest\u00e4, kokemus siit\u00e4, ett\u00e4 ihmist\u00e4 ei hoidettu yksil\u00f6n\u00e4 eik\u00e4 huomioitu psykofyysisen\u00e4 kokonaisuutena.<br \/>\nHoitohenkil\u00f6kuntaa kritisoitiin vastauksissa kielteisyydest\u00e4 ja autorit\u00e4\u00e4risyydest\u00e4, asiakas ei kokenut tulleensa kuulluksi. Aina auttavat tahot eiv\u00e4t my\u00f6sk\u00e4\u00e4n tienneet mit\u00e4 hoitoja poliklinikoilla olisi tarjolla.<br \/>\nAkuuteissa tilanteissa ei sairaala-apua ollut saatu, t\u00e4m\u00e4 koettiin heitteillej\u00e4tt\u00f6n\u00e4. Jonotusajat psykologin vastaanotolle julkisella puolella olivat liian pitki\u00e4, terapiaa riitt\u00e4m\u00e4tt\u00f6m\u00e4sti ja tarjonnaltaan liian yksipuolista.<br \/>\nMielenterveysongelmat ja jo niiden ep\u00e4ily oli koettu leimaavana, kuten my\u00f6s kritiikin esitt\u00e4minen mielenterveyspalveluja kohtaan.<br \/>\nVastauksissa toivottiin tasavertaista kohtaamista, yhdess\u00e4 olemista ja tekemist\u00e4, hiljaisen tiedon kuuntelua. El\u00e4m\u00e4n mysteerin tunnistamista.<br \/>\nValtavirrasta poikkeavien ajatusten esitt\u00e4minen maailmasta ja olemassaolosta saatettiin tulkita harhoiksi tai maniaksi, my\u00f6s t\u00e4m\u00e4 koettiin leimaavana. Huumekokeiluista kertominen saattoi johtaa siihen, ett\u00e4 kaikkien ongelmien tulkittiin johtuvan niist\u00e4.<\/p>\n<p><strong>Ratkaisumalleiksi<\/strong> esitettiin kokemuksellisuuden ja vertaisuuden mukaanottoa ja kohtaamisia. Pakotetunkin j\u00e4rkev\u00e4n toiminnan vaikutus n\u00e4htiin parantavana. El\u00e4m\u00e4n ongelmien korjaaminen auttaisi, jotta ne eiv\u00e4t vaikuttaisi en\u00e4\u00e4 aivojen toimintaa kuormittavasti.<br \/>\nEhdotettiin, ett\u00e4 ammattilaiset voisivat selvitt\u00e4\u00e4 asioita enemm\u00e4n ja hyv\u00e4ksy\u00e4 sen, etteiv\u00e4t kaikki ole samasta muotista. Toivottiin inhimillisyytt\u00e4, asennemuutosta, ymm\u00e4rryksen lis\u00e4\u00e4mist\u00e4 mielenterveyteen liittyviss\u00e4 asioissa, ja kulttuurista muutosta kohti todellista solidaarisuutta.<br \/>\nSen sijaan ett\u00e4 palvelut l\u00e4htev\u00e4t luokittelusta ja tuomitsemisesta, pelosta, auttamisen pit\u00e4isi tapahtua my\u00f6t\u00e4tunnosta, luottamuksesta ja rohkaisusta k\u00e4sin.<br \/>\nKolmannen sektorin tarjoamat mielenterveyspalvelut esitettiin tuotavaksi muiden terapiantarjoajien rinnalle.<br \/>\nEsimerkkin\u00e4 matalan kynnyksen mielenterveystalo ja l\u00e4hetteett\u00f6myys Keroputaan ja eksote -mallin mukaan, asiakkaan tilanteen kokonaisvaltainen kartoittaminen, ja yksil\u00f6llisten hoitosuunnitelmamallien luominen.<br \/>\nTerapiamuotoina tuotiin esille ravitsemus, kuvataide, teatteri ja nk. uskomushoidot, sek\u00e4 vertaistuen merkitys.<br \/>\nJ\u00e4senist\u00f6ss\u00e4 oli halukkuutta my\u00f6s luennointiin ja henkil\u00f6kohtaiseen auttamiseen.<\/p>\n<p><strong>Keskusteluryhmien aiheiksi<\/strong> esitettiin dissosiaatiota, psykoosia ja \u00e4\u00e4nien kuulemista, ravitsemushoitoa, p\u00e4ihteisiin liittyvi\u00e4 ongelmia, henkisen her\u00e4\u00e4misen kokemuksia, vanhojen traumojen nousemista pintaan ja niiden k\u00e4sittely\u00e4. Kokemuksellisen tiedon jakamista vertaisryhm\u00e4ss\u00e4. Keinojen pohtiminen tietoisuuden lis\u00e4\u00e4miseksi mielen toimintojen\/henkisen kasvun kytk\u00f6sten osalta.<\/p>\n<p><strong>Visioissa<\/strong> SEN Finland ry:st\u00e4 viiden vuoden kuluttua n\u00e4kyi toiveita j\u00e4rjest\u00f6n tunnetuksi tulemisesta, psykiatrisen hoitoajattelun edell\u00e4k\u00e4vij\u00e4n\u00e4, sek\u00e4 vaikuttajana alan kehitt\u00e4misess\u00e4 ja seurannassa.<br \/>\nSEN Finland ry visioitiin nykyist\u00e4 laajempana ja suurempia joukkoja maanlaajuisesti tavoittavana. Yhteisty\u00f6t\u00e4 olisi mielenterveysyhdistysten kanssa, ja kohtaamispaikkoja j\u00e4rjestett\u00e4isiin.<br \/>\nToimintaa toteutettaisiin p\u00e4\u00e4m\u00e4\u00e4r\u00e4tietoisesti ja kunnianhimoisesti, mutta ei vakavalla otteella.<br \/>\nJ\u00e4rjest\u00f6ss\u00e4 toimisi kokemusasiantuntijoita.<\/p>\n<p>Kyselyvastauksissa n\u00e4htiin, ett\u00e4 positiivisen muutoksen aikaansaajana SEN Finland ry voisi toimia nykyisell\u00e4 linjallaan, koettaen saada laajempia piirej\u00e4 mukaan esim. lis\u00e4\u00e4m\u00e4ll\u00e4 tiedotusta ja someaktiivisuutta. Alan julkisiin keskusteluihin osallistumalla voitaisiin h\u00e4lvent\u00e4\u00e4 pelkoja ja leimaamista. T\u00e4h\u00e4n tarvittaisiin mukanaolijoiden aktiivisuutta ja sinnikkyytt\u00e4.<\/p>\n","protected":false},"excerpt":{"rendered":"<p>Yhdistyksen vuosikokous pidettiin Helsingiss\u00e4 29.5.2019. &nbsp; Yhdistyksen hallituksen j\u00e4senet 2019-2020: Liisa Ekosaari (pj.) Sini Ahlqvist (vpj.) Marja K\u00e4yhk\u00f6 (siht.) Virppi Venell (rahastonhoitaja) Minna Jaskari Varaj\u00e4senet: Heidi Tommila Michel Segerberg &nbsp; Toimintasuunnitelma 2019 -&gt; 2020, JoutSEN \u2013 Spiritual Emergence Network Finland ry. Yhdistyksen toiminnasta tiedottaminen nettisivuilla ja sosiaalisessa mediassa http:\/\/www.spiritualemergencenetwork.org\/finland\/, https:\/\/www.facebook.com\/JoutSENFinland\/ Vuoden 2019 alussa toteutetun j\u00e4senkyselyn [&hellip;]<\/p>\n","protected":false},"author":22,"featured_media":0,"parent":453,"menu_order":0,"comment_status":"closed","ping_status":"closed","template":"","meta":{"_monsterinsights_skip_tracking":false,"_monsterinsights_sitenote_active":false,"_monsterinsights_sitenote_note":"","_monsterinsights_sitenote_category":0,"_uf_show_specific_survey":0,"_uf_disable_surveys":false,"_genesis_hide_title":false,"_genesis_hide_breadcrumbs":false,"_genesis_hide_singular_image":false,"_genesis_hide_footer_widgets":false,"_genesis_custom_body_class":"","_genesis_custom_post_class":"","_genesis_layout":"","jetpack_post_was_ever_published":false,"footnotes":""},"class_list":{"0":"post-611","1":"page","2":"type-page","3":"status-publish","5":"entry"},"yoast_head":"<!-- This site is optimized with the Yoast SEO plugin v27.3 - https:\/\/yoast.com\/product\/yoast-seo-wordpress\/ -->\n<title>Kausi 2019-2020 - SEN Finland<\/title>\n<meta name=\"robots\" content=\"index, follow, max-snippet:-1, max-image-preview:large, max-video-preview:-1\" \/>\n<link rel=\"canonical\" href=\"https:\/\/www.spiritualemergencenetwork.org\/finland\/joutsen-finland-ry\/kausi-2019-2020\/\" \/>\n<meta property=\"og:locale\" content=\"en_GB\" \/>\n<meta property=\"og:type\" content=\"article\" \/>\n<meta property=\"og:title\" content=\"Kausi 2019-2020 - SEN Finland\" \/>\n<meta property=\"og:description\" content=\"Yhdistyksen vuosikokous pidettiin Helsingiss\u00e4 29.5.2019. &nbsp; Yhdistyksen hallituksen j\u00e4senet 2019-2020: Liisa Ekosaari (pj.) Sini Ahlqvist (vpj.) Marja K\u00e4yhk\u00f6 (siht.) Virppi Venell (rahastonhoitaja) Minna Jaskari Varaj\u00e4senet: Heidi Tommila Michel Segerberg &nbsp; Toimintasuunnitelma 2019 -&gt; 2020, JoutSEN \u2013 Spiritual Emergence Network Finland ry. Yhdistyksen toiminnasta tiedottaminen nettisivuilla ja sosiaalisessa mediassa http:\/\/www.spiritualemergencenetwork.org\/finland\/, https:\/\/www.facebook.com\/JoutSENFinland\/ Vuoden 2019 alussa toteutetun j\u00e4senkyselyn [&hellip;]\" \/>\n<meta property=\"og:url\" content=\"https:\/\/www.spiritualemergencenetwork.org\/finland\/joutsen-finland-ry\/kausi-2019-2020\/\" \/>\n<meta property=\"og:site_name\" content=\"SEN Finland\" \/>\n<meta property=\"article:modified_time\" content=\"2020-06-04T19:08:13+00:00\" \/>\n<meta name=\"twitter:card\" content=\"summary_large_image\" \/>\n<meta name=\"twitter:label1\" content=\"Estimated reading time\" \/>\n\t<meta name=\"twitter:data1\" content=\"8 minutes\" \/>\n<script type=\"application\/ld+json\" class=\"yoast-schema-graph\">{\"@context\":\"https:\\\/\\\/schema.org\",\"@graph\":[{\"@type\":\"WebPage\",\"@id\":\"https:\\\/\\\/www.spiritualemergencenetwork.org\\\/finland\\\/joutsen-finland-ry\\\/kausi-2019-2020\\\/\",\"url\":\"https:\\\/\\\/www.spiritualemergencenetwork.org\\\/finland\\\/joutsen-finland-ry\\\/kausi-2019-2020\\\/\",\"name\":\"Kausi 2019-2020 - SEN Finland\",\"isPartOf\":{\"@id\":\"https:\\\/\\\/www.spiritualemergencenetwork.org\\\/finland\\\/#website\"},\"datePublished\":\"2020-06-04T16:52:46+00:00\",\"dateModified\":\"2020-06-04T19:08:13+00:00\",\"breadcrumb\":{\"@id\":\"https:\\\/\\\/www.spiritualemergencenetwork.org\\\/finland\\\/joutsen-finland-ry\\\/kausi-2019-2020\\\/#breadcrumb\"},\"inLanguage\":\"en-GB\",\"potentialAction\":[{\"@type\":\"ReadAction\",\"target\":[\"https:\\\/\\\/www.spiritualemergencenetwork.org\\\/finland\\\/joutsen-finland-ry\\\/kausi-2019-2020\\\/\"]}]},{\"@type\":\"BreadcrumbList\",\"@id\":\"https:\\\/\\\/www.spiritualemergencenetwork.org\\\/finland\\\/joutsen-finland-ry\\\/kausi-2019-2020\\\/#breadcrumb\",\"itemListElement\":[{\"@type\":\"ListItem\",\"position\":1,\"name\":\"Home\",\"item\":\"https:\\\/\\\/www.spiritualemergencenetwork.org\\\/finland\\\/\"},{\"@type\":\"ListItem\",\"position\":2,\"name\":\"JoutSEN &#8211; Spiritual Emergence Network Finland ry\",\"item\":\"https:\\\/\\\/www.spiritualemergencenetwork.org\\\/finland\\\/joutsen-finland-ry\\\/\"},{\"@type\":\"ListItem\",\"position\":3,\"name\":\"Kausi 2019-2020\"}]},{\"@type\":\"WebSite\",\"@id\":\"https:\\\/\\\/www.spiritualemergencenetwork.org\\\/finland\\\/#website\",\"url\":\"https:\\\/\\\/www.spiritualemergencenetwork.org\\\/finland\\\/\",\"name\":\"SEN Finland\",\"description\":\"Spiritual Crisis Network Finland\",\"potentialAction\":[{\"@type\":\"SearchAction\",\"target\":{\"@type\":\"EntryPoint\",\"urlTemplate\":\"https:\\\/\\\/www.spiritualemergencenetwork.org\\\/finland\\\/?s={search_term_string}\"},\"query-input\":{\"@type\":\"PropertyValueSpecification\",\"valueRequired\":true,\"valueName\":\"search_term_string\"}}],\"inLanguage\":\"en-GB\"}]}<\/script>\n<!-- \/ Yoast SEO plugin. -->","yoast_head_json":{"title":"Kausi 2019-2020 - SEN Finland","robots":{"index":"index","follow":"follow","max-snippet":"max-snippet:-1","max-image-preview":"max-image-preview:large","max-video-preview":"max-video-preview:-1"},"canonical":"https:\/\/www.spiritualemergencenetwork.org\/finland\/joutsen-finland-ry\/kausi-2019-2020\/","og_locale":"en_GB","og_type":"article","og_title":"Kausi 2019-2020 - SEN Finland","og_description":"Yhdistyksen vuosikokous pidettiin Helsingiss\u00e4 29.5.2019. &nbsp; Yhdistyksen hallituksen j\u00e4senet 2019-2020: Liisa Ekosaari (pj.) Sini Ahlqvist (vpj.) Marja K\u00e4yhk\u00f6 (siht.) Virppi Venell (rahastonhoitaja) Minna Jaskari Varaj\u00e4senet: Heidi Tommila Michel Segerberg &nbsp; Toimintasuunnitelma 2019 -&gt; 2020, JoutSEN \u2013 Spiritual Emergence Network Finland ry. Yhdistyksen toiminnasta tiedottaminen nettisivuilla ja sosiaalisessa mediassa http:\/\/www.spiritualemergencenetwork.org\/finland\/, https:\/\/www.facebook.com\/JoutSENFinland\/ Vuoden 2019 alussa toteutetun j\u00e4senkyselyn [&hellip;]","og_url":"https:\/\/www.spiritualemergencenetwork.org\/finland\/joutsen-finland-ry\/kausi-2019-2020\/","og_site_name":"SEN Finland","article_modified_time":"2020-06-04T19:08:13+00:00","twitter_card":"summary_large_image","twitter_misc":{"Estimated reading time":"8 minutes"},"schema":{"@context":"https:\/\/schema.org","@graph":[{"@type":"WebPage","@id":"https:\/\/www.spiritualemergencenetwork.org\/finland\/joutsen-finland-ry\/kausi-2019-2020\/","url":"https:\/\/www.spiritualemergencenetwork.org\/finland\/joutsen-finland-ry\/kausi-2019-2020\/","name":"Kausi 2019-2020 - SEN Finland","isPartOf":{"@id":"https:\/\/www.spiritualemergencenetwork.org\/finland\/#website"},"datePublished":"2020-06-04T16:52:46+00:00","dateModified":"2020-06-04T19:08:13+00:00","breadcrumb":{"@id":"https:\/\/www.spiritualemergencenetwork.org\/finland\/joutsen-finland-ry\/kausi-2019-2020\/#breadcrumb"},"inLanguage":"en-GB","potentialAction":[{"@type":"ReadAction","target":["https:\/\/www.spiritualemergencenetwork.org\/finland\/joutsen-finland-ry\/kausi-2019-2020\/"]}]},{"@type":"BreadcrumbList","@id":"https:\/\/www.spiritualemergencenetwork.org\/finland\/joutsen-finland-ry\/kausi-2019-2020\/#breadcrumb","itemListElement":[{"@type":"ListItem","position":1,"name":"Home","item":"https:\/\/www.spiritualemergencenetwork.org\/finland\/"},{"@type":"ListItem","position":2,"name":"JoutSEN &#8211; Spiritual Emergence Network Finland ry","item":"https:\/\/www.spiritualemergencenetwork.org\/finland\/joutsen-finland-ry\/"},{"@type":"ListItem","position":3,"name":"Kausi 2019-2020"}]},{"@type":"WebSite","@id":"https:\/\/www.spiritualemergencenetwork.org\/finland\/#website","url":"https:\/\/www.spiritualemergencenetwork.org\/finland\/","name":"SEN Finland","description":"Spiritual Crisis Network Finland","potentialAction":[{"@type":"SearchAction","target":{"@type":"EntryPoint","urlTemplate":"https:\/\/www.spiritualemergencenetwork.org\/finland\/?s={search_term_string}"},"query-input":{"@type":"PropertyValueSpecification","valueRequired":true,"valueName":"search_term_string"}}],"inLanguage":"en-GB"}]}},"jetpack_sharing_enabled":true,"jetpack_shortlink":"https:\/\/wp.me\/P9Efcx-9R","jetpack-related-posts":[],"_links":{"self":[{"href":"https:\/\/www.spiritualemergencenetwork.org\/finland\/wp-json\/wp\/v2\/pages\/611","targetHints":{"allow":["GET"]}}],"collection":[{"href":"https:\/\/www.spiritualemergencenetwork.org\/finland\/wp-json\/wp\/v2\/pages"}],"about":[{"href":"https:\/\/www.spiritualemergencenetwork.org\/finland\/wp-json\/wp\/v2\/types\/page"}],"author":[{"embeddable":true,"href":"https:\/\/www.spiritualemergencenetwork.org\/finland\/wp-json\/wp\/v2\/users\/22"}],"replies":[{"embeddable":true,"href":"https:\/\/www.spiritualemergencenetwork.org\/finland\/wp-json\/wp\/v2\/comments?post=611"}],"version-history":[{"count":6,"href":"https:\/\/www.spiritualemergencenetwork.org\/finland\/wp-json\/wp\/v2\/pages\/611\/revisions"}],"predecessor-version":[{"id":635,"href":"https:\/\/www.spiritualemergencenetwork.org\/finland\/wp-json\/wp\/v2\/pages\/611\/revisions\/635"}],"up":[{"embeddable":true,"href":"https:\/\/www.spiritualemergencenetwork.org\/finland\/wp-json\/wp\/v2\/pages\/453"}],"wp:attachment":[{"href":"https:\/\/www.spiritualemergencenetwork.org\/finland\/wp-json\/wp\/v2\/media?parent=611"}],"curies":[{"name":"wp","href":"https:\/\/api.w.org\/{rel}","templated":true}]}}