{"id":613,"date":"2020-06-04T19:53:12","date_gmt":"2020-06-04T16:53:12","guid":{"rendered":"http:\/\/www.spiritualemergencenetwork.org\/finland\/?page_id=613"},"modified":"2020-06-04T22:00:11","modified_gmt":"2020-06-04T19:00:11","slug":"kausi-2020-2021","status":"publish","type":"page","link":"https:\/\/www.spiritualemergencenetwork.org\/finland\/joutsen-finland-ry\/kausi-2020-2021\/","title":{"rendered":"Kausi 2020-2021"},"content":{"rendered":"<p><strong>Yhdistyksen vuosikokous pidettiin 26.5.2020<\/strong><\/p>\n<p>Vallitsevan korona-epidemiatilanteen vuoksi kokous j\u00e4rjestettiin verkossa Jitsi meets -palvelun v\u00e4lityksell\u00e4.<\/p>\n<p>&nbsp;<\/p>\n<p><strong>Yhdistykselle valittu uusi hallitus<\/strong><\/p>\n<p>Liisa Ekosaari (pj)<\/p>\n<p>Tara Hagman (vpj.)<\/p>\n<p>Pasi Solonen (siht.)<\/p>\n<p>Marja K\u00e4yhk\u00f6<\/p>\n<p>varaj\u00e4senet:<\/p>\n<p>Heidi Tommila<\/p>\n<p>Michel Segerberg<\/p>\n<p>&nbsp;<\/p>\n<p><strong>Toimintasuunnitelma 2020 -&gt; 2021<\/strong><\/p>\n<p><strong>\u00a0<\/strong><\/p>\n<p>J\u00e4sentoiminta:<\/p>\n<ul>\n<li>S\u00e4\u00e4nn\u00f6llisempi yhteydenpito j\u00e4senist\u00f6\u00f6n, mahd. j\u00e4sen-\/tiedotuskirje 4 kertaa vuodessa? S\u00e4\u00e4nn\u00f6lliset tapaamiset verkossa? Muu \u201don-line\u201d -toiminta?<\/li>\n<li>Matalan kynnyksen vapaamuotoisia tapaamisia (picnicit, retket, kaupunkik\u00e4velyt\u2026)<\/li>\n<li>Ohjelmallisia\/teemallisia (Spiritual emergence\/-emergency, kokonaisvaltainen terveydenhoito) tapaamisia, keskustelu- ja esitystilaisuuksia<\/li>\n<li>Vertaistuki- ja keskusteluryhm\u00e4n yll\u00e4pito netiss\u00e4 ja mahdollisuuksien mukaan tukiryhm\u00e4 my\u00f6s livetapaamisina<\/li>\n<li>Uuden Skype\/Zoom tukiryhm\u00e4n perustaminen<\/li>\n<li>J\u00e4senten rohkaiseminen omaan, paikalliseen vertaistukitoimintaan<\/li>\n<\/ul>\n<p>N\u00e4kyvyys ja tiedotus:<\/p>\n<ul>\n<li>Yhdistyksen n\u00e4kyvyyden ja tunnettuuden sek\u00e4 j\u00e4senm\u00e4\u00e4r\u00e4n lis\u00e4\u00e4minen<\/li>\n<li>Yhdistyksen toiminnasta tiedottaminen nettisivuilla ja sosiaalisessa mediassa <a href=\"http:\/\/www.spiritualemergencenetwork.org\/finland\/\">http:\/\/www.spiritualemergencenetwork.org\/finland\/<\/a>, <a href=\"https:\/\/www.facebook.com\/JoutSENFinland\/\">https:\/\/www.facebook.com\/JoutSENFinland\/<\/a><\/li>\n<li>Materiaalin etsiminen, tuottaminen ja lis\u00e4\u00e4minen verkkosivulle<\/li>\n<li>K\u00e4\u00e4nnetyn kriisioppaan viimeistely (taittoty\u00f6), painatus ja jakelu sopiviin kohteisiin<\/li>\n<li>Ohjeet ammattilaisille \u2013 k\u00e4\u00e4nn\u00f6sty\u00f6n viimeistely ja jako verkkosivuillamme<\/li>\n<\/ul>\n<p>Yhteisty\u00f6 ja sosiaalinen vaikuttaminen<\/p>\n<ul>\n<li>Yhteisty\u00f6kumppanien etsiminen Suomessa ja yhteydenpito muihin mielenterveytt\u00e4 kokonaisvaltaisesti tarkasteleviin toimijoihin<\/li>\n<li>Syntyneiden yhteyksien vahvistaminen (Taho, HBW Finland ry, Jyv\u00e4skyl\u00e4n toimijat)<\/li>\n<li>Kansainv\u00e4linen yhteisty\u00f6 muiden ISEN -yhteis\u00f6jen kanssa<\/li>\n<li>Spiritual emergence\/-y -k\u00e4sitteen tuntevien ja suomalaisten terapeuttien ja muiden ammattilaistahojen kartoittaminen ja terapeuttilistan laatiminen<\/li>\n<li>Avoimeen keskusteluun rohkaiseminen ja turvallisen keskusteluilmapiirin yll\u00e4pit\u00e4minen esim. sosiaalisessa mediassa <a href=\"https:\/\/www.facebook.com\/groups\/781306565407147\/\">https:\/\/www.facebook.com\/groups\/781306565407147\/<\/a><\/li>\n<\/ul>\n<p>Talous:<\/p>\n<ul>\n<li>Toiminnan rahoituksen suunnittelu, apurahatahojen kartoittaminen, yhdistyksille vapaiden toiminta- ja tapahtumatilojen etsiminen<\/li>\n<\/ul>\n<p>&nbsp;<\/p>\n<p>&nbsp;<\/p>\n","protected":false},"excerpt":{"rendered":"<p>Yhdistyksen vuosikokous pidettiin 26.5.2020 Vallitsevan korona-epidemiatilanteen vuoksi kokous j\u00e4rjestettiin verkossa Jitsi meets -palvelun v\u00e4lityksell\u00e4. &nbsp; Yhdistykselle valittu uusi hallitus Liisa Ekosaari (pj) Tara Hagman (vpj.) Pasi Solonen (siht.) Marja K\u00e4yhk\u00f6 varaj\u00e4senet: Heidi Tommila Michel Segerberg &nbsp; Toimintasuunnitelma 2020 -&gt; 2021 \u00a0 J\u00e4sentoiminta: S\u00e4\u00e4nn\u00f6llisempi yhteydenpito j\u00e4senist\u00f6\u00f6n, mahd. j\u00e4sen-\/tiedotuskirje 4 kertaa vuodessa? S\u00e4\u00e4nn\u00f6lliset tapaamiset verkossa? Muu \u201don-line\u201d [&hellip;]<\/p>\n","protected":false},"author":22,"featured_media":0,"parent":453,"menu_order":0,"comment_status":"closed","ping_status":"closed","template":"","meta":{"_monsterinsights_skip_tracking":false,"_monsterinsights_sitenote_active":false,"_monsterinsights_sitenote_note":"","_monsterinsights_sitenote_category":0,"_uf_show_specific_survey":0,"_uf_disable_surveys":false,"_genesis_hide_title":false,"_genesis_hide_breadcrumbs":false,"_genesis_hide_singular_image":false,"_genesis_hide_footer_widgets":false,"_genesis_custom_body_class":"","_genesis_custom_post_class":"","_genesis_layout":"","jetpack_post_was_ever_published":false,"footnotes":""},"class_list":{"0":"post-613","1":"page","2":"type-page","3":"status-publish","5":"entry"},"yoast_head":"<!-- This site is optimized with the Yoast SEO plugin v27.3 - https:\/\/yoast.com\/product\/yoast-seo-wordpress\/ -->\n<title>Kausi 2020-2021 - SEN Finland<\/title>\n<meta name=\"robots\" content=\"index, follow, max-snippet:-1, max-image-preview:large, max-video-preview:-1\" \/>\n<link rel=\"canonical\" href=\"https:\/\/www.spiritualemergencenetwork.org\/finland\/joutsen-finland-ry\/kausi-2020-2021\/\" \/>\n<meta property=\"og:locale\" content=\"en_GB\" \/>\n<meta property=\"og:type\" content=\"article\" \/>\n<meta property=\"og:title\" content=\"Kausi 2020-2021 - SEN Finland\" \/>\n<meta property=\"og:description\" content=\"Yhdistyksen vuosikokous pidettiin 26.5.2020 Vallitsevan korona-epidemiatilanteen vuoksi kokous j\u00e4rjestettiin verkossa Jitsi meets -palvelun v\u00e4lityksell\u00e4. &nbsp; Yhdistykselle valittu uusi hallitus Liisa Ekosaari (pj) Tara Hagman (vpj.) Pasi Solonen (siht.) Marja K\u00e4yhk\u00f6 varaj\u00e4senet: Heidi Tommila Michel Segerberg &nbsp; Toimintasuunnitelma 2020 -&gt; 2021 \u00a0 J\u00e4sentoiminta: S\u00e4\u00e4nn\u00f6llisempi yhteydenpito j\u00e4senist\u00f6\u00f6n, mahd. j\u00e4sen-\/tiedotuskirje 4 kertaa vuodessa? S\u00e4\u00e4nn\u00f6lliset tapaamiset verkossa? Muu \u201don-line\u201d [&hellip;]\" \/>\n<meta property=\"og:url\" content=\"https:\/\/www.spiritualemergencenetwork.org\/finland\/joutsen-finland-ry\/kausi-2020-2021\/\" \/>\n<meta property=\"og:site_name\" content=\"SEN Finland\" \/>\n<meta property=\"article:modified_time\" content=\"2020-06-04T19:00:11+00:00\" \/>\n<meta name=\"twitter:card\" content=\"summary_large_image\" \/>\n<meta name=\"twitter:label1\" content=\"Estimated reading time\" \/>\n\t<meta name=\"twitter:data1\" content=\"1 minute\" \/>\n<script type=\"application\/ld+json\" class=\"yoast-schema-graph\">{\"@context\":\"https:\\\/\\\/schema.org\",\"@graph\":[{\"@type\":\"WebPage\",\"@id\":\"https:\\\/\\\/www.spiritualemergencenetwork.org\\\/finland\\\/joutsen-finland-ry\\\/kausi-2020-2021\\\/\",\"url\":\"https:\\\/\\\/www.spiritualemergencenetwork.org\\\/finland\\\/joutsen-finland-ry\\\/kausi-2020-2021\\\/\",\"name\":\"Kausi 2020-2021 - SEN Finland\",\"isPartOf\":{\"@id\":\"https:\\\/\\\/www.spiritualemergencenetwork.org\\\/finland\\\/#website\"},\"datePublished\":\"2020-06-04T16:53:12+00:00\",\"dateModified\":\"2020-06-04T19:00:11+00:00\",\"breadcrumb\":{\"@id\":\"https:\\\/\\\/www.spiritualemergencenetwork.org\\\/finland\\\/joutsen-finland-ry\\\/kausi-2020-2021\\\/#breadcrumb\"},\"inLanguage\":\"en-GB\",\"potentialAction\":[{\"@type\":\"ReadAction\",\"target\":[\"https:\\\/\\\/www.spiritualemergencenetwork.org\\\/finland\\\/joutsen-finland-ry\\\/kausi-2020-2021\\\/\"]}]},{\"@type\":\"BreadcrumbList\",\"@id\":\"https:\\\/\\\/www.spiritualemergencenetwork.org\\\/finland\\\/joutsen-finland-ry\\\/kausi-2020-2021\\\/#breadcrumb\",\"itemListElement\":[{\"@type\":\"ListItem\",\"position\":1,\"name\":\"Home\",\"item\":\"https:\\\/\\\/www.spiritualemergencenetwork.org\\\/finland\\\/\"},{\"@type\":\"ListItem\",\"position\":2,\"name\":\"JoutSEN &#8211; Spiritual Emergence Network Finland ry\",\"item\":\"https:\\\/\\\/www.spiritualemergencenetwork.org\\\/finland\\\/joutsen-finland-ry\\\/\"},{\"@type\":\"ListItem\",\"position\":3,\"name\":\"Kausi 2020-2021\"}]},{\"@type\":\"WebSite\",\"@id\":\"https:\\\/\\\/www.spiritualemergencenetwork.org\\\/finland\\\/#website\",\"url\":\"https:\\\/\\\/www.spiritualemergencenetwork.org\\\/finland\\\/\",\"name\":\"SEN Finland\",\"description\":\"Spiritual Crisis Network Finland\",\"potentialAction\":[{\"@type\":\"SearchAction\",\"target\":{\"@type\":\"EntryPoint\",\"urlTemplate\":\"https:\\\/\\\/www.spiritualemergencenetwork.org\\\/finland\\\/?s={search_term_string}\"},\"query-input\":{\"@type\":\"PropertyValueSpecification\",\"valueRequired\":true,\"valueName\":\"search_term_string\"}}],\"inLanguage\":\"en-GB\"}]}<\/script>\n<!-- \/ Yoast SEO plugin. -->","yoast_head_json":{"title":"Kausi 2020-2021 - SEN Finland","robots":{"index":"index","follow":"follow","max-snippet":"max-snippet:-1","max-image-preview":"max-image-preview:large","max-video-preview":"max-video-preview:-1"},"canonical":"https:\/\/www.spiritualemergencenetwork.org\/finland\/joutsen-finland-ry\/kausi-2020-2021\/","og_locale":"en_GB","og_type":"article","og_title":"Kausi 2020-2021 - SEN Finland","og_description":"Yhdistyksen vuosikokous pidettiin 26.5.2020 Vallitsevan korona-epidemiatilanteen vuoksi kokous j\u00e4rjestettiin verkossa Jitsi meets -palvelun v\u00e4lityksell\u00e4. &nbsp; Yhdistykselle valittu uusi hallitus Liisa Ekosaari (pj) Tara Hagman (vpj.) Pasi Solonen (siht.) Marja K\u00e4yhk\u00f6 varaj\u00e4senet: Heidi Tommila Michel Segerberg &nbsp; Toimintasuunnitelma 2020 -&gt; 2021 \u00a0 J\u00e4sentoiminta: S\u00e4\u00e4nn\u00f6llisempi yhteydenpito j\u00e4senist\u00f6\u00f6n, mahd. j\u00e4sen-\/tiedotuskirje 4 kertaa vuodessa? S\u00e4\u00e4nn\u00f6lliset tapaamiset verkossa? Muu \u201don-line\u201d [&hellip;]","og_url":"https:\/\/www.spiritualemergencenetwork.org\/finland\/joutsen-finland-ry\/kausi-2020-2021\/","og_site_name":"SEN Finland","article_modified_time":"2020-06-04T19:00:11+00:00","twitter_card":"summary_large_image","twitter_misc":{"Estimated reading time":"1 minute"},"schema":{"@context":"https:\/\/schema.org","@graph":[{"@type":"WebPage","@id":"https:\/\/www.spiritualemergencenetwork.org\/finland\/joutsen-finland-ry\/kausi-2020-2021\/","url":"https:\/\/www.spiritualemergencenetwork.org\/finland\/joutsen-finland-ry\/kausi-2020-2021\/","name":"Kausi 2020-2021 - SEN Finland","isPartOf":{"@id":"https:\/\/www.spiritualemergencenetwork.org\/finland\/#website"},"datePublished":"2020-06-04T16:53:12+00:00","dateModified":"2020-06-04T19:00:11+00:00","breadcrumb":{"@id":"https:\/\/www.spiritualemergencenetwork.org\/finland\/joutsen-finland-ry\/kausi-2020-2021\/#breadcrumb"},"inLanguage":"en-GB","potentialAction":[{"@type":"ReadAction","target":["https:\/\/www.spiritualemergencenetwork.org\/finland\/joutsen-finland-ry\/kausi-2020-2021\/"]}]},{"@type":"BreadcrumbList","@id":"https:\/\/www.spiritualemergencenetwork.org\/finland\/joutsen-finland-ry\/kausi-2020-2021\/#breadcrumb","itemListElement":[{"@type":"ListItem","position":1,"name":"Home","item":"https:\/\/www.spiritualemergencenetwork.org\/finland\/"},{"@type":"ListItem","position":2,"name":"JoutSEN &#8211; Spiritual Emergence Network Finland ry","item":"https:\/\/www.spiritualemergencenetwork.org\/finland\/joutsen-finland-ry\/"},{"@type":"ListItem","position":3,"name":"Kausi 2020-2021"}]},{"@type":"WebSite","@id":"https:\/\/www.spiritualemergencenetwork.org\/finland\/#website","url":"https:\/\/www.spiritualemergencenetwork.org\/finland\/","name":"SEN Finland","description":"Spiritual Crisis Network Finland","potentialAction":[{"@type":"SearchAction","target":{"@type":"EntryPoint","urlTemplate":"https:\/\/www.spiritualemergencenetwork.org\/finland\/?s={search_term_string}"},"query-input":{"@type":"PropertyValueSpecification","valueRequired":true,"valueName":"search_term_string"}}],"inLanguage":"en-GB"}]}},"jetpack_sharing_enabled":true,"jetpack_shortlink":"https:\/\/wp.me\/P9Efcx-9T","jetpack-related-posts":[],"_links":{"self":[{"href":"https:\/\/www.spiritualemergencenetwork.org\/finland\/wp-json\/wp\/v2\/pages\/613","targetHints":{"allow":["GET"]}}],"collection":[{"href":"https:\/\/www.spiritualemergencenetwork.org\/finland\/wp-json\/wp\/v2\/pages"}],"about":[{"href":"https:\/\/www.spiritualemergencenetwork.org\/finland\/wp-json\/wp\/v2\/types\/page"}],"author":[{"embeddable":true,"href":"https:\/\/www.spiritualemergencenetwork.org\/finland\/wp-json\/wp\/v2\/users\/22"}],"replies":[{"embeddable":true,"href":"https:\/\/www.spiritualemergencenetwork.org\/finland\/wp-json\/wp\/v2\/comments?post=613"}],"version-history":[{"count":3,"href":"https:\/\/www.spiritualemergencenetwork.org\/finland\/wp-json\/wp\/v2\/pages\/613\/revisions"}],"predecessor-version":[{"id":639,"href":"https:\/\/www.spiritualemergencenetwork.org\/finland\/wp-json\/wp\/v2\/pages\/613\/revisions\/639"}],"up":[{"embeddable":true,"href":"https:\/\/www.spiritualemergencenetwork.org\/finland\/wp-json\/wp\/v2\/pages\/453"}],"wp:attachment":[{"href":"https:\/\/www.spiritualemergencenetwork.org\/finland\/wp-json\/wp\/v2\/media?parent=613"}],"curies":[{"name":"wp","href":"https:\/\/api.w.org\/{rel}","templated":true}]}}