{"id":758,"date":"2022-06-07T19:00:30","date_gmt":"2022-06-07T16:00:30","guid":{"rendered":"https:\/\/www.spiritualemergencenetwork.org\/finland\/?page_id=758"},"modified":"2024-06-20T17:42:01","modified_gmt":"2024-06-20T14:42:01","slug":"2022-2023","status":"publish","type":"page","link":"https:\/\/www.spiritualemergencenetwork.org\/finland\/joutsen-finland-ry\/2022-2023\/","title":{"rendered":"Kausi 2022-2023"},"content":{"rendered":"\n<p>Yhdistyksen vuosikokous pidettiin 30.5.2022 ja j\u00e4rjest\u00e4ytymiskokous 7.6.2022.<\/p>\n\n\n\n<p>Hallitus toimintakaudelle 2022-2023<\/p>\n\n\n\n<ul class=\"wp-block-list\">\n<li>Puheenjohtaja: Liisa Ekosaari<\/li>\n\n\n\n<li>Varapuheenjohtaja: Michel Segerberg<\/li>\n\n\n\n<li>Sihteeri: Marja K\u00e4yhk\u00f6<\/li>\n\n\n\n<li>Taloudenhoitaja: Pasi Solonen<\/li>\n<\/ul>\n\n\n\n<p><\/p>\n\n\n\n<p>Toimintasuunnitelma 2022 -&gt; 2023, JoutSEN \u2013 Spiritual Emergence Network Finland ry.<br>Toiminta jatkuu aiempien kausien linjoilla. Vanhat viel\u00e4 toteutumattomat suunnitelmat<br>pysyv\u00e4t listalla ja niit\u00e4 edistet\u00e4\u00e4n ja toteutetaan jatkuvina, viel\u00e4 keskener\u00e4isin\u00e4 projekteina<br>hallituksen voimavarat huomioiden. Kauden p\u00e4\u00e4tavoite on pit\u00e4\u00e4 toimintamme vireill\u00e4 \u2013<br>vaikka vain pienimuotoisestikin \u2013 elpy\u00e4 hiljalleen parin viimeisen vuoden poikkeuksellisten<br>haasteiden ja v\u00e4symyksen j\u00e4lkeen.<br>J\u00e4sentoiminta \u2013 avointa SEN-yhteis\u00f6n muillekin kuin yhdistyksen varsinaisille j\u00e4senille:<\/p>\n\n\n\n<ul class=\"wp-block-list\">\n<li>Vertaistuki- ja keskusteluryhm\u00e4 Zoom, Teams tai muulla vastaavalla alustalla<\/li>\n\n\n\n<li>Matalan kynnyksen vapaamuotoisia tapaamisia (picnicit, retket, kaupunkik\u00e4velyt\u2026)<\/li>\n\n\n\n<li>Ohjelmallisia\/teemallisia (Spiritual emergence\/-emergency, kokonaisvaltainen<br>terveydenhoito) tapaamisia, keskustelu- ja esitystilaisuuksia, mahd. koulutuksia<\/li>\n\n\n\n<li>S\u00e4\u00e4nn\u00f6llisempi yhteydenpito j\u00e4senist\u00f6\u00f6n, mm. rohkaistaan osallistumaan vapaasti<br>hallituksen kokouksiin ja suunnittelupalavereihin sek\u00e4 ty\u00f6ryhmiin<br>N\u00e4kyvyys ja tiedotus:<\/li>\n\n\n\n<li>Yhdistyksen n\u00e4kyvyyden ja tunnettuuden lis\u00e4\u00e4minen, mahd. oma YouTube-kanava?<\/li>\n\n\n\n<li>Yhdistyksen toiminnasta tiedottaminen nettisivuilla ja sosiaalisessa mediassa<br>http:\/\/www.spiritualemergencenetwork.org\/finland\/,<br>https:\/\/www.facebook.com\/JoutSENFinland\/<\/li>\n\n\n\n<li>Materiaalin etsiminen, tuottaminen ja lis\u00e4\u00e4minen verkkosivulle<\/li>\n\n\n\n<li>K\u00e4\u00e4nnetyn kriisioppaan viimeistely (taittoty\u00f6), painatus ja jakelu sopiviin kohteisiin<br>Yhteisty\u00f6 ja sosiaalinen vaikuttaminen:<\/li>\n\n\n\n<li>Yhteisty\u00f6kumppanien etsiminen ja yhteydenpito muihin mielenterveytt\u00e4 ja<br>henkisyytt\u00e4 kokonaisvaltaisesti tarkasteleviin toimijoihin. Ent. yhteyksien yll\u00e4pito.<\/li>\n\n\n\n<li>Kansainv\u00e4lisen yhteisty\u00f6n jatkaminen muiden ISEN -yhteis\u00f6jen (ja ACISTEn kanssa)<\/li>\n\n\n\n<li>Spiritual emergence\/-y -k\u00e4sitteen tuntevien ja suomalaisten terapeuttien ja muiden<br>ammattilaistahojen kartoittaminen ja terapeuttilistan laatiminen<\/li>\n\n\n\n<li>Avoimeen keskusteluun rohkaiseminen ja turvallisen keskusteluilmapiirin<br>yll\u00e4pit\u00e4minen esim. sosiaalisessa mediassa<br>https:\/\/www.facebook.com\/groups\/781306565407147\/<br>Talous:<\/li>\n\n\n\n<li>Toiminnan rahoituksen suunnittelu, apurahatahojen kartoittaminen, yhdistyksille<br>vapaiden toiminta- ja tapahtumatilojen etsiminen<\/li>\n<\/ul>\n","protected":false},"excerpt":{"rendered":"<p>Yhdistyksen vuosikokous pidettiin 30.5.2022 ja j\u00e4rjest\u00e4ytymiskokous 7.6.2022. Hallitus toimintakaudelle 2022-2023 Toimintasuunnitelma 2022 -&gt; 2023, JoutSEN \u2013 Spiritual Emergence Network Finland ry.Toiminta jatkuu aiempien kausien linjoilla. Vanhat viel\u00e4 toteutumattomat suunnitelmatpysyv\u00e4t listalla ja niit\u00e4 edistet\u00e4\u00e4n ja toteutetaan jatkuvina, viel\u00e4 keskener\u00e4isin\u00e4 projekteinahallituksen voimavarat huomioiden. Kauden p\u00e4\u00e4tavoite on pit\u00e4\u00e4 toimintamme vireill\u00e4 \u2013vaikka vain pienimuotoisestikin \u2013 elpy\u00e4 hiljalleen parin viimeisen [&hellip;]<\/p>\n","protected":false},"author":28,"featured_media":0,"parent":453,"menu_order":0,"comment_status":"closed","ping_status":"closed","template":"","meta":{"_monsterinsights_skip_tracking":false,"_monsterinsights_sitenote_active":false,"_monsterinsights_sitenote_note":"","_monsterinsights_sitenote_category":0,"_uf_show_specific_survey":0,"_uf_disable_surveys":false,"_genesis_hide_title":false,"_genesis_hide_breadcrumbs":false,"_genesis_hide_singular_image":false,"_genesis_hide_footer_widgets":false,"_genesis_custom_body_class":"","_genesis_custom_post_class":"","_genesis_layout":"","jetpack_post_was_ever_published":false,"footnotes":""},"class_list":{"0":"post-758","1":"page","2":"type-page","3":"status-publish","5":"entry"},"yoast_head":"<!-- This site is optimized with the Yoast SEO plugin v27.3 - https:\/\/yoast.com\/product\/yoast-seo-wordpress\/ -->\n<title>Kausi 2022-2023 - SEN Finland<\/title>\n<meta name=\"robots\" content=\"index, follow, max-snippet:-1, max-image-preview:large, max-video-preview:-1\" \/>\n<link rel=\"canonical\" href=\"https:\/\/www.spiritualemergencenetwork.org\/finland\/joutsen-finland-ry\/2022-2023\/\" \/>\n<meta property=\"og:locale\" content=\"en_GB\" \/>\n<meta property=\"og:type\" content=\"article\" \/>\n<meta property=\"og:title\" content=\"Kausi 2022-2023 - SEN Finland\" \/>\n<meta property=\"og:description\" content=\"Yhdistyksen vuosikokous pidettiin 30.5.2022 ja j\u00e4rjest\u00e4ytymiskokous 7.6.2022. Hallitus toimintakaudelle 2022-2023 Toimintasuunnitelma 2022 -&gt; 2023, JoutSEN \u2013 Spiritual Emergence Network Finland ry.Toiminta jatkuu aiempien kausien linjoilla. Vanhat viel\u00e4 toteutumattomat suunnitelmatpysyv\u00e4t listalla ja niit\u00e4 edistet\u00e4\u00e4n ja toteutetaan jatkuvina, viel\u00e4 keskener\u00e4isin\u00e4 projekteinahallituksen voimavarat huomioiden. Kauden p\u00e4\u00e4tavoite on pit\u00e4\u00e4 toimintamme vireill\u00e4 \u2013vaikka vain pienimuotoisestikin \u2013 elpy\u00e4 hiljalleen parin viimeisen [&hellip;]\" \/>\n<meta property=\"og:url\" content=\"https:\/\/www.spiritualemergencenetwork.org\/finland\/joutsen-finland-ry\/2022-2023\/\" \/>\n<meta property=\"og:site_name\" content=\"SEN Finland\" \/>\n<meta property=\"article:modified_time\" content=\"2024-06-20T14:42:01+00:00\" \/>\n<meta name=\"twitter:card\" content=\"summary_large_image\" \/>\n<meta name=\"twitter:label1\" content=\"Estimated reading time\" \/>\n\t<meta name=\"twitter:data1\" content=\"1 minute\" \/>\n<script type=\"application\/ld+json\" class=\"yoast-schema-graph\">{\"@context\":\"https:\\\/\\\/schema.org\",\"@graph\":[{\"@type\":\"WebPage\",\"@id\":\"https:\\\/\\\/www.spiritualemergencenetwork.org\\\/finland\\\/joutsen-finland-ry\\\/2022-2023\\\/\",\"url\":\"https:\\\/\\\/www.spiritualemergencenetwork.org\\\/finland\\\/joutsen-finland-ry\\\/2022-2023\\\/\",\"name\":\"Kausi 2022-2023 - SEN Finland\",\"isPartOf\":{\"@id\":\"https:\\\/\\\/www.spiritualemergencenetwork.org\\\/finland\\\/#website\"},\"datePublished\":\"2022-06-07T16:00:30+00:00\",\"dateModified\":\"2024-06-20T14:42:01+00:00\",\"breadcrumb\":{\"@id\":\"https:\\\/\\\/www.spiritualemergencenetwork.org\\\/finland\\\/joutsen-finland-ry\\\/2022-2023\\\/#breadcrumb\"},\"inLanguage\":\"en-GB\",\"potentialAction\":[{\"@type\":\"ReadAction\",\"target\":[\"https:\\\/\\\/www.spiritualemergencenetwork.org\\\/finland\\\/joutsen-finland-ry\\\/2022-2023\\\/\"]}]},{\"@type\":\"BreadcrumbList\",\"@id\":\"https:\\\/\\\/www.spiritualemergencenetwork.org\\\/finland\\\/joutsen-finland-ry\\\/2022-2023\\\/#breadcrumb\",\"itemListElement\":[{\"@type\":\"ListItem\",\"position\":1,\"name\":\"Home\",\"item\":\"https:\\\/\\\/www.spiritualemergencenetwork.org\\\/finland\\\/\"},{\"@type\":\"ListItem\",\"position\":2,\"name\":\"JoutSEN &#8211; Spiritual Emergence Network Finland ry\",\"item\":\"https:\\\/\\\/www.spiritualemergencenetwork.org\\\/finland\\\/joutsen-finland-ry\\\/\"},{\"@type\":\"ListItem\",\"position\":3,\"name\":\"Kausi 2022-2023\"}]},{\"@type\":\"WebSite\",\"@id\":\"https:\\\/\\\/www.spiritualemergencenetwork.org\\\/finland\\\/#website\",\"url\":\"https:\\\/\\\/www.spiritualemergencenetwork.org\\\/finland\\\/\",\"name\":\"SEN Finland\",\"description\":\"Spiritual Crisis Network Finland\",\"potentialAction\":[{\"@type\":\"SearchAction\",\"target\":{\"@type\":\"EntryPoint\",\"urlTemplate\":\"https:\\\/\\\/www.spiritualemergencenetwork.org\\\/finland\\\/?s={search_term_string}\"},\"query-input\":{\"@type\":\"PropertyValueSpecification\",\"valueRequired\":true,\"valueName\":\"search_term_string\"}}],\"inLanguage\":\"en-GB\"}]}<\/script>\n<!-- \/ Yoast SEO plugin. -->","yoast_head_json":{"title":"Kausi 2022-2023 - SEN Finland","robots":{"index":"index","follow":"follow","max-snippet":"max-snippet:-1","max-image-preview":"max-image-preview:large","max-video-preview":"max-video-preview:-1"},"canonical":"https:\/\/www.spiritualemergencenetwork.org\/finland\/joutsen-finland-ry\/2022-2023\/","og_locale":"en_GB","og_type":"article","og_title":"Kausi 2022-2023 - SEN Finland","og_description":"Yhdistyksen vuosikokous pidettiin 30.5.2022 ja j\u00e4rjest\u00e4ytymiskokous 7.6.2022. Hallitus toimintakaudelle 2022-2023 Toimintasuunnitelma 2022 -&gt; 2023, JoutSEN \u2013 Spiritual Emergence Network Finland ry.Toiminta jatkuu aiempien kausien linjoilla. Vanhat viel\u00e4 toteutumattomat suunnitelmatpysyv\u00e4t listalla ja niit\u00e4 edistet\u00e4\u00e4n ja toteutetaan jatkuvina, viel\u00e4 keskener\u00e4isin\u00e4 projekteinahallituksen voimavarat huomioiden. Kauden p\u00e4\u00e4tavoite on pit\u00e4\u00e4 toimintamme vireill\u00e4 \u2013vaikka vain pienimuotoisestikin \u2013 elpy\u00e4 hiljalleen parin viimeisen [&hellip;]","og_url":"https:\/\/www.spiritualemergencenetwork.org\/finland\/joutsen-finland-ry\/2022-2023\/","og_site_name":"SEN Finland","article_modified_time":"2024-06-20T14:42:01+00:00","twitter_card":"summary_large_image","twitter_misc":{"Estimated reading time":"1 minute"},"schema":{"@context":"https:\/\/schema.org","@graph":[{"@type":"WebPage","@id":"https:\/\/www.spiritualemergencenetwork.org\/finland\/joutsen-finland-ry\/2022-2023\/","url":"https:\/\/www.spiritualemergencenetwork.org\/finland\/joutsen-finland-ry\/2022-2023\/","name":"Kausi 2022-2023 - SEN Finland","isPartOf":{"@id":"https:\/\/www.spiritualemergencenetwork.org\/finland\/#website"},"datePublished":"2022-06-07T16:00:30+00:00","dateModified":"2024-06-20T14:42:01+00:00","breadcrumb":{"@id":"https:\/\/www.spiritualemergencenetwork.org\/finland\/joutsen-finland-ry\/2022-2023\/#breadcrumb"},"inLanguage":"en-GB","potentialAction":[{"@type":"ReadAction","target":["https:\/\/www.spiritualemergencenetwork.org\/finland\/joutsen-finland-ry\/2022-2023\/"]}]},{"@type":"BreadcrumbList","@id":"https:\/\/www.spiritualemergencenetwork.org\/finland\/joutsen-finland-ry\/2022-2023\/#breadcrumb","itemListElement":[{"@type":"ListItem","position":1,"name":"Home","item":"https:\/\/www.spiritualemergencenetwork.org\/finland\/"},{"@type":"ListItem","position":2,"name":"JoutSEN &#8211; Spiritual Emergence Network Finland ry","item":"https:\/\/www.spiritualemergencenetwork.org\/finland\/joutsen-finland-ry\/"},{"@type":"ListItem","position":3,"name":"Kausi 2022-2023"}]},{"@type":"WebSite","@id":"https:\/\/www.spiritualemergencenetwork.org\/finland\/#website","url":"https:\/\/www.spiritualemergencenetwork.org\/finland\/","name":"SEN Finland","description":"Spiritual Crisis Network Finland","potentialAction":[{"@type":"SearchAction","target":{"@type":"EntryPoint","urlTemplate":"https:\/\/www.spiritualemergencenetwork.org\/finland\/?s={search_term_string}"},"query-input":{"@type":"PropertyValueSpecification","valueRequired":true,"valueName":"search_term_string"}}],"inLanguage":"en-GB"}]}},"jetpack_sharing_enabled":true,"jetpack_shortlink":"https:\/\/wp.me\/P9Efcx-ce","jetpack-related-posts":[],"_links":{"self":[{"href":"https:\/\/www.spiritualemergencenetwork.org\/finland\/wp-json\/wp\/v2\/pages\/758","targetHints":{"allow":["GET"]}}],"collection":[{"href":"https:\/\/www.spiritualemergencenetwork.org\/finland\/wp-json\/wp\/v2\/pages"}],"about":[{"href":"https:\/\/www.spiritualemergencenetwork.org\/finland\/wp-json\/wp\/v2\/types\/page"}],"author":[{"embeddable":true,"href":"https:\/\/www.spiritualemergencenetwork.org\/finland\/wp-json\/wp\/v2\/users\/28"}],"replies":[{"embeddable":true,"href":"https:\/\/www.spiritualemergencenetwork.org\/finland\/wp-json\/wp\/v2\/comments?post=758"}],"version-history":[{"count":5,"href":"https:\/\/www.spiritualemergencenetwork.org\/finland\/wp-json\/wp\/v2\/pages\/758\/revisions"}],"predecessor-version":[{"id":819,"href":"https:\/\/www.spiritualemergencenetwork.org\/finland\/wp-json\/wp\/v2\/pages\/758\/revisions\/819"}],"up":[{"embeddable":true,"href":"https:\/\/www.spiritualemergencenetwork.org\/finland\/wp-json\/wp\/v2\/pages\/453"}],"wp:attachment":[{"href":"https:\/\/www.spiritualemergencenetwork.org\/finland\/wp-json\/wp\/v2\/media?parent=758"}],"curies":[{"name":"wp","href":"https:\/\/api.w.org\/{rel}","templated":true}]}}