{"id":6,"date":"2015-12-27T17:35:19","date_gmt":"2015-12-27T17:35:19","guid":{"rendered":"http:\/\/176.32.230.45\/isen.org.uk\/?page_id=6"},"modified":"2018-11-18T14:36:56","modified_gmt":"2018-11-18T14:36:56","slug":"strona-glowna","status":"publish","type":"page","link":"https:\/\/www.spiritualemergencenetwork.org\/polski\/","title":{"rendered":"Strona g\u0142\u00f3wna"},"content":{"rendered":"<h2>U W A G A<\/h2>\n<p>Zawarte tu informacje s\u0105 alternatywnym do psychiatrycznego spojrzeniem na kryzys psychiczny. W \u017cadnym stopniu nie namawiamy Ci\u0119\u00a0do porzucenia wsparcia medycznego czy zaprzestania przyjmowania lek\u00f3w. Przedstawiamy tu jedynie dodatkowe\u00a0spojrzenie na tematyk\u0119 kryzysu, kt\u00f3re\u00a0dla pewnych os\u00f3b wydaje si\u0119 by\u0107 pomocne.\u00a0Je\u015bli wchodzisz na t\u0105 stron\u0119 oznacza to, \u017ce jest to dla ciebie zrozumia\u0142e i \u017ce bierzesz za siebie odpowiedzialno\u015b\u0107.<\/p>\n<p>Organizacj\u0105 non-profit, kt\u00f3rej misj\u0105 jest szerzenie \u015bwiadomo\u015bci na temat kryzysu i wspierania os\u00f3b przez niego przechodz\u0105cych. Towarzyszymy osobom przechodz\u0105cym przez kryzys pod\u0105\u017caj\u0105c za tym jak dana osoba go rozumie. Nie etykietujemy, nie narzucamy, jeste\u015bmy.<\/p>\n<p>\u200bWierzymy, \u017ce nikt nie powinien by\u0107 sam przechodz\u0105c przez ten trudny proces. Jednocze\u015bnie jeste\u015bmy \u015bwiadomi ogranicze\u0144 Narodowej S\u0142u\u017cby zdrowia i widzimy potrzeb\u0119 tworzenia przestrzeni wsparcia przez osoby, kt\u00f3re same do\u015bwiadczy\u0142y kryzysu i maj\u0105 przestrze\u0144 na to, \u017ceby towarzyszy\u0107 osobom kt\u00f3re nadal si\u0119 w nim znajduj\u0105. Jest to niezmiernie istotne z tego powodu, \u017ce osoba znajduj\u0105ca si\u0119 w g\u0142\u0119bokim kryzysie czuje potrzeb\u0119 bycia zrozumianym co nie zawsze jest mo\u017cliwe dla profesjonalist\u00f3w, nie ze wzgl\u0119du na brak dobrych ch\u0119ci czy edukacji, ale ze wzgl\u0119du na to, \u017ce pewne do\u015bwiadczenia mo\u017cna zrozumie\u0107 jedynie przez nie przechodz\u0105c. Drugim powodem dla kt\u00f3rego nieformalne, bezp\u0142atne \u017ar\u00f3d\u0142a pomocy s\u0105 tak istotne jest to, \u017ce do\u015bwiadczanie kryzysu nierzadko \u0142\u0105czy si\u0119 z trudno\u015bciami w podj\u0119ciu si\u0119 pracy, w zwi\u0105zku z tym nie ka\u017cdego sta\u0107 na odp\u0142atn\u0105 psychoterapi\u0119.<\/p>\n<p>Strona ma charakter edukacyjny a na ten moment udzielamy wsparcia jedynie drog\u0105 mailow\u0105. W przysz\u0142o\u015bci planujemy rozwija\u0107 projekt i tworzy\u0107 spotkania, warsztaty i grupy dla os\u00f3b w kryzysie.<\/p>\n","protected":false},"excerpt":{"rendered":"<p>U W A G A Zawarte tu informacje s\u0105 alternatywnym do psychiatrycznego spojrzeniem na kryzys psychiczny. W \u017cadnym stopniu nie namawiamy Ci\u0119\u00a0do porzucenia wsparcia medycznego czy zaprzestania przyjmowania lek\u00f3w. Przedstawiamy tu jedynie dodatkowe\u00a0spojrzenie na tematyk\u0119 kryzysu, kt\u00f3re\u00a0dla pewnych os\u00f3b wydaje si\u0119 by\u0107 pomocne.\u00a0Je\u015bli wchodzisz na t\u0105 stron\u0119 oznacza to, \u017ce jest to dla ciebie zrozumia\u0142e [&hellip;]<\/p>\n","protected":false},"author":2,"featured_media":0,"parent":0,"menu_order":0,"comment_status":"closed","ping_status":"closed","template":"","meta":{"_monsterinsights_skip_tracking":false,"_monsterinsights_sitenote_active":false,"_monsterinsights_sitenote_note":"","_monsterinsights_sitenote_category":0,"_uf_show_specific_survey":0,"_uf_disable_surveys":false,"_genesis_hide_title":false,"_genesis_hide_breadcrumbs":false,"_genesis_hide_singular_image":false,"_genesis_hide_footer_widgets":false,"_genesis_custom_body_class":"","_genesis_custom_post_class":"","_genesis_layout":"","jetpack_post_was_ever_published":false,"footnotes":""},"class_list":{"0":"post-6","1":"page","2":"type-page","3":"status-publish","5":"entry"},"yoast_head":"<!-- This site is optimized with the Yoast SEO plugin v27.4 - https:\/\/yoast.com\/product\/yoast-seo-wordpress\/ -->\n<title>kryzys psychiczny<\/title>\n<meta name=\"description\" content=\"Zawarte tu informacje s\u0105 alternatywnym do psychiatrycznego spojrzeniem na kryzys psychiczny.\" \/>\n<meta name=\"robots\" content=\"index, follow, max-snippet:-1, max-image-preview:large, max-video-preview:-1\" \/>\n<link rel=\"canonical\" href=\"https:\/\/www.spiritualemergencenetwork.org\/polski\/\" \/>\n<meta property=\"og:locale\" content=\"en_GB\" \/>\n<meta property=\"og:type\" content=\"article\" \/>\n<meta property=\"og:title\" content=\"kryzys psychiczny\" \/>\n<meta property=\"og:description\" content=\"Zawarte tu informacje s\u0105 alternatywnym do psychiatrycznego spojrzeniem na kryzys psychiczny.\" \/>\n<meta property=\"og:url\" content=\"https:\/\/www.spiritualemergencenetwork.org\/polski\/\" \/>\n<meta property=\"og:site_name\" content=\"SEN Poland\" \/>\n<meta property=\"article:modified_time\" content=\"2018-11-18T14:36:56+00:00\" \/>\n<meta name=\"twitter:card\" content=\"summary_large_image\" \/>\n<meta name=\"twitter:label1\" content=\"Estimated reading time\" \/>\n\t<meta name=\"twitter:data1\" content=\"2 minutes\" \/>\n<script type=\"application\/ld+json\" class=\"yoast-schema-graph\">{\"@context\":\"https:\\\/\\\/schema.org\",\"@graph\":[{\"@type\":\"WebPage\",\"@id\":\"https:\\\/\\\/www.spiritualemergencenetwork.org\\\/polski\\\/\",\"url\":\"https:\\\/\\\/www.spiritualemergencenetwork.org\\\/polski\\\/\",\"name\":\"kryzys psychiczny\",\"isPartOf\":{\"@id\":\"https:\\\/\\\/www.spiritualemergencenetwork.org\\\/polski\\\/#website\"},\"datePublished\":\"2015-12-27T17:35:19+00:00\",\"dateModified\":\"2018-11-18T14:36:56+00:00\",\"description\":\"Zawarte tu informacje s\u0105 alternatywnym do psychiatrycznego spojrzeniem na kryzys psychiczny.\",\"breadcrumb\":{\"@id\":\"https:\\\/\\\/www.spiritualemergencenetwork.org\\\/polski\\\/#breadcrumb\"},\"inLanguage\":\"en-GB\",\"potentialAction\":[{\"@type\":\"ReadAction\",\"target\":[\"https:\\\/\\\/www.spiritualemergencenetwork.org\\\/polski\\\/\"]}]},{\"@type\":\"BreadcrumbList\",\"@id\":\"https:\\\/\\\/www.spiritualemergencenetwork.org\\\/polski\\\/#breadcrumb\",\"itemListElement\":[{\"@type\":\"ListItem\",\"position\":1,\"name\":\"Home\",\"item\":\"https:\\\/\\\/www.spiritualemergencenetwork.org\\\/polski\\\/\"},{\"@type\":\"ListItem\",\"position\":2,\"name\":\"Strona g\u0142\u00f3wna\"}]},{\"@type\":\"WebSite\",\"@id\":\"https:\\\/\\\/www.spiritualemergencenetwork.org\\\/polski\\\/#website\",\"url\":\"https:\\\/\\\/www.spiritualemergencenetwork.org\\\/polski\\\/\",\"name\":\"SEN Poland\",\"description\":\"\",\"potentialAction\":[{\"@type\":\"SearchAction\",\"target\":{\"@type\":\"EntryPoint\",\"urlTemplate\":\"https:\\\/\\\/www.spiritualemergencenetwork.org\\\/polski\\\/?s={search_term_string}\"},\"query-input\":{\"@type\":\"PropertyValueSpecification\",\"valueRequired\":true,\"valueName\":\"search_term_string\"}}],\"inLanguage\":\"en-GB\"}]}<\/script>\n<!-- \/ Yoast SEO plugin. -->","yoast_head_json":{"title":"kryzys psychiczny","description":"Zawarte tu informacje s\u0105 alternatywnym do psychiatrycznego spojrzeniem na kryzys psychiczny.","robots":{"index":"index","follow":"follow","max-snippet":"max-snippet:-1","max-image-preview":"max-image-preview:large","max-video-preview":"max-video-preview:-1"},"canonical":"https:\/\/www.spiritualemergencenetwork.org\/polski\/","og_locale":"en_GB","og_type":"article","og_title":"kryzys psychiczny","og_description":"Zawarte tu informacje s\u0105 alternatywnym do psychiatrycznego spojrzeniem na kryzys psychiczny.","og_url":"https:\/\/www.spiritualemergencenetwork.org\/polski\/","og_site_name":"SEN Poland","article_modified_time":"2018-11-18T14:36:56+00:00","twitter_card":"summary_large_image","twitter_misc":{"Estimated reading time":"2 minutes"},"schema":{"@context":"https:\/\/schema.org","@graph":[{"@type":"WebPage","@id":"https:\/\/www.spiritualemergencenetwork.org\/polski\/","url":"https:\/\/www.spiritualemergencenetwork.org\/polski\/","name":"kryzys psychiczny","isPartOf":{"@id":"https:\/\/www.spiritualemergencenetwork.org\/polski\/#website"},"datePublished":"2015-12-27T17:35:19+00:00","dateModified":"2018-11-18T14:36:56+00:00","description":"Zawarte tu informacje s\u0105 alternatywnym do psychiatrycznego spojrzeniem na kryzys psychiczny.","breadcrumb":{"@id":"https:\/\/www.spiritualemergencenetwork.org\/polski\/#breadcrumb"},"inLanguage":"en-GB","potentialAction":[{"@type":"ReadAction","target":["https:\/\/www.spiritualemergencenetwork.org\/polski\/"]}]},{"@type":"BreadcrumbList","@id":"https:\/\/www.spiritualemergencenetwork.org\/polski\/#breadcrumb","itemListElement":[{"@type":"ListItem","position":1,"name":"Home","item":"https:\/\/www.spiritualemergencenetwork.org\/polski\/"},{"@type":"ListItem","position":2,"name":"Strona g\u0142\u00f3wna"}]},{"@type":"WebSite","@id":"https:\/\/www.spiritualemergencenetwork.org\/polski\/#website","url":"https:\/\/www.spiritualemergencenetwork.org\/polski\/","name":"SEN Poland","description":"","potentialAction":[{"@type":"SearchAction","target":{"@type":"EntryPoint","urlTemplate":"https:\/\/www.spiritualemergencenetwork.org\/polski\/?s={search_term_string}"},"query-input":{"@type":"PropertyValueSpecification","valueRequired":true,"valueName":"search_term_string"}}],"inLanguage":"en-GB"}]}},"jetpack_sharing_enabled":true,"jetpack_shortlink":"https:\/\/wp.me\/P88ZMJ-6","jetpack-related-posts":[],"_links":{"self":[{"href":"https:\/\/www.spiritualemergencenetwork.org\/polski\/wp-json\/wp\/v2\/pages\/6","targetHints":{"allow":["GET"]}}],"collection":[{"href":"https:\/\/www.spiritualemergencenetwork.org\/polski\/wp-json\/wp\/v2\/pages"}],"about":[{"href":"https:\/\/www.spiritualemergencenetwork.org\/polski\/wp-json\/wp\/v2\/types\/page"}],"author":[{"embeddable":true,"href":"https:\/\/www.spiritualemergencenetwork.org\/polski\/wp-json\/wp\/v2\/users\/2"}],"replies":[{"embeddable":true,"href":"https:\/\/www.spiritualemergencenetwork.org\/polski\/wp-json\/wp\/v2\/comments?post=6"}],"version-history":[{"count":15,"href":"https:\/\/www.spiritualemergencenetwork.org\/polski\/wp-json\/wp\/v2\/pages\/6\/revisions"}],"predecessor-version":[{"id":268,"href":"https:\/\/www.spiritualemergencenetwork.org\/polski\/wp-json\/wp\/v2\/pages\/6\/revisions\/268"}],"wp:attachment":[{"href":"https:\/\/www.spiritualemergencenetwork.org\/polski\/wp-json\/wp\/v2\/media?parent=6"}],"curies":[{"name":"wp","href":"https:\/\/api.w.org\/{rel}","templated":true}]}}