{"id":208,"date":"2018-07-12T13:30:36","date_gmt":"2018-07-12T11:30:36","guid":{"rendered":"http:\/\/www.spiritualemergencenetwork.org\/slovakia\/?page_id=208"},"modified":"2023-11-22T15:11:21","modified_gmt":"2023-11-22T14:11:21","slug":"mission","status":"publish","type":"page","link":"https:\/\/www.spiritualemergencenetwork.org\/slovakia\/mission\/","title":{"rendered":"Poslanie"},"content":{"rendered":"\n<p>Na\u0161a v\u00edzia<\/p>\n\n\n\n<p>Na\u0161e etick\u00e9 normy s\u00fa prepojen\u00e9 s na\u0161ou v\u00edziou:<\/p>\n\n\n\n<p>&#8220; Ver\u00edme v svet, v ktorom v\u0161etky n\u00e1rody a r\u00f4zne kult\u00fary s\u00fa pripraven\u00e9 akceptova\u0165 duchovno du\u0161evn\u00fd rast ako s\u00fa\u010das\u0165 \u017eivota ka\u017ed\u00e9ho jednotlivca, aby tak prispeli k pozit\u00edvnemu posunu smerom k vy\u0161\u0161ej forme vedomia pre cel\u00e9 \u013eudstvo.&#8220;<\/p>\n\n\n\n<p>Poslanie<\/p>\n\n\n\n<p><a href=\"https:\/\/www.spiritualemergencenetwork.org\/\">ISEN<\/a> je presved\u010den\u00fd o tom, \u017ee nasleduj\u00face hodnoty odr\u00e1\u017eaj\u00fa spr\u00e1vanie, ktor\u00e9 je z\u00e1kladom n\u00e1\u0161ho organiza\u010dn\u00e9ho \u00e9tosu:<\/p>\n\n\n\n<ul class=\"wp-block-list\">\n<li>D\u00f4vera- Je pre n\u00e1s d\u00f4le\u017eit\u00e9, aby prostredie, v ktorom sa pohybujeme bolo miestom \u00faprimnej komunik\u00e1cie, ktor\u00e1 podporuje na\u0161e hlbok\u00e9 presved\u010denie o tom, \u017ee ka\u017ed\u00fd \u010dlovek si zasl\u00fa\u017ei d\u00f4veru a zaobch\u00e1dzanie s re\u0161pektom. \u013dudia a organiz\u00e1cie, ktor\u00e9 zdie\u013eaj\u00fa rovnak\u00e9 ciele ako my, s\u00fa pre n\u00e1s partneri a nie konkurenti. \u017divot vn\u00edmame ako pr\u00edle\u017eitos\u0165 na vzdel\u00e1vanie a rast.<\/li>\n\n\n\n<li>Pr\u00e1vomoc pri rozhodovan\u00ed a zodpovednos\u0165 &#8211; Pr\u00e1vomoc a zodpovednos\u0165 v na\u0161ej skupine predstavuje auton\u00f3miu individu\u00e1lneho a kolekt\u00edvneho povedomia. M\u00e1me z\u00e1ujem posil\u0148ova\u0165 ostatn\u00fdch. Pom\u00e1hame \u013eu\u010fom vz\u00e1jomne sa ovplyv\u0148ova\u0165 na z\u00e1sade celistvosti a z\u00e1rove\u0148 zabezpe\u010dujeme, aby bol vypo\u010dut\u00fd hlas ka\u017ed\u00e9ho.<\/li>\n\n\n\n<li>Integrita &#8211; \u0160trukt\u00fary a procesy v r\u00e1mci na\u0161ej organiz\u00e1cie s\u00fa zalo\u017een\u00e9 na stupni d\u00f4very a zodpovednosti jednotlivcov. Na\u0161e rozhodnutia a dodr\u017eiavanie na\u0161ich hodn\u00f4t sp\u013a\u0148aj\u00fa tie najvy\u0161\u0161ie etick\u00e9 \u0161tandardy, ktor\u00e9 s\u00fa antidiskrimina\u010dn\u00e9. M\u00e1me z\u00e1ujem na dosiahnut\u00ed spolo\u010dn\u00e9ho dobra a nie \u010diastkov\u00fdch individu\u00e1lnych z\u00e1ujmoch.<\/li>\n\n\n\n<li>Na\u0161u misiu intuit\u00edvne vedie n\u00e1\u0161 duch, ako aj n\u00e1\u0161 z\u00e1ujem zmierni\u0165 utrpenie \u013eud\u00ed pre\u017e\u00edvaj\u00facich duchovn\u00fa kr\u00edzu a \u0161\u00edri\u0165 povedomie o existencii transperson\u00e1lneho vedomia pre bud\u00face gener\u00e1cie.<\/li>\n\n\n\n<li>Transparentnos\u0165 &#8211; Sme interne aj externe transparentn\u00ed vo v\u0161etk\u00fdch na\u0161ich aktivit\u00e1ch, ktor\u00e9 zah\u0155\u0148aj\u00fa n\u00e1\u0161 informa\u010dn\u00fd tok, \u0161trukt\u00faru riadenia, financie, aktivity a dohody o partnerstve. Sme otvoren\u00ed a pr\u00edstupn\u00ed verejnej a vn\u00fatornej kontrole.<\/li>\n\n\n\n<li>Kolekt\u00edvna inteligencia &#8211; Na\u0161e strat\u00e9gie a iniciat\u00edvy sa odohr\u00e1vaj\u00fa organicky. Organiz\u00e1cia a \u013eudia v nej sa vyv\u00edjaj\u00fa prostredn\u00edctvom kolekt\u00edvnej m\u00fadrosti. Sme toho n\u00e1zoru, \u017ee \u013eudsk\u00e9 bytosti a organiz\u00e1cie ako \u017eiv\u00e9 syst\u00e9my s\u00fa pln\u00e9 potenci\u00e1lu, ktor\u00fd \u010dak\u00e1 na rozvinutie.<\/li>\n\n\n\n<li>Povedomie &#8211; V r\u00e1mci rozhodovanc\u00edch procesov pracujeme citlivo, autenticky za pou\u017eitia faktov, ale aj vlastn\u00fdch em\u00f3ci\u00ed a intu\u00edcie. M\u00e1me z\u00e1ujem podporova\u0165 vedom\u00fa empatiu vo\u010di potreb\u00e1m druh\u00fdch, aby sme tak posilnili vlastn\u00e9 siln\u00e9 str\u00e1nky, ale z\u00e1rove\u0148 prijali aj na\u0161u zranite\u013enos\u0165. Ver\u00edme v svet, v r\u00e1mci ktor\u00e9ho je ka\u017ed\u00fd schopn\u00fd prija\u0165 a stoto\u017eni\u0165 sa s duchovnou evol\u00faciou ako aj prejavova\u0165 sa a \u017ei\u0165 na vy\u0161\u0161ej \u00farovni vedomia.<\/li>\n<\/ul>\n","protected":false},"excerpt":{"rendered":"<p>Na\u0161a v\u00edzia Na\u0161e etick\u00e9 normy s\u00fa prepojen\u00e9 s na\u0161ou v\u00edziou: &#8220; Ver\u00edme v svet, v ktorom v\u0161etky n\u00e1rody a r\u00f4zne kult\u00fary s\u00fa pripraven\u00e9 akceptova\u0165 duchovno du\u0161evn\u00fd rast ako s\u00fa\u010das\u0165 \u017eivota ka\u017ed\u00e9ho jednotlivca, aby tak prispeli k pozit\u00edvnemu posunu smerom k vy\u0161\u0161ej forme vedomia pre cel\u00e9 \u013eudstvo.&#8220; Poslanie ISEN je presved\u010den\u00fd o tom, \u017ee nasleduj\u00face hodnoty [&hellip;]<\/p>\n","protected":false},"author":2,"featured_media":0,"parent":0,"menu_order":0,"comment_status":"closed","ping_status":"closed","template":"","meta":{"_monsterinsights_skip_tracking":false,"_monsterinsights_sitenote_active":false,"_monsterinsights_sitenote_note":"","_monsterinsights_sitenote_category":0,"_uf_show_specific_survey":0,"_uf_disable_surveys":false,"_genesis_hide_title":false,"_genesis_hide_breadcrumbs":false,"_genesis_hide_singular_image":false,"_genesis_hide_footer_widgets":false,"_genesis_custom_body_class":"","_genesis_custom_post_class":"","_genesis_layout":"","footnotes":""},"class_list":{"0":"post-208","1":"page","2":"type-page","3":"status-publish","5":"entry"},"yoast_head":"<!-- This site is optimized with the Yoast SEO plugin v27.5 - https:\/\/yoast.com\/product\/yoast-seo-wordpress\/ -->\n<title>Poslanie - SEN Slovensko a \u010cesko<\/title>\n<meta name=\"robots\" content=\"index, follow, max-snippet:-1, max-image-preview:large, max-video-preview:-1\" \/>\n<link rel=\"canonical\" href=\"https:\/\/www.spiritualemergencenetwork.org\/slovakia\/mission\/\" \/>\n<meta property=\"og:locale\" content=\"sk_SK\" \/>\n<meta property=\"og:type\" content=\"article\" \/>\n<meta property=\"og:title\" content=\"Poslanie - SEN Slovensko a \u010cesko\" \/>\n<meta property=\"og:description\" content=\"Na\u0161a v\u00edzia Na\u0161e etick\u00e9 normy s\u00fa prepojen\u00e9 s na\u0161ou v\u00edziou: &#8220; Ver\u00edme v svet, v ktorom v\u0161etky n\u00e1rody a r\u00f4zne kult\u00fary s\u00fa pripraven\u00e9 akceptova\u0165 duchovno du\u0161evn\u00fd rast ako s\u00fa\u010das\u0165 \u017eivota ka\u017ed\u00e9ho jednotlivca, aby tak prispeli k pozit\u00edvnemu posunu smerom k vy\u0161\u0161ej forme vedomia pre cel\u00e9 \u013eudstvo.&#8220; Poslanie ISEN je presved\u010den\u00fd o tom, \u017ee nasleduj\u00face hodnoty [&hellip;]\" \/>\n<meta property=\"og:url\" content=\"https:\/\/www.spiritualemergencenetwork.org\/slovakia\/mission\/\" \/>\n<meta property=\"og:site_name\" content=\"SEN Slovensko a \u010cesko\" \/>\n<meta property=\"article:modified_time\" content=\"2023-11-22T14:11:21+00:00\" \/>\n<meta name=\"twitter:card\" content=\"summary_large_image\" \/>\n<meta name=\"twitter:label1\" content=\"Predpokladan\u00fd \u010das \u010d\u00edtania\" \/>\n\t<meta name=\"twitter:data1\" content=\"2 min\u00faty\" \/>\n<script type=\"application\/ld+json\" class=\"yoast-schema-graph\">{\"@context\":\"https:\\\/\\\/schema.org\",\"@graph\":[{\"@type\":\"WebPage\",\"@id\":\"https:\\\/\\\/www.spiritualemergencenetwork.org\\\/slovakia\\\/mission\\\/\",\"url\":\"https:\\\/\\\/www.spiritualemergencenetwork.org\\\/slovakia\\\/mission\\\/\",\"name\":\"Poslanie - SEN Slovensko a \u010cesko\",\"isPartOf\":{\"@id\":\"https:\\\/\\\/www.spiritualemergencenetwork.org\\\/slovakia\\\/#website\"},\"datePublished\":\"2018-07-12T11:30:36+00:00\",\"dateModified\":\"2023-11-22T14:11:21+00:00\",\"breadcrumb\":{\"@id\":\"https:\\\/\\\/www.spiritualemergencenetwork.org\\\/slovakia\\\/mission\\\/#breadcrumb\"},\"inLanguage\":\"sk-SK\",\"potentialAction\":[{\"@type\":\"ReadAction\",\"target\":[\"https:\\\/\\\/www.spiritualemergencenetwork.org\\\/slovakia\\\/mission\\\/\"]}]},{\"@type\":\"BreadcrumbList\",\"@id\":\"https:\\\/\\\/www.spiritualemergencenetwork.org\\\/slovakia\\\/mission\\\/#breadcrumb\",\"itemListElement\":[{\"@type\":\"ListItem\",\"position\":1,\"name\":\"Home\",\"item\":\"https:\\\/\\\/www.spiritualemergencenetwork.org\\\/slovakia\\\/\"},{\"@type\":\"ListItem\",\"position\":2,\"name\":\"Poslanie\"}]},{\"@type\":\"WebSite\",\"@id\":\"https:\\\/\\\/www.spiritualemergencenetwork.org\\\/slovakia\\\/#website\",\"url\":\"https:\\\/\\\/www.spiritualemergencenetwork.org\\\/slovakia\\\/\",\"name\":\"SEN Slovensko a \u010cesko\",\"description\":\"Part of the International Spiritual Emergence Network\",\"potentialAction\":[{\"@type\":\"SearchAction\",\"target\":{\"@type\":\"EntryPoint\",\"urlTemplate\":\"https:\\\/\\\/www.spiritualemergencenetwork.org\\\/slovakia\\\/?s={search_term_string}\"},\"query-input\":{\"@type\":\"PropertyValueSpecification\",\"valueRequired\":true,\"valueName\":\"search_term_string\"}}],\"inLanguage\":\"sk-SK\"}]}<\/script>\n<!-- \/ Yoast SEO plugin. -->","yoast_head_json":{"title":"Poslanie - SEN Slovensko a \u010cesko","robots":{"index":"index","follow":"follow","max-snippet":"max-snippet:-1","max-image-preview":"max-image-preview:large","max-video-preview":"max-video-preview:-1"},"canonical":"https:\/\/www.spiritualemergencenetwork.org\/slovakia\/mission\/","og_locale":"sk_SK","og_type":"article","og_title":"Poslanie - SEN Slovensko a \u010cesko","og_description":"Na\u0161a v\u00edzia Na\u0161e etick\u00e9 normy s\u00fa prepojen\u00e9 s na\u0161ou v\u00edziou: &#8220; Ver\u00edme v svet, v ktorom v\u0161etky n\u00e1rody a r\u00f4zne kult\u00fary s\u00fa pripraven\u00e9 akceptova\u0165 duchovno du\u0161evn\u00fd rast ako s\u00fa\u010das\u0165 \u017eivota ka\u017ed\u00e9ho jednotlivca, aby tak prispeli k pozit\u00edvnemu posunu smerom k vy\u0161\u0161ej forme vedomia pre cel\u00e9 \u013eudstvo.&#8220; Poslanie ISEN je presved\u010den\u00fd o tom, \u017ee nasleduj\u00face hodnoty [&hellip;]","og_url":"https:\/\/www.spiritualemergencenetwork.org\/slovakia\/mission\/","og_site_name":"SEN Slovensko a \u010cesko","article_modified_time":"2023-11-22T14:11:21+00:00","twitter_card":"summary_large_image","twitter_misc":{"Predpokladan\u00fd \u010das \u010d\u00edtania":"2 min\u00faty"},"schema":{"@context":"https:\/\/schema.org","@graph":[{"@type":"WebPage","@id":"https:\/\/www.spiritualemergencenetwork.org\/slovakia\/mission\/","url":"https:\/\/www.spiritualemergencenetwork.org\/slovakia\/mission\/","name":"Poslanie - SEN Slovensko a \u010cesko","isPartOf":{"@id":"https:\/\/www.spiritualemergencenetwork.org\/slovakia\/#website"},"datePublished":"2018-07-12T11:30:36+00:00","dateModified":"2023-11-22T14:11:21+00:00","breadcrumb":{"@id":"https:\/\/www.spiritualemergencenetwork.org\/slovakia\/mission\/#breadcrumb"},"inLanguage":"sk-SK","potentialAction":[{"@type":"ReadAction","target":["https:\/\/www.spiritualemergencenetwork.org\/slovakia\/mission\/"]}]},{"@type":"BreadcrumbList","@id":"https:\/\/www.spiritualemergencenetwork.org\/slovakia\/mission\/#breadcrumb","itemListElement":[{"@type":"ListItem","position":1,"name":"Home","item":"https:\/\/www.spiritualemergencenetwork.org\/slovakia\/"},{"@type":"ListItem","position":2,"name":"Poslanie"}]},{"@type":"WebSite","@id":"https:\/\/www.spiritualemergencenetwork.org\/slovakia\/#website","url":"https:\/\/www.spiritualemergencenetwork.org\/slovakia\/","name":"SEN Slovensko a \u010cesko","description":"Part of the International Spiritual Emergence Network","potentialAction":[{"@type":"SearchAction","target":{"@type":"EntryPoint","urlTemplate":"https:\/\/www.spiritualemergencenetwork.org\/slovakia\/?s={search_term_string}"},"query-input":{"@type":"PropertyValueSpecification","valueRequired":true,"valueName":"search_term_string"}}],"inLanguage":"sk-SK"}]}},"jetpack_sharing_enabled":true,"jetpack_shortlink":"https:\/\/wp.me\/Pa1D9F-3m","jetpack-related-posts":[],"_links":{"self":[{"href":"https:\/\/www.spiritualemergencenetwork.org\/slovakia\/wp-json\/wp\/v2\/pages\/208","targetHints":{"allow":["GET"]}}],"collection":[{"href":"https:\/\/www.spiritualemergencenetwork.org\/slovakia\/wp-json\/wp\/v2\/pages"}],"about":[{"href":"https:\/\/www.spiritualemergencenetwork.org\/slovakia\/wp-json\/wp\/v2\/types\/page"}],"author":[{"embeddable":true,"href":"https:\/\/www.spiritualemergencenetwork.org\/slovakia\/wp-json\/wp\/v2\/users\/2"}],"replies":[{"embeddable":true,"href":"https:\/\/www.spiritualemergencenetwork.org\/slovakia\/wp-json\/wp\/v2\/comments?post=208"}],"version-history":[{"count":7,"href":"https:\/\/www.spiritualemergencenetwork.org\/slovakia\/wp-json\/wp\/v2\/pages\/208\/revisions"}],"predecessor-version":[{"id":1392,"href":"https:\/\/www.spiritualemergencenetwork.org\/slovakia\/wp-json\/wp\/v2\/pages\/208\/revisions\/1392"}],"wp:attachment":[{"href":"https:\/\/www.spiritualemergencenetwork.org\/slovakia\/wp-json\/wp\/v2\/media?parent=208"}],"curies":[{"name":"wp","href":"https:\/\/api.w.org\/{rel}","templated":true}]}}