{"id":211,"date":"2018-07-12T13:31:05","date_gmt":"2018-07-12T12:31:05","guid":{"rendered":"http:\/\/www.spiritualemergencenetwork.org\/slovakia\/?page_id=211"},"modified":"2021-08-27T15:24:36","modified_gmt":"2021-08-27T13:24:36","slug":"isen","status":"publish","type":"page","link":"https:\/\/www.spiritualemergencenetwork.org\/slovakia\/isen\/","title":{"rendered":"Psychospiritu\u00e1lna kr\u00edza\/Du\u0161evnoduchovn\u00fd rast"},"content":{"rendered":"<p>Psychospiritu\u00e1lnu kr\u00edzu m\u00f4\u017eeme charakterizova\u0165 ako n\u00fadzov\u00fa situ\u00e1ciu v r\u00e1mci du\u0161evnoduchovn\u00e9ho v\u00fdvoja, respekt\u00edve pre\u017e\u00edvanie \u201cdu\u0161evnej nepohody v oblasti duchovna\u201d a mo\u017en\u00e9ho naru\u0161enia rovnov\u00e1hy v oblasti du\u0161evn\u00e9ho zdravia.<\/p>\n<p>Tis\u00edce a tis\u00edce \u013eud\u00ed na celom svete prech\u00e1dzaj\u00fa duchovn\u00fdmi z\u00e1\u017eitkami, respekt\u00edve preb\u00fadzaj\u00fa sa do vy\u0161\u0161ej \u00farovne vedomia, \u010d\u00edm z\u00e1rove\u0148 otv\u00e1raj\u00fa mo\u017enosti realiz\u00e1cie n\u00e1\u0161ho kolekt\u00edvneho \u013eudsk\u00e9ho potenci\u00e1lu. Na druhej strane v\u0161ak tak\u00e9to z\u00e1\u017eitky m\u00f4\u017eu by\u0165 v r\u00e1mci individu\u00e1lneho kult\u00farneho r\u00e1mca aj extr\u00e9mne destabilizuj\u00face, \u010do m\u00e1 za n\u00e1sledok rast\u00faci po\u010det \u013eud\u00ed, ktor\u00ed maj\u00fa probl\u00e9my s du\u0161evn\u00fdm zdrav\u00edm.<\/p>\n<p>S\u00fa\u010dasn\u00fd vedeck\u00fd v\u00fdskum v tejto oblasti sa prikl\u00e1\u0148a k n\u00e1zoru, \u017ee ak jednotlivci pre\u017e\u00edvaj\u00faci duchovn\u00e9 sk\u00fasenosti a z\u00e1\u017eitky ch\u00e1pu tento v\u00fdvoj ako nepatologick\u00fd, pravdepodobnos\u0165, \u017ee ich duchovn\u00e9 z\u00e1\u017eitky prejd\u00fa do kr\u00edzy sa zni\u017euje.<\/p>\n<p>\u013dudia za\u017e\u00edvaj\u00faci tzv.psychospiritu\u00e1lnu kr\u00edzu potrebuj\u00fa nielen spr\u00e1vne inform\u00e1cie o tom, \u010do pre\u017e\u00edvaj\u00fa, ale aj podporu a porozumenie od t\u00fdch, ktor\u00ed maj\u00fa podobn\u00e9 sk\u00fasenosti, respekt\u00edve disponuj\u00fa potrebn\u00fdm vzdelan\u00edm a zru\u010dnos\u0165ami za \u00fa\u010delom poskytnutia nevyhnutnej pomoci \u013eu\u010fom, ktor\u00ed psychospiritu\u00e1lnu kr\u00edzu pre\u017e\u00edvaj\u00fa, ale predov\u0161etk\u00fdm uznanie, \u017ee, to \u010do t\u00edto \u013eudia v r\u00e1mci psychospiritu\u00e1lnej kr\u00edzy za\u017e\u00edvaj\u00fa, nie je znakom du\u0161evnej choroby.<\/p>\n<p>Psychospiritu\u00e1lna kr\u00edza tzv. \u201cspiritual emergency\u201d je term\u00edn vytvoren\u00fd v roku 1980, zn\u00e1mym americk\u00fdm psychiatrom \u010desk\u00e9ho p\u00f4vodu MUDr. Stanislavom Grofom a jeho man\u017eelkou Christinou Grofovou. Psychospiritu\u00e1lne kr\u00edzy, respekt\u00edve n\u00fadzov\u00e9 situ\u00e1cie sa t\u00fdkaj\u00fa prirodzen\u00e9ho chodu udalost\u00ed v r\u00e1mci osobnej duchovnej evol\u00facie ka\u017ed\u00e9ho jednotlivca. Pri pre\u017e\u00edvan\u00ed ur\u010dit\u00fdch netypick\u00fdch situ\u00e1ci\u00ed, ktor\u00e9 m\u00f4\u017eu naru\u0161i\u0165 du\u0161evn\u00fa harm\u00f3niu v r\u00e1mci individu\u00e1lneho duchovn\u00e9ho v\u00fdvoja, sa jedinec, ktor\u00fd tak\u00e9to nie\u010do za\u017e\u00edva, m\u00f4\u017ee c\u00edti\u0165 dezorientovan\u00fd a ohromen\u00fd intenzitou pre\u017e\u00edvan\u00e9ho, ktor\u00e9 sa ned\u00e1 vysvetli\u0165 intelektom, nako\u013eko sa to nach\u00e1dza za hranicou racion\u00e1lneho.<\/p>\n<p>Psychospiritua\u00e1lna kr\u00edza je vlastne bio-psycho-socio-spiritu\u00e1lna transform\u00e1cia, ktor\u00e1 sa bu\u010f odohr\u00e1 v priebehu ur\u010dit\u00e9ho \u010dasu postupne, alebo m\u00f4\u017ee nast\u00fapi\u0165 ve\u013emi n\u00e1hle. N\u00fadzov\u00e1 situ\u00e1cia, ktor\u00e1 nastane n\u00e1hle, \u010dasto iniciovan\u00e1 traumatizuj\u00facim z\u00e1\u017eitkom, sa ozna\u010duje ako psychospiritu\u00e1lna kr\u00edza. Po\u010das tejto kr\u00edzy sa proces tzv. duchovn\u00e9ho prebudenia bez adekv\u00e1tnej pomoci od kompetentn\u00fdch os\u00f4b m\u00f4\u017ee sta\u0165 nezvl\u00e1dnute\u013en\u00fdm. \u013dudia pre\u017e\u00edvaj\u00faci psychospiritu\u00e1lnukr\u00edzu, za predpokladu, \u017ee im je poskytnut\u00e1 primeran\u00e1 pomoc a podpora, s\u00fa schopn\u00ed pozit\u00edvne integrova\u0165 svoje z\u00e1\u017eitky a sk\u00fasenosti, pochopi\u0165 zmysluplnos\u0165 \u017eivota a fungova\u0165 na vy\u0161\u0161ej \u00farovni vedomia ako pred kr\u00edzou. Niektor\u00ed jednotlivci, ktor\u00ed kr\u00edzou pre\u0161li ju charakterizuj\u00fa aj ako du\u0161evn\u00fa kr\u00edzu, du\u0161evn\u00e1 nepohodu, kr\u00edzu du\u0161evn\u00e9ho zdravia, alebo du\u0161evn\u00fa disharm\u00f3niu.<\/p>\n<p>Typick\u00e9 pr\u00edznaky psychospiritu\u00e1lnej kr\u00edzi m\u00f4\u017eu zah\u0155\u0148a\u0165 nasledovn\u00e9:<\/p>\n<ul>\n<li>N\u00e1stup nezvy\u010dajn\u00fdch vn\u00fatorn\u00fdch z\u00e1\u017eitkov t\u00fdkaj\u00facich sa fyzickej, du\u0161evnej a duchovnej \u00farovne, respekt\u00edve inform\u00e1ci\u00ed, ktor\u00e9 boli pre jednotlivca predt\u00fdm nezn\u00e1me<\/li>\n<li>\u0164a\u017ekosti pri plnen\u00ed po\u017eiadavok ka\u017edodenn\u00e9ho \u017eivota<\/li>\n<li>Neschopnos\u0165 rozl\u00ed\u0161i\u0165 transperson\u00e1lny svet od sveta pre\u017e\u00edvanej reality<\/li>\n<li>V\u00fdskyt n\u00e1valov siln\u00fdch energi\u00ed\u00a0 na fyzickej \u00farovni tela<\/li>\n<li>Nutkanie zveri\u0165 sa so svojimi (predov\u0161etk\u00fdm duchovn\u00fdmi z\u00e1\u017eitkami) tretej osobe<\/li>\n<li>Pocit, \u017ee m\u00e1te neobvykl\u00e9 alebo nadprirodzen\u00e9 schopnosti a ste jedin\u00ed na svete, ktor\u00ed poznaj\u00fa &#8222;skuto\u010dn\u00fa pravdu&#8220;<\/li>\n<li>Pocity bl\u00ed\u017eiacej sa smrti<\/li>\n<li>Pr\u00edtomnos\u0165 anom\u00e1lnej percepcie<\/li>\n<\/ul>\n","protected":false},"excerpt":{"rendered":"<p>Psychospiritu\u00e1lnu kr\u00edzu m\u00f4\u017eeme charakterizova\u0165 ako n\u00fadzov\u00fa situ\u00e1ciu v r\u00e1mci du\u0161evnoduchovn\u00e9ho v\u00fdvoja, respekt\u00edve pre\u017e\u00edvanie \u201cdu\u0161evnej nepohody v oblasti duchovna\u201d a mo\u017en\u00e9ho naru\u0161enia rovnov\u00e1hy v oblasti du\u0161evn\u00e9ho zdravia. Tis\u00edce a tis\u00edce \u013eud\u00ed na celom svete prech\u00e1dzaj\u00fa duchovn\u00fdmi z\u00e1\u017eitkami, respekt\u00edve preb\u00fadzaj\u00fa sa do vy\u0161\u0161ej \u00farovne vedomia, \u010d\u00edm z\u00e1rove\u0148 otv\u00e1raj\u00fa mo\u017enosti realiz\u00e1cie n\u00e1\u0161ho kolekt\u00edvneho \u013eudsk\u00e9ho potenci\u00e1lu. Na druhej strane [&hellip;]<\/p>\n","protected":false},"author":2,"featured_media":0,"parent":0,"menu_order":0,"comment_status":"closed","ping_status":"closed","template":"","meta":{"_monsterinsights_skip_tracking":false,"_monsterinsights_sitenote_active":false,"_monsterinsights_sitenote_note":"","_monsterinsights_sitenote_category":0,"_uf_show_specific_survey":0,"_uf_disable_surveys":false,"_genesis_hide_title":false,"_genesis_hide_breadcrumbs":false,"_genesis_hide_singular_image":false,"_genesis_hide_footer_widgets":false,"_genesis_custom_body_class":"","_genesis_custom_post_class":"","_genesis_layout":"","footnotes":""},"class_list":{"0":"post-211","1":"page","2":"type-page","3":"status-publish","5":"entry"},"yoast_head":"<!-- This site is optimized with the Yoast SEO plugin v27.5 - https:\/\/yoast.com\/product\/yoast-seo-wordpress\/ -->\n<title>Psychospiritu\u00e1lna kr\u00edza\/Du\u0161evnoduchovn\u00fd rast - SEN Slovensko a \u010cesko<\/title>\n<meta name=\"robots\" content=\"index, follow, max-snippet:-1, max-image-preview:large, max-video-preview:-1\" \/>\n<link rel=\"canonical\" href=\"https:\/\/www.spiritualemergencenetwork.org\/slovakia\/isen\/\" \/>\n<meta property=\"og:locale\" content=\"sk_SK\" \/>\n<meta property=\"og:type\" content=\"article\" \/>\n<meta property=\"og:title\" content=\"Psychospiritu\u00e1lna kr\u00edza\/Du\u0161evnoduchovn\u00fd rast - SEN Slovensko a \u010cesko\" \/>\n<meta property=\"og:description\" content=\"Psychospiritu\u00e1lnu kr\u00edzu m\u00f4\u017eeme charakterizova\u0165 ako n\u00fadzov\u00fa situ\u00e1ciu v r\u00e1mci du\u0161evnoduchovn\u00e9ho v\u00fdvoja, respekt\u00edve pre\u017e\u00edvanie \u201cdu\u0161evnej nepohody v oblasti duchovna\u201d a mo\u017en\u00e9ho naru\u0161enia rovnov\u00e1hy v oblasti du\u0161evn\u00e9ho zdravia. Tis\u00edce a tis\u00edce \u013eud\u00ed na celom svete prech\u00e1dzaj\u00fa duchovn\u00fdmi z\u00e1\u017eitkami, respekt\u00edve preb\u00fadzaj\u00fa sa do vy\u0161\u0161ej \u00farovne vedomia, \u010d\u00edm z\u00e1rove\u0148 otv\u00e1raj\u00fa mo\u017enosti realiz\u00e1cie n\u00e1\u0161ho kolekt\u00edvneho \u013eudsk\u00e9ho potenci\u00e1lu. Na druhej strane [&hellip;]\" \/>\n<meta property=\"og:url\" content=\"https:\/\/www.spiritualemergencenetwork.org\/slovakia\/isen\/\" \/>\n<meta property=\"og:site_name\" content=\"SEN Slovensko a \u010cesko\" \/>\n<meta property=\"article:modified_time\" content=\"2021-08-27T13:24:36+00:00\" \/>\n<meta name=\"twitter:card\" content=\"summary_large_image\" \/>\n<meta name=\"twitter:label1\" content=\"Predpokladan\u00fd \u010das \u010d\u00edtania\" \/>\n\t<meta name=\"twitter:data1\" content=\"2 min\u00faty\" \/>\n<script type=\"application\/ld+json\" class=\"yoast-schema-graph\">{\"@context\":\"https:\\\/\\\/schema.org\",\"@graph\":[{\"@type\":\"WebPage\",\"@id\":\"https:\\\/\\\/www.spiritualemergencenetwork.org\\\/slovakia\\\/isen\\\/\",\"url\":\"https:\\\/\\\/www.spiritualemergencenetwork.org\\\/slovakia\\\/isen\\\/\",\"name\":\"Psychospiritu\u00e1lna kr\u00edza\\\/Du\u0161evnoduchovn\u00fd rast - SEN Slovensko a \u010cesko\",\"isPartOf\":{\"@id\":\"https:\\\/\\\/www.spiritualemergencenetwork.org\\\/slovakia\\\/#website\"},\"datePublished\":\"2018-07-12T12:31:05+00:00\",\"dateModified\":\"2021-08-27T13:24:36+00:00\",\"breadcrumb\":{\"@id\":\"https:\\\/\\\/www.spiritualemergencenetwork.org\\\/slovakia\\\/isen\\\/#breadcrumb\"},\"inLanguage\":\"sk-SK\",\"potentialAction\":[{\"@type\":\"ReadAction\",\"target\":[\"https:\\\/\\\/www.spiritualemergencenetwork.org\\\/slovakia\\\/isen\\\/\"]}]},{\"@type\":\"BreadcrumbList\",\"@id\":\"https:\\\/\\\/www.spiritualemergencenetwork.org\\\/slovakia\\\/isen\\\/#breadcrumb\",\"itemListElement\":[{\"@type\":\"ListItem\",\"position\":1,\"name\":\"Home\",\"item\":\"https:\\\/\\\/www.spiritualemergencenetwork.org\\\/slovakia\\\/\"},{\"@type\":\"ListItem\",\"position\":2,\"name\":\"Psychospiritu\u00e1lna kr\u00edza\\\/Du\u0161evnoduchovn\u00fd rast\"}]},{\"@type\":\"WebSite\",\"@id\":\"https:\\\/\\\/www.spiritualemergencenetwork.org\\\/slovakia\\\/#website\",\"url\":\"https:\\\/\\\/www.spiritualemergencenetwork.org\\\/slovakia\\\/\",\"name\":\"SEN Slovensko a \u010cesko\",\"description\":\"Part of the International Spiritual Emergence Network\",\"potentialAction\":[{\"@type\":\"SearchAction\",\"target\":{\"@type\":\"EntryPoint\",\"urlTemplate\":\"https:\\\/\\\/www.spiritualemergencenetwork.org\\\/slovakia\\\/?s={search_term_string}\"},\"query-input\":{\"@type\":\"PropertyValueSpecification\",\"valueRequired\":true,\"valueName\":\"search_term_string\"}}],\"inLanguage\":\"sk-SK\"}]}<\/script>\n<!-- \/ Yoast SEO plugin. -->","yoast_head_json":{"title":"Psychospiritu\u00e1lna kr\u00edza\/Du\u0161evnoduchovn\u00fd rast - SEN Slovensko a \u010cesko","robots":{"index":"index","follow":"follow","max-snippet":"max-snippet:-1","max-image-preview":"max-image-preview:large","max-video-preview":"max-video-preview:-1"},"canonical":"https:\/\/www.spiritualemergencenetwork.org\/slovakia\/isen\/","og_locale":"sk_SK","og_type":"article","og_title":"Psychospiritu\u00e1lna kr\u00edza\/Du\u0161evnoduchovn\u00fd rast - SEN Slovensko a \u010cesko","og_description":"Psychospiritu\u00e1lnu kr\u00edzu m\u00f4\u017eeme charakterizova\u0165 ako n\u00fadzov\u00fa situ\u00e1ciu v r\u00e1mci du\u0161evnoduchovn\u00e9ho v\u00fdvoja, respekt\u00edve pre\u017e\u00edvanie \u201cdu\u0161evnej nepohody v oblasti duchovna\u201d a mo\u017en\u00e9ho naru\u0161enia rovnov\u00e1hy v oblasti du\u0161evn\u00e9ho zdravia. Tis\u00edce a tis\u00edce \u013eud\u00ed na celom svete prech\u00e1dzaj\u00fa duchovn\u00fdmi z\u00e1\u017eitkami, respekt\u00edve preb\u00fadzaj\u00fa sa do vy\u0161\u0161ej \u00farovne vedomia, \u010d\u00edm z\u00e1rove\u0148 otv\u00e1raj\u00fa mo\u017enosti realiz\u00e1cie n\u00e1\u0161ho kolekt\u00edvneho \u013eudsk\u00e9ho potenci\u00e1lu. Na druhej strane [&hellip;]","og_url":"https:\/\/www.spiritualemergencenetwork.org\/slovakia\/isen\/","og_site_name":"SEN Slovensko a \u010cesko","article_modified_time":"2021-08-27T13:24:36+00:00","twitter_card":"summary_large_image","twitter_misc":{"Predpokladan\u00fd \u010das \u010d\u00edtania":"2 min\u00faty"},"schema":{"@context":"https:\/\/schema.org","@graph":[{"@type":"WebPage","@id":"https:\/\/www.spiritualemergencenetwork.org\/slovakia\/isen\/","url":"https:\/\/www.spiritualemergencenetwork.org\/slovakia\/isen\/","name":"Psychospiritu\u00e1lna kr\u00edza\/Du\u0161evnoduchovn\u00fd rast - SEN Slovensko a \u010cesko","isPartOf":{"@id":"https:\/\/www.spiritualemergencenetwork.org\/slovakia\/#website"},"datePublished":"2018-07-12T12:31:05+00:00","dateModified":"2021-08-27T13:24:36+00:00","breadcrumb":{"@id":"https:\/\/www.spiritualemergencenetwork.org\/slovakia\/isen\/#breadcrumb"},"inLanguage":"sk-SK","potentialAction":[{"@type":"ReadAction","target":["https:\/\/www.spiritualemergencenetwork.org\/slovakia\/isen\/"]}]},{"@type":"BreadcrumbList","@id":"https:\/\/www.spiritualemergencenetwork.org\/slovakia\/isen\/#breadcrumb","itemListElement":[{"@type":"ListItem","position":1,"name":"Home","item":"https:\/\/www.spiritualemergencenetwork.org\/slovakia\/"},{"@type":"ListItem","position":2,"name":"Psychospiritu\u00e1lna kr\u00edza\/Du\u0161evnoduchovn\u00fd rast"}]},{"@type":"WebSite","@id":"https:\/\/www.spiritualemergencenetwork.org\/slovakia\/#website","url":"https:\/\/www.spiritualemergencenetwork.org\/slovakia\/","name":"SEN Slovensko a \u010cesko","description":"Part of the International Spiritual Emergence Network","potentialAction":[{"@type":"SearchAction","target":{"@type":"EntryPoint","urlTemplate":"https:\/\/www.spiritualemergencenetwork.org\/slovakia\/?s={search_term_string}"},"query-input":{"@type":"PropertyValueSpecification","valueRequired":true,"valueName":"search_term_string"}}],"inLanguage":"sk-SK"}]}},"jetpack_sharing_enabled":true,"jetpack_shortlink":"https:\/\/wp.me\/Pa1D9F-3p","jetpack-related-posts":[],"_links":{"self":[{"href":"https:\/\/www.spiritualemergencenetwork.org\/slovakia\/wp-json\/wp\/v2\/pages\/211","targetHints":{"allow":["GET"]}}],"collection":[{"href":"https:\/\/www.spiritualemergencenetwork.org\/slovakia\/wp-json\/wp\/v2\/pages"}],"about":[{"href":"https:\/\/www.spiritualemergencenetwork.org\/slovakia\/wp-json\/wp\/v2\/types\/page"}],"author":[{"embeddable":true,"href":"https:\/\/www.spiritualemergencenetwork.org\/slovakia\/wp-json\/wp\/v2\/users\/2"}],"replies":[{"embeddable":true,"href":"https:\/\/www.spiritualemergencenetwork.org\/slovakia\/wp-json\/wp\/v2\/comments?post=211"}],"version-history":[{"count":13,"href":"https:\/\/www.spiritualemergencenetwork.org\/slovakia\/wp-json\/wp\/v2\/pages\/211\/revisions"}],"predecessor-version":[{"id":1286,"href":"https:\/\/www.spiritualemergencenetwork.org\/slovakia\/wp-json\/wp\/v2\/pages\/211\/revisions\/1286"}],"wp:attachment":[{"href":"https:\/\/www.spiritualemergencenetwork.org\/slovakia\/wp-json\/wp\/v2\/media?parent=211"}],"curies":[{"name":"wp","href":"https:\/\/api.w.org\/{rel}","templated":true}]}}