{"id":214,"date":"2018-07-12T13:31:36","date_gmt":"2018-07-12T12:31:36","guid":{"rendered":"http:\/\/www.spiritualemergencenetwork.org\/slovakia\/?page_id=214"},"modified":"2023-11-22T15:09:54","modified_gmt":"2023-11-22T14:09:54","slug":"what-is-spiritual-emergence","status":"publish","type":"page","link":"https:\/\/www.spiritualemergencenetwork.org\/slovakia\/what-is-spiritual-emergence\/","title":{"rendered":"Medzin\u00e1rodn\u00e1 platforma ISEN"},"content":{"rendered":"\n<p><a href=\"https:\/\/www.spiritualemergencenetwork.org\/\">Platforma ISEN<\/a> (International Spiritual Emergence Network), je \u017eivotne d\u00f4le\u017eit\u00fdm zdrojom a formou spolupr\u00e1ce, ktor\u00e1 sp\u00e1ja lok\u00e1lne siete SEN na celom svete. Sna\u017e\u00edme sa prepoji\u0165 existuj\u00face siete zameran\u00e9 na rozvoj celkov\u00e9ho du\u0161evn\u00e9ho zdravia a pohody a pom\u00e1ha\u0165 pri vytv\u00e1ran\u00ed nov\u00fdch siet\u00ed v krajin\u00e1ch, kde e\u0161te neexistuj\u00fa, pri\u010dom na\u0161ou \u00falohou je sp\u00e1ja\u0165 \u013eud\u00ed, ktor\u00ed potrebuj\u00fa pomoc s t\u00fdmi, ktor\u00ed pom\u00f4c\u0165 m\u00f4\u017eu.<\/p>\n","protected":false},"excerpt":{"rendered":"<p>Platforma ISEN (International Spiritual Emergence Network), je \u017eivotne d\u00f4le\u017eit\u00fdm zdrojom a formou spolupr\u00e1ce, ktor\u00e1 sp\u00e1ja lok\u00e1lne siete SEN na celom svete. Sna\u017e\u00edme sa prepoji\u0165 existuj\u00face siete zameran\u00e9 na rozvoj celkov\u00e9ho du\u0161evn\u00e9ho zdravia a pohody a pom\u00e1ha\u0165 pri vytv\u00e1ran\u00ed nov\u00fdch siet\u00ed v krajin\u00e1ch, kde e\u0161te neexistuj\u00fa, pri\u010dom na\u0161ou \u00falohou je sp\u00e1ja\u0165 \u013eud\u00ed, ktor\u00ed potrebuj\u00fa pomoc s [&hellip;]<\/p>\n","protected":false},"author":2,"featured_media":0,"parent":0,"menu_order":0,"comment_status":"closed","ping_status":"closed","template":"","meta":{"_monsterinsights_skip_tracking":false,"_monsterinsights_sitenote_active":false,"_monsterinsights_sitenote_note":"","_monsterinsights_sitenote_category":0,"_uf_show_specific_survey":0,"_uf_disable_surveys":false,"_genesis_hide_title":false,"_genesis_hide_breadcrumbs":false,"_genesis_hide_singular_image":false,"_genesis_hide_footer_widgets":false,"_genesis_custom_body_class":"","_genesis_custom_post_class":"","_genesis_layout":"","footnotes":""},"class_list":{"0":"post-214","1":"page","2":"type-page","3":"status-publish","5":"entry"},"yoast_head":"<!-- This site is optimized with the Yoast SEO plugin v27.5 - https:\/\/yoast.com\/product\/yoast-seo-wordpress\/ -->\n<title>Medzin\u00e1rodn\u00e1 platforma ISEN - SEN Slovensko a \u010cesko<\/title>\n<meta name=\"robots\" content=\"index, follow, max-snippet:-1, max-image-preview:large, max-video-preview:-1\" \/>\n<link rel=\"canonical\" href=\"https:\/\/www.spiritualemergencenetwork.org\/slovakia\/what-is-spiritual-emergence\/\" \/>\n<meta property=\"og:locale\" content=\"sk_SK\" \/>\n<meta property=\"og:type\" content=\"article\" \/>\n<meta property=\"og:title\" content=\"Medzin\u00e1rodn\u00e1 platforma ISEN - SEN Slovensko a \u010cesko\" \/>\n<meta property=\"og:description\" content=\"Platforma ISEN (International Spiritual Emergence Network), je \u017eivotne d\u00f4le\u017eit\u00fdm zdrojom a formou spolupr\u00e1ce, ktor\u00e1 sp\u00e1ja lok\u00e1lne siete SEN na celom svete. Sna\u017e\u00edme sa prepoji\u0165 existuj\u00face siete zameran\u00e9 na rozvoj celkov\u00e9ho du\u0161evn\u00e9ho zdravia a pohody a pom\u00e1ha\u0165 pri vytv\u00e1ran\u00ed nov\u00fdch siet\u00ed v krajin\u00e1ch, kde e\u0161te neexistuj\u00fa, pri\u010dom na\u0161ou \u00falohou je sp\u00e1ja\u0165 \u013eud\u00ed, ktor\u00ed potrebuj\u00fa pomoc s [&hellip;]\" \/>\n<meta property=\"og:url\" content=\"https:\/\/www.spiritualemergencenetwork.org\/slovakia\/what-is-spiritual-emergence\/\" \/>\n<meta property=\"og:site_name\" content=\"SEN Slovensko a \u010cesko\" \/>\n<meta property=\"article:modified_time\" content=\"2023-11-22T14:09:54+00:00\" \/>\n<meta name=\"twitter:card\" content=\"summary_large_image\" \/>\n<meta name=\"twitter:label1\" content=\"Predpokladan\u00fd \u010das \u010d\u00edtania\" \/>\n\t<meta name=\"twitter:data1\" content=\"1 min\u00fata\" \/>\n<script type=\"application\/ld+json\" class=\"yoast-schema-graph\">{\"@context\":\"https:\\\/\\\/schema.org\",\"@graph\":[{\"@type\":\"WebPage\",\"@id\":\"https:\\\/\\\/www.spiritualemergencenetwork.org\\\/slovakia\\\/what-is-spiritual-emergence\\\/\",\"url\":\"https:\\\/\\\/www.spiritualemergencenetwork.org\\\/slovakia\\\/what-is-spiritual-emergence\\\/\",\"name\":\"Medzin\u00e1rodn\u00e1 platforma ISEN - SEN Slovensko a \u010cesko\",\"isPartOf\":{\"@id\":\"https:\\\/\\\/www.spiritualemergencenetwork.org\\\/slovakia\\\/#website\"},\"datePublished\":\"2018-07-12T12:31:36+00:00\",\"dateModified\":\"2023-11-22T14:09:54+00:00\",\"breadcrumb\":{\"@id\":\"https:\\\/\\\/www.spiritualemergencenetwork.org\\\/slovakia\\\/what-is-spiritual-emergence\\\/#breadcrumb\"},\"inLanguage\":\"sk-SK\",\"potentialAction\":[{\"@type\":\"ReadAction\",\"target\":[\"https:\\\/\\\/www.spiritualemergencenetwork.org\\\/slovakia\\\/what-is-spiritual-emergence\\\/\"]}]},{\"@type\":\"BreadcrumbList\",\"@id\":\"https:\\\/\\\/www.spiritualemergencenetwork.org\\\/slovakia\\\/what-is-spiritual-emergence\\\/#breadcrumb\",\"itemListElement\":[{\"@type\":\"ListItem\",\"position\":1,\"name\":\"Home\",\"item\":\"https:\\\/\\\/www.spiritualemergencenetwork.org\\\/slovakia\\\/\"},{\"@type\":\"ListItem\",\"position\":2,\"name\":\"Medzin\u00e1rodn\u00e1 platforma ISEN\"}]},{\"@type\":\"WebSite\",\"@id\":\"https:\\\/\\\/www.spiritualemergencenetwork.org\\\/slovakia\\\/#website\",\"url\":\"https:\\\/\\\/www.spiritualemergencenetwork.org\\\/slovakia\\\/\",\"name\":\"SEN Slovensko a \u010cesko\",\"description\":\"Part of the International Spiritual Emergence Network\",\"potentialAction\":[{\"@type\":\"SearchAction\",\"target\":{\"@type\":\"EntryPoint\",\"urlTemplate\":\"https:\\\/\\\/www.spiritualemergencenetwork.org\\\/slovakia\\\/?s={search_term_string}\"},\"query-input\":{\"@type\":\"PropertyValueSpecification\",\"valueRequired\":true,\"valueName\":\"search_term_string\"}}],\"inLanguage\":\"sk-SK\"}]}<\/script>\n<!-- \/ Yoast SEO plugin. -->","yoast_head_json":{"title":"Medzin\u00e1rodn\u00e1 platforma ISEN - SEN Slovensko a \u010cesko","robots":{"index":"index","follow":"follow","max-snippet":"max-snippet:-1","max-image-preview":"max-image-preview:large","max-video-preview":"max-video-preview:-1"},"canonical":"https:\/\/www.spiritualemergencenetwork.org\/slovakia\/what-is-spiritual-emergence\/","og_locale":"sk_SK","og_type":"article","og_title":"Medzin\u00e1rodn\u00e1 platforma ISEN - SEN Slovensko a \u010cesko","og_description":"Platforma ISEN (International Spiritual Emergence Network), je \u017eivotne d\u00f4le\u017eit\u00fdm zdrojom a formou spolupr\u00e1ce, ktor\u00e1 sp\u00e1ja lok\u00e1lne siete SEN na celom svete. Sna\u017e\u00edme sa prepoji\u0165 existuj\u00face siete zameran\u00e9 na rozvoj celkov\u00e9ho du\u0161evn\u00e9ho zdravia a pohody a pom\u00e1ha\u0165 pri vytv\u00e1ran\u00ed nov\u00fdch siet\u00ed v krajin\u00e1ch, kde e\u0161te neexistuj\u00fa, pri\u010dom na\u0161ou \u00falohou je sp\u00e1ja\u0165 \u013eud\u00ed, ktor\u00ed potrebuj\u00fa pomoc s [&hellip;]","og_url":"https:\/\/www.spiritualemergencenetwork.org\/slovakia\/what-is-spiritual-emergence\/","og_site_name":"SEN Slovensko a \u010cesko","article_modified_time":"2023-11-22T14:09:54+00:00","twitter_card":"summary_large_image","twitter_misc":{"Predpokladan\u00fd \u010das \u010d\u00edtania":"1 min\u00fata"},"schema":{"@context":"https:\/\/schema.org","@graph":[{"@type":"WebPage","@id":"https:\/\/www.spiritualemergencenetwork.org\/slovakia\/what-is-spiritual-emergence\/","url":"https:\/\/www.spiritualemergencenetwork.org\/slovakia\/what-is-spiritual-emergence\/","name":"Medzin\u00e1rodn\u00e1 platforma ISEN - SEN Slovensko a \u010cesko","isPartOf":{"@id":"https:\/\/www.spiritualemergencenetwork.org\/slovakia\/#website"},"datePublished":"2018-07-12T12:31:36+00:00","dateModified":"2023-11-22T14:09:54+00:00","breadcrumb":{"@id":"https:\/\/www.spiritualemergencenetwork.org\/slovakia\/what-is-spiritual-emergence\/#breadcrumb"},"inLanguage":"sk-SK","potentialAction":[{"@type":"ReadAction","target":["https:\/\/www.spiritualemergencenetwork.org\/slovakia\/what-is-spiritual-emergence\/"]}]},{"@type":"BreadcrumbList","@id":"https:\/\/www.spiritualemergencenetwork.org\/slovakia\/what-is-spiritual-emergence\/#breadcrumb","itemListElement":[{"@type":"ListItem","position":1,"name":"Home","item":"https:\/\/www.spiritualemergencenetwork.org\/slovakia\/"},{"@type":"ListItem","position":2,"name":"Medzin\u00e1rodn\u00e1 platforma ISEN"}]},{"@type":"WebSite","@id":"https:\/\/www.spiritualemergencenetwork.org\/slovakia\/#website","url":"https:\/\/www.spiritualemergencenetwork.org\/slovakia\/","name":"SEN Slovensko a \u010cesko","description":"Part of the International Spiritual Emergence Network","potentialAction":[{"@type":"SearchAction","target":{"@type":"EntryPoint","urlTemplate":"https:\/\/www.spiritualemergencenetwork.org\/slovakia\/?s={search_term_string}"},"query-input":{"@type":"PropertyValueSpecification","valueRequired":true,"valueName":"search_term_string"}}],"inLanguage":"sk-SK"}]}},"jetpack_sharing_enabled":true,"jetpack_shortlink":"https:\/\/wp.me\/Pa1D9F-3s","jetpack-related-posts":[],"_links":{"self":[{"href":"https:\/\/www.spiritualemergencenetwork.org\/slovakia\/wp-json\/wp\/v2\/pages\/214","targetHints":{"allow":["GET"]}}],"collection":[{"href":"https:\/\/www.spiritualemergencenetwork.org\/slovakia\/wp-json\/wp\/v2\/pages"}],"about":[{"href":"https:\/\/www.spiritualemergencenetwork.org\/slovakia\/wp-json\/wp\/v2\/types\/page"}],"author":[{"embeddable":true,"href":"https:\/\/www.spiritualemergencenetwork.org\/slovakia\/wp-json\/wp\/v2\/users\/2"}],"replies":[{"embeddable":true,"href":"https:\/\/www.spiritualemergencenetwork.org\/slovakia\/wp-json\/wp\/v2\/comments?post=214"}],"version-history":[{"count":6,"href":"https:\/\/www.spiritualemergencenetwork.org\/slovakia\/wp-json\/wp\/v2\/pages\/214\/revisions"}],"predecessor-version":[{"id":1391,"href":"https:\/\/www.spiritualemergencenetwork.org\/slovakia\/wp-json\/wp\/v2\/pages\/214\/revisions\/1391"}],"wp:attachment":[{"href":"https:\/\/www.spiritualemergencenetwork.org\/slovakia\/wp-json\/wp\/v2\/media?parent=214"}],"curies":[{"name":"wp","href":"https:\/\/api.w.org\/{rel}","templated":true}]}}