{"id":443,"date":"2018-10-08T21:56:22","date_gmt":"2018-10-08T19:56:22","guid":{"rendered":"http:\/\/www.spiritualemergencenetwork.org\/slovakia\/?page_id=443"},"modified":"2023-11-22T15:17:18","modified_gmt":"2023-11-22T14:17:18","slug":"pomoc-v-duchovnej-krize-pdf-brozurka","status":"publish","type":"page","link":"https:\/\/www.spiritualemergencenetwork.org\/slovakia\/pomoc-v-duchovnej-krize-pdf-brozurka\/","title":{"rendered":"Pr\u00edru\u010dka pre \u013eud\u00ed v du\u0161evnej nepohode (psychospiritu\u00e1lnej kr\u00edze) \/ PDF bro\u017e\u00farka"},"content":{"rendered":"\n<p>Mil\u00ed priatelia,<\/p>\n\n\n\n<p>Kr\u00edza je pre ka\u017ed\u00e9ho rozdielna, ale jedna vec je pre n\u00e1s v\u0161etk\u00fdch rovnak\u00e1; ke\u010f sme v kr\u00edze, c\u00edtime sa, ako by sa na n\u00e1s v\u0161etko r\u00facalo zo v\u0161etk\u00fdch str\u00e1n.<\/p>\n\n\n\n<p>Na\u0161a jednoduch\u00e1 pr\u00edru\u010dka, ktor\u00fa zostavil t\u00edm nad\u0161encov v na\u0161ej centr\u00e1le ISEN, poskytuje niektor\u00e9 jednoduch\u00e9, ale d\u00f4le\u017eit\u00e9 n\u00e1stroje, ktor\u00e9 v\u00e1m pom\u00f4\u017eu riadi\u0165 proces Va\u0161ej psychospiritu\u00e1lnej kr\u00edzy tak, aby ste sa z nej v kone\u010dnom d\u00f4sledku dostali.<\/p>\n\n\n\n<p>Ak budeme veri\u0165 v to, \u017ee sk\u00fasenosti a z\u00e1\u017eitky, ktor\u00e9 v r\u00e1mci na\u0161ej kr\u00edzy za\u017e\u00edvame s\u00fa &#8222;norm\u00e1lne&#8220;, skuto\u010dn\u00e9, prirodzen\u00e9 a zmyslupln\u00e9, m\u00f4\u017ee by\u0165 t\u00e1to viera jedn\u00fdm z najd\u00f4le\u017eitej\u0161\u00edch aspektov na\u0161ej lie\u010dby, ako aj osobn\u00e9ho a duchovn\u00e9ho rastu.<\/p>\n\n\n\n<p>Ak prech\u00e1dzate psychospiritu\u00e1lnou kr\u00edzou, je d\u00f4le\u017eit\u00e9 si uvedomi\u0165, \u017ee v tom nie ste sami! To, \u010d\u00edm prech\u00e1dzate, je be\u017enou s\u00fa\u010das\u0165ou procesu hojenia. Nie ste bl\u00e1zon. Naopak, vyv\u00edjate sa a narast\u00e1te do celistvosti a to je bolestiv\u00fd proces.<\/p>\n\n\n\n<p>Tento kompaktn\u00fd kr\u00edzov\u00fd sprievodca\/bro\u017e\u00farka (vi\u010f link ni\u017e\u0161ie) vo forme bro\u017e\u00farky pon\u00faka jednoduch\u00e9 usmernenie po\u010das pre\u017e\u00edvania Va\u0161ej kr\u00edzy.<\/p>\n\n\n\n<p>M\u00e1me za to, \u017ee intervencie v r\u00e1mci integrat\u00edvneho du\u0161evn\u00e9ho wellnessu, integrat\u00edvneho du\u0161evn\u00e9ho zdravia a integrat\u00edvnej du\u0161evnej medic\u00edny zameran\u00e9 na \u010dloveka ako celostn\u00fa bytos\u0165 pom\u00f4\u017eu prekona\u0165 kr\u00edzu prekona\u0165.<\/p>\n\n\n\n<p>Obsahuje:<\/p>\n\n\n\n<ul class=\"wp-block-list\">\n<li>R\u00fdchle tipy<\/li>\n\n\n\n<li>Poradenstvo pre uzemnenie<\/li>\n\n\n\n<li>Na koho\u00a0sa obr\u00e1ti\u0165 v pr\u00edpade n\u00fadze<\/li>\n\n\n\n<li>\u010co m\u00f4\u017eete urobi\u0165, aby ste sa posilnili?<\/li>\n<\/ul>\n\n\n\n<p><\/p>\n\n\n\n<p><a href=\"http:\/\/www.spiritualemergencenetwork.org\/slovakia\/wp-content\/uploads\/sites\/17\/2018\/10\/Krize-CZ-rev1.pdf\">Bro\u017e\u00farka &#8211; Pomoc v duchovnej kr\u00edze.pdf<\/a> &#8211; P\u0159elo\u017eeno Pavlovi Tomanovi<\/p>\n\n\n\n<figure class=\"wp-block-image\"><a href=\"https:\/\/i0.wp.com\/www.spiritualemergencenetwork.org\/slovakia\/wp-content\/uploads\/sites\/17\/2018\/10\/Slide1.jpg\"><img data-recalc-dims=\"1\" loading=\"lazy\" decoding=\"async\" width=\"300\" height=\"225\" data-attachment-id=\"449\" data-permalink=\"https:\/\/www.spiritualemergencenetwork.org\/slovakia\/pomoc-v-duchovnej-krize-pdf-brozurka\/slide1\/\" data-orig-file=\"https:\/\/i0.wp.com\/www.spiritualemergencenetwork.org\/slovakia\/wp-content\/uploads\/sites\/17\/2018\/10\/Slide1.jpg?fit=960%2C720&amp;ssl=1\" data-orig-size=\"960,720\" data-comments-opened=\"1\" data-image-meta=\"{&quot;aperture&quot;:&quot;0&quot;,&quot;credit&quot;:&quot;&quot;,&quot;camera&quot;:&quot;&quot;,&quot;caption&quot;:&quot;&quot;,&quot;created_timestamp&quot;:&quot;0&quot;,&quot;copyright&quot;:&quot;&quot;,&quot;focal_length&quot;:&quot;0&quot;,&quot;iso&quot;:&quot;0&quot;,&quot;shutter_speed&quot;:&quot;0&quot;,&quot;title&quot;:&quot;&quot;,&quot;orientation&quot;:&quot;0&quot;}\" data-image-title=\"strana 1\" data-image-description=\"\" data-image-caption=\"\" data-large-file=\"https:\/\/i0.wp.com\/www.spiritualemergencenetwork.org\/slovakia\/wp-content\/uploads\/sites\/17\/2018\/10\/Slide1.jpg?fit=960%2C720&amp;ssl=1\" src=\"https:\/\/i0.wp.com\/www.spiritualemergencenetwork.org\/slovakia\/wp-content\/uploads\/sites\/17\/2018\/10\/Slide1-300x225.jpg?resize=300%2C225\" alt=\"\" class=\"wp-image-449\" srcset=\"https:\/\/i0.wp.com\/www.spiritualemergencenetwork.org\/slovakia\/wp-content\/uploads\/sites\/17\/2018\/10\/Slide1.jpg?resize=300%2C225&amp;ssl=1 300w, https:\/\/i0.wp.com\/www.spiritualemergencenetwork.org\/slovakia\/wp-content\/uploads\/sites\/17\/2018\/10\/Slide1.jpg?resize=768%2C576&amp;ssl=1 768w, https:\/\/i0.wp.com\/www.spiritualemergencenetwork.org\/slovakia\/wp-content\/uploads\/sites\/17\/2018\/10\/Slide1.jpg?w=960&amp;ssl=1 960w\" sizes=\"auto, (max-width: 300px) 100vw, 300px\" \/><\/a><\/figure>\n\n\n\n<figure class=\"wp-block-image\"><a href=\"https:\/\/i0.wp.com\/www.spiritualemergencenetwork.org\/slovakia\/wp-content\/uploads\/sites\/17\/2018\/10\/Slide2.jpg\"><img data-recalc-dims=\"1\" loading=\"lazy\" decoding=\"async\" width=\"300\" height=\"225\" data-attachment-id=\"450\" data-permalink=\"https:\/\/www.spiritualemergencenetwork.org\/slovakia\/pomoc-v-duchovnej-krize-pdf-brozurka\/slide2\/\" data-orig-file=\"https:\/\/i0.wp.com\/www.spiritualemergencenetwork.org\/slovakia\/wp-content\/uploads\/sites\/17\/2018\/10\/Slide2.jpg?fit=960%2C720&amp;ssl=1\" data-orig-size=\"960,720\" data-comments-opened=\"1\" data-image-meta=\"{&quot;aperture&quot;:&quot;0&quot;,&quot;credit&quot;:&quot;&quot;,&quot;camera&quot;:&quot;&quot;,&quot;caption&quot;:&quot;&quot;,&quot;created_timestamp&quot;:&quot;0&quot;,&quot;copyright&quot;:&quot;&quot;,&quot;focal_length&quot;:&quot;0&quot;,&quot;iso&quot;:&quot;0&quot;,&quot;shutter_speed&quot;:&quot;0&quot;,&quot;title&quot;:&quot;&quot;,&quot;orientation&quot;:&quot;0&quot;}\" data-image-title=\"Strana 2\" data-image-description=\"\" data-image-caption=\"\" data-large-file=\"https:\/\/i0.wp.com\/www.spiritualemergencenetwork.org\/slovakia\/wp-content\/uploads\/sites\/17\/2018\/10\/Slide2.jpg?fit=960%2C720&amp;ssl=1\" src=\"https:\/\/i0.wp.com\/www.spiritualemergencenetwork.org\/slovakia\/wp-content\/uploads\/sites\/17\/2018\/10\/Slide2-300x225.jpg?resize=300%2C225\" alt=\"\" class=\"wp-image-450\" srcset=\"https:\/\/i0.wp.com\/www.spiritualemergencenetwork.org\/slovakia\/wp-content\/uploads\/sites\/17\/2018\/10\/Slide2.jpg?resize=300%2C225&amp;ssl=1 300w, https:\/\/i0.wp.com\/www.spiritualemergencenetwork.org\/slovakia\/wp-content\/uploads\/sites\/17\/2018\/10\/Slide2.jpg?resize=768%2C576&amp;ssl=1 768w, https:\/\/i0.wp.com\/www.spiritualemergencenetwork.org\/slovakia\/wp-content\/uploads\/sites\/17\/2018\/10\/Slide2.jpg?w=960&amp;ssl=1 960w\" sizes=\"auto, (max-width: 300px) 100vw, 300px\" \/><\/a><\/figure>\n","protected":false},"excerpt":{"rendered":"<p>Mil\u00ed priatelia, Kr\u00edza je pre ka\u017ed\u00e9ho rozdielna, ale jedna vec je pre n\u00e1s v\u0161etk\u00fdch rovnak\u00e1; ke\u010f sme v kr\u00edze, c\u00edtime sa, ako by sa na n\u00e1s v\u0161etko r\u00facalo zo v\u0161etk\u00fdch str\u00e1n. Na\u0161a jednoduch\u00e1 pr\u00edru\u010dka, ktor\u00fa zostavil t\u00edm nad\u0161encov v na\u0161ej centr\u00e1le ISEN, poskytuje niektor\u00e9 jednoduch\u00e9, ale d\u00f4le\u017eit\u00e9 n\u00e1stroje, ktor\u00e9 v\u00e1m pom\u00f4\u017eu riadi\u0165 proces Va\u0161ej psychospiritu\u00e1lnej [&hellip;]<\/p>\n","protected":false},"author":27,"featured_media":0,"parent":0,"menu_order":0,"comment_status":"closed","ping_status":"closed","template":"","meta":{"_monsterinsights_skip_tracking":false,"_monsterinsights_sitenote_active":false,"_monsterinsights_sitenote_note":"","_monsterinsights_sitenote_category":0,"_uf_show_specific_survey":0,"_uf_disable_surveys":false,"_genesis_hide_title":false,"_genesis_hide_breadcrumbs":false,"_genesis_hide_singular_image":false,"_genesis_hide_footer_widgets":false,"_genesis_custom_body_class":"","_genesis_custom_post_class":"","_genesis_layout":"","jetpack_post_was_ever_published":false,"footnotes":""},"class_list":{"0":"post-443","1":"page","2":"type-page","3":"status-publish","5":"entry"},"yoast_head":"<!-- This site is optimized with the Yoast SEO plugin v27.5 - https:\/\/yoast.com\/product\/yoast-seo-wordpress\/ -->\n<title>Pr\u00edru\u010dka pre \u013eud\u00ed v du\u0161evnej nepohode (psychospiritu\u00e1lnej kr\u00edze) \/ PDF bro\u017e\u00farka - SEN Slovensko a \u010cesko<\/title>\n<meta name=\"robots\" content=\"index, follow, max-snippet:-1, max-image-preview:large, max-video-preview:-1\" \/>\n<link rel=\"canonical\" href=\"https:\/\/www.spiritualemergencenetwork.org\/slovakia\/pomoc-v-duchovnej-krize-pdf-brozurka\/\" \/>\n<meta property=\"og:locale\" content=\"sk_SK\" \/>\n<meta property=\"og:type\" content=\"article\" \/>\n<meta property=\"og:title\" content=\"Pr\u00edru\u010dka pre \u013eud\u00ed v du\u0161evnej nepohode (psychospiritu\u00e1lnej kr\u00edze) \/ PDF bro\u017e\u00farka - SEN Slovensko a \u010cesko\" \/>\n<meta property=\"og:description\" content=\"Mil\u00ed priatelia, Kr\u00edza je pre ka\u017ed\u00e9ho rozdielna, ale jedna vec je pre n\u00e1s v\u0161etk\u00fdch rovnak\u00e1; ke\u010f sme v kr\u00edze, c\u00edtime sa, ako by sa na n\u00e1s v\u0161etko r\u00facalo zo v\u0161etk\u00fdch str\u00e1n. Na\u0161a jednoduch\u00e1 pr\u00edru\u010dka, ktor\u00fa zostavil t\u00edm nad\u0161encov v na\u0161ej centr\u00e1le ISEN, poskytuje niektor\u00e9 jednoduch\u00e9, ale d\u00f4le\u017eit\u00e9 n\u00e1stroje, ktor\u00e9 v\u00e1m pom\u00f4\u017eu riadi\u0165 proces Va\u0161ej psychospiritu\u00e1lnej [&hellip;]\" \/>\n<meta property=\"og:url\" content=\"https:\/\/www.spiritualemergencenetwork.org\/slovakia\/pomoc-v-duchovnej-krize-pdf-brozurka\/\" \/>\n<meta property=\"og:site_name\" content=\"SEN Slovensko a \u010cesko\" \/>\n<meta property=\"article:modified_time\" content=\"2023-11-22T14:17:18+00:00\" \/>\n<meta property=\"og:image\" content=\"http:\/\/www.spiritualemergencenetwork.org\/slovakia\/wp-content\/uploads\/sites\/17\/2018\/10\/Slide1-300x225.jpg\" \/>\n<meta name=\"twitter:card\" content=\"summary_large_image\" \/>\n<meta name=\"twitter:label1\" content=\"Predpokladan\u00fd \u010das \u010d\u00edtania\" \/>\n\t<meta name=\"twitter:data1\" content=\"2 min\u00faty\" \/>\n<script type=\"application\/ld+json\" class=\"yoast-schema-graph\">{\"@context\":\"https:\\\/\\\/schema.org\",\"@graph\":[{\"@type\":\"WebPage\",\"@id\":\"https:\\\/\\\/www.spiritualemergencenetwork.org\\\/slovakia\\\/pomoc-v-duchovnej-krize-pdf-brozurka\\\/\",\"url\":\"https:\\\/\\\/www.spiritualemergencenetwork.org\\\/slovakia\\\/pomoc-v-duchovnej-krize-pdf-brozurka\\\/\",\"name\":\"Pr\u00edru\u010dka pre \u013eud\u00ed v du\u0161evnej nepohode (psychospiritu\u00e1lnej kr\u00edze) \\\/ PDF bro\u017e\u00farka - SEN Slovensko a \u010cesko\",\"isPartOf\":{\"@id\":\"https:\\\/\\\/www.spiritualemergencenetwork.org\\\/slovakia\\\/#website\"},\"primaryImageOfPage\":{\"@id\":\"https:\\\/\\\/www.spiritualemergencenetwork.org\\\/slovakia\\\/pomoc-v-duchovnej-krize-pdf-brozurka\\\/#primaryimage\"},\"image\":{\"@id\":\"https:\\\/\\\/www.spiritualemergencenetwork.org\\\/slovakia\\\/pomoc-v-duchovnej-krize-pdf-brozurka\\\/#primaryimage\"},\"thumbnailUrl\":\"http:\\\/\\\/www.spiritualemergencenetwork.org\\\/slovakia\\\/wp-content\\\/uploads\\\/sites\\\/17\\\/2018\\\/10\\\/Slide1-300x225.jpg\",\"datePublished\":\"2018-10-08T19:56:22+00:00\",\"dateModified\":\"2023-11-22T14:17:18+00:00\",\"breadcrumb\":{\"@id\":\"https:\\\/\\\/www.spiritualemergencenetwork.org\\\/slovakia\\\/pomoc-v-duchovnej-krize-pdf-brozurka\\\/#breadcrumb\"},\"inLanguage\":\"sk-SK\",\"potentialAction\":[{\"@type\":\"ReadAction\",\"target\":[\"https:\\\/\\\/www.spiritualemergencenetwork.org\\\/slovakia\\\/pomoc-v-duchovnej-krize-pdf-brozurka\\\/\"]}]},{\"@type\":\"ImageObject\",\"inLanguage\":\"sk-SK\",\"@id\":\"https:\\\/\\\/www.spiritualemergencenetwork.org\\\/slovakia\\\/pomoc-v-duchovnej-krize-pdf-brozurka\\\/#primaryimage\",\"url\":\"http:\\\/\\\/www.spiritualemergencenetwork.org\\\/slovakia\\\/wp-content\\\/uploads\\\/sites\\\/17\\\/2018\\\/10\\\/Slide1-300x225.jpg\",\"contentUrl\":\"http:\\\/\\\/www.spiritualemergencenetwork.org\\\/slovakia\\\/wp-content\\\/uploads\\\/sites\\\/17\\\/2018\\\/10\\\/Slide1-300x225.jpg\"},{\"@type\":\"BreadcrumbList\",\"@id\":\"https:\\\/\\\/www.spiritualemergencenetwork.org\\\/slovakia\\\/pomoc-v-duchovnej-krize-pdf-brozurka\\\/#breadcrumb\",\"itemListElement\":[{\"@type\":\"ListItem\",\"position\":1,\"name\":\"Home\",\"item\":\"https:\\\/\\\/www.spiritualemergencenetwork.org\\\/slovakia\\\/\"},{\"@type\":\"ListItem\",\"position\":2,\"name\":\"Pr\u00edru\u010dka pre \u013eud\u00ed v du\u0161evnej nepohode (psychospiritu\u00e1lnej kr\u00edze) \\\/ PDF bro\u017e\u00farka\"}]},{\"@type\":\"WebSite\",\"@id\":\"https:\\\/\\\/www.spiritualemergencenetwork.org\\\/slovakia\\\/#website\",\"url\":\"https:\\\/\\\/www.spiritualemergencenetwork.org\\\/slovakia\\\/\",\"name\":\"SEN Slovensko a \u010cesko\",\"description\":\"Part of the International Spiritual Emergence Network\",\"potentialAction\":[{\"@type\":\"SearchAction\",\"target\":{\"@type\":\"EntryPoint\",\"urlTemplate\":\"https:\\\/\\\/www.spiritualemergencenetwork.org\\\/slovakia\\\/?s={search_term_string}\"},\"query-input\":{\"@type\":\"PropertyValueSpecification\",\"valueRequired\":true,\"valueName\":\"search_term_string\"}}],\"inLanguage\":\"sk-SK\"}]}<\/script>\n<!-- \/ Yoast SEO plugin. -->","yoast_head_json":{"title":"Pr\u00edru\u010dka pre \u013eud\u00ed v du\u0161evnej nepohode (psychospiritu\u00e1lnej kr\u00edze) \/ PDF bro\u017e\u00farka - SEN Slovensko a \u010cesko","robots":{"index":"index","follow":"follow","max-snippet":"max-snippet:-1","max-image-preview":"max-image-preview:large","max-video-preview":"max-video-preview:-1"},"canonical":"https:\/\/www.spiritualemergencenetwork.org\/slovakia\/pomoc-v-duchovnej-krize-pdf-brozurka\/","og_locale":"sk_SK","og_type":"article","og_title":"Pr\u00edru\u010dka pre \u013eud\u00ed v du\u0161evnej nepohode (psychospiritu\u00e1lnej kr\u00edze) \/ PDF bro\u017e\u00farka - SEN Slovensko a \u010cesko","og_description":"Mil\u00ed priatelia, Kr\u00edza je pre ka\u017ed\u00e9ho rozdielna, ale jedna vec je pre n\u00e1s v\u0161etk\u00fdch rovnak\u00e1; ke\u010f sme v kr\u00edze, c\u00edtime sa, ako by sa na n\u00e1s v\u0161etko r\u00facalo zo v\u0161etk\u00fdch str\u00e1n. Na\u0161a jednoduch\u00e1 pr\u00edru\u010dka, ktor\u00fa zostavil t\u00edm nad\u0161encov v na\u0161ej centr\u00e1le ISEN, poskytuje niektor\u00e9 jednoduch\u00e9, ale d\u00f4le\u017eit\u00e9 n\u00e1stroje, ktor\u00e9 v\u00e1m pom\u00f4\u017eu riadi\u0165 proces Va\u0161ej psychospiritu\u00e1lnej [&hellip;]","og_url":"https:\/\/www.spiritualemergencenetwork.org\/slovakia\/pomoc-v-duchovnej-krize-pdf-brozurka\/","og_site_name":"SEN Slovensko a \u010cesko","article_modified_time":"2023-11-22T14:17:18+00:00","og_image":[{"url":"http:\/\/www.spiritualemergencenetwork.org\/slovakia\/wp-content\/uploads\/sites\/17\/2018\/10\/Slide1-300x225.jpg","type":"","width":"","height":""}],"twitter_card":"summary_large_image","twitter_misc":{"Predpokladan\u00fd \u010das \u010d\u00edtania":"2 min\u00faty"},"schema":{"@context":"https:\/\/schema.org","@graph":[{"@type":"WebPage","@id":"https:\/\/www.spiritualemergencenetwork.org\/slovakia\/pomoc-v-duchovnej-krize-pdf-brozurka\/","url":"https:\/\/www.spiritualemergencenetwork.org\/slovakia\/pomoc-v-duchovnej-krize-pdf-brozurka\/","name":"Pr\u00edru\u010dka pre \u013eud\u00ed v du\u0161evnej nepohode (psychospiritu\u00e1lnej kr\u00edze) \/ PDF bro\u017e\u00farka - SEN Slovensko a \u010cesko","isPartOf":{"@id":"https:\/\/www.spiritualemergencenetwork.org\/slovakia\/#website"},"primaryImageOfPage":{"@id":"https:\/\/www.spiritualemergencenetwork.org\/slovakia\/pomoc-v-duchovnej-krize-pdf-brozurka\/#primaryimage"},"image":{"@id":"https:\/\/www.spiritualemergencenetwork.org\/slovakia\/pomoc-v-duchovnej-krize-pdf-brozurka\/#primaryimage"},"thumbnailUrl":"http:\/\/www.spiritualemergencenetwork.org\/slovakia\/wp-content\/uploads\/sites\/17\/2018\/10\/Slide1-300x225.jpg","datePublished":"2018-10-08T19:56:22+00:00","dateModified":"2023-11-22T14:17:18+00:00","breadcrumb":{"@id":"https:\/\/www.spiritualemergencenetwork.org\/slovakia\/pomoc-v-duchovnej-krize-pdf-brozurka\/#breadcrumb"},"inLanguage":"sk-SK","potentialAction":[{"@type":"ReadAction","target":["https:\/\/www.spiritualemergencenetwork.org\/slovakia\/pomoc-v-duchovnej-krize-pdf-brozurka\/"]}]},{"@type":"ImageObject","inLanguage":"sk-SK","@id":"https:\/\/www.spiritualemergencenetwork.org\/slovakia\/pomoc-v-duchovnej-krize-pdf-brozurka\/#primaryimage","url":"http:\/\/www.spiritualemergencenetwork.org\/slovakia\/wp-content\/uploads\/sites\/17\/2018\/10\/Slide1-300x225.jpg","contentUrl":"http:\/\/www.spiritualemergencenetwork.org\/slovakia\/wp-content\/uploads\/sites\/17\/2018\/10\/Slide1-300x225.jpg"},{"@type":"BreadcrumbList","@id":"https:\/\/www.spiritualemergencenetwork.org\/slovakia\/pomoc-v-duchovnej-krize-pdf-brozurka\/#breadcrumb","itemListElement":[{"@type":"ListItem","position":1,"name":"Home","item":"https:\/\/www.spiritualemergencenetwork.org\/slovakia\/"},{"@type":"ListItem","position":2,"name":"Pr\u00edru\u010dka pre \u013eud\u00ed v du\u0161evnej nepohode (psychospiritu\u00e1lnej kr\u00edze) \/ PDF bro\u017e\u00farka"}]},{"@type":"WebSite","@id":"https:\/\/www.spiritualemergencenetwork.org\/slovakia\/#website","url":"https:\/\/www.spiritualemergencenetwork.org\/slovakia\/","name":"SEN Slovensko a \u010cesko","description":"Part of the International Spiritual Emergence Network","potentialAction":[{"@type":"SearchAction","target":{"@type":"EntryPoint","urlTemplate":"https:\/\/www.spiritualemergencenetwork.org\/slovakia\/?s={search_term_string}"},"query-input":{"@type":"PropertyValueSpecification","valueRequired":true,"valueName":"search_term_string"}}],"inLanguage":"sk-SK"}]}},"jetpack_sharing_enabled":true,"jetpack_shortlink":"https:\/\/wp.me\/Pa1D9F-79","jetpack-related-posts":[],"_links":{"self":[{"href":"https:\/\/www.spiritualemergencenetwork.org\/slovakia\/wp-json\/wp\/v2\/pages\/443","targetHints":{"allow":["GET"]}}],"collection":[{"href":"https:\/\/www.spiritualemergencenetwork.org\/slovakia\/wp-json\/wp\/v2\/pages"}],"about":[{"href":"https:\/\/www.spiritualemergencenetwork.org\/slovakia\/wp-json\/wp\/v2\/types\/page"}],"author":[{"embeddable":true,"href":"https:\/\/www.spiritualemergencenetwork.org\/slovakia\/wp-json\/wp\/v2\/users\/27"}],"replies":[{"embeddable":true,"href":"https:\/\/www.spiritualemergencenetwork.org\/slovakia\/wp-json\/wp\/v2\/comments?post=443"}],"version-history":[{"count":15,"href":"https:\/\/www.spiritualemergencenetwork.org\/slovakia\/wp-json\/wp\/v2\/pages\/443\/revisions"}],"predecessor-version":[{"id":1397,"href":"https:\/\/www.spiritualemergencenetwork.org\/slovakia\/wp-json\/wp\/v2\/pages\/443\/revisions\/1397"}],"wp:attachment":[{"href":"https:\/\/www.spiritualemergencenetwork.org\/slovakia\/wp-json\/wp\/v2\/media?parent=443"}],"curies":[{"name":"wp","href":"https:\/\/api.w.org\/{rel}","templated":true}]}}