{"id":6,"date":"2015-12-27T17:35:19","date_gmt":"2015-12-27T17:35:19","guid":{"rendered":"http:\/\/176.32.230.45\/isen.org.uk\/?page_id=6"},"modified":"2023-11-22T15:07:58","modified_gmt":"2023-11-22T14:07:58","slug":"sen-slovensko-a-cesko-spiritual-emergence-network-slovensko-a-cesko","status":"publish","type":"page","link":"https:\/\/www.spiritualemergencenetwork.org\/slovakia\/","title":{"rendered":"\u00davod"},"content":{"rendered":"<p><strong>M\u00e1te za sebou sk\u00fasenosti, ktor\u00e9 naru\u0161ili Va\u0161u du\u0161evn\u00fa rovnov\u00e1hu a zanechali vo Va\u0161om \u017eivote radik\u00e1lny vplyv? Potrebujete ich hlb\u0161ie pochopi\u0165 a z\u00e1rove\u0148 sa c\u00edtite izolovane alebo nepochopen\u00ed?<\/strong><\/p>\n<p><strong>Sme radi, \u017ee ste n\u00e1s na\u0161li. Prech\u00e1dzanie kr\u00edzami s\u00favisiacimi s du\u0161evn\u00fdm zdrav\u00edm, vr\u00e1tane tzv. psychospiritu\u00e1lnej kr\u00edzy, je\u00a0 v \u017eivote ka\u017ed\u00e9ho jednotlivca vlastne be\u017en\u00e9-aj ke\u010f na prv\u00fd poh\u013ead sa tento proces m\u00f4\u017ee zda\u0165 ve\u013emi znepokojuj\u00faci. Kr\u00edza nar\u00fa\u0161aj\u00faca Va\u0161u du\u0161evn\u00fa pohodu (well-being) a du\u0161evn\u00fd wellness, v r\u00e1mci ktorej c\u00edtite, \u017ee sa V\u00e1m pod nohami r\u00faca cel\u00fd svet, m\u00f4\u017ee by\u0165 v kone\u010dnom d\u00f4sledku s\u00fa\u010das\u0165ou cesty k ve\u013emi pozit\u00edvnej duchovnej transform\u00e1cii.<\/strong><\/p>\n","protected":false},"excerpt":{"rendered":"<p>M\u00e1te za sebou sk\u00fasenosti, ktor\u00e9 naru\u0161ili Va\u0161u du\u0161evn\u00fa rovnov\u00e1hu a zanechali vo Va\u0161om \u017eivote radik\u00e1lny vplyv? Potrebujete ich hlb\u0161ie pochopi\u0165 a z\u00e1rove\u0148 sa c\u00edtite izolovane alebo nepochopen\u00ed? Sme radi, \u017ee ste n\u00e1s na\u0161li. Prech\u00e1dzanie kr\u00edzami s\u00favisiacimi s du\u0161evn\u00fdm zdrav\u00edm, vr\u00e1tane tzv. psychospiritu\u00e1lnej kr\u00edzy, je\u00a0 v \u017eivote ka\u017ed\u00e9ho jednotlivca vlastne be\u017en\u00e9-aj ke\u010f na prv\u00fd poh\u013ead sa [&hellip;]<\/p>\n","protected":false},"author":27,"featured_media":0,"parent":0,"menu_order":0,"comment_status":"closed","ping_status":"closed","template":"","meta":{"_monsterinsights_skip_tracking":false,"_monsterinsights_sitenote_active":false,"_monsterinsights_sitenote_note":"","_monsterinsights_sitenote_category":0,"_uf_show_specific_survey":0,"_uf_disable_surveys":false,"_genesis_hide_title":false,"_genesis_hide_breadcrumbs":false,"_genesis_hide_singular_image":false,"_genesis_hide_footer_widgets":false,"_genesis_custom_body_class":"","_genesis_custom_post_class":"","_genesis_layout":"","footnotes":""},"class_list":{"0":"post-6","1":"page","2":"type-page","3":"status-publish","5":"entry"},"yoast_head":"<!-- This site is optimized with the Yoast SEO plugin v27.5 - https:\/\/yoast.com\/product\/yoast-seo-wordpress\/ -->\n<title>\u00davod - SEN Slovensko a \u010cesko<\/title>\n<meta name=\"description\" content=\"podporu v\u0161etk\u00fdm t\u00fdm, ktor\u00ed ch\u00e1pu svoje duchovn\u00e9 sk\u00fasenosti a z\u00e1\u017eitky z duchovnej kr\u00edzy, ako s\u00fa\u010das\u0165 svojej duchovnej evol\u00facie, nie ako du\u0161evn\u00fa chorobu.\" \/>\n<meta name=\"robots\" content=\"index, follow, max-snippet:-1, max-image-preview:large, max-video-preview:-1\" \/>\n<link rel=\"canonical\" href=\"https:\/\/www.spiritualemergencenetwork.org\/slovakia\/\" \/>\n<meta property=\"og:locale\" content=\"sk_SK\" \/>\n<meta property=\"og:type\" content=\"article\" \/>\n<meta property=\"og:title\" content=\"\u00davod - SEN Slovensko a \u010cesko\" \/>\n<meta property=\"og:description\" content=\"podporu v\u0161etk\u00fdm t\u00fdm, ktor\u00ed ch\u00e1pu svoje duchovn\u00e9 sk\u00fasenosti a z\u00e1\u017eitky z duchovnej kr\u00edzy, ako s\u00fa\u010das\u0165 svojej duchovnej evol\u00facie, nie ako du\u0161evn\u00fa chorobu.\" \/>\n<meta property=\"og:url\" content=\"https:\/\/www.spiritualemergencenetwork.org\/slovakia\/\" \/>\n<meta property=\"og:site_name\" content=\"SEN Slovensko a \u010cesko\" \/>\n<meta property=\"article:modified_time\" content=\"2023-11-22T14:07:58+00:00\" \/>\n<meta name=\"twitter:card\" content=\"summary_large_image\" \/>\n<meta name=\"twitter:label1\" content=\"Predpokladan\u00fd \u010das \u010d\u00edtania\" \/>\n\t<meta name=\"twitter:data1\" content=\"1 min\u00fata\" \/>\n<script type=\"application\/ld+json\" class=\"yoast-schema-graph\">{\"@context\":\"https:\\\/\\\/schema.org\",\"@graph\":[{\"@type\":\"WebPage\",\"@id\":\"https:\\\/\\\/www.spiritualemergencenetwork.org\\\/slovakia\\\/\",\"url\":\"https:\\\/\\\/www.spiritualemergencenetwork.org\\\/slovakia\\\/\",\"name\":\"\u00davod - SEN Slovensko a \u010cesko\",\"isPartOf\":{\"@id\":\"https:\\\/\\\/www.spiritualemergencenetwork.org\\\/slovakia\\\/#website\"},\"datePublished\":\"2015-12-27T17:35:19+00:00\",\"dateModified\":\"2023-11-22T14:07:58+00:00\",\"description\":\"podporu v\u0161etk\u00fdm t\u00fdm, ktor\u00ed ch\u00e1pu svoje duchovn\u00e9 sk\u00fasenosti a z\u00e1\u017eitky z duchovnej kr\u00edzy, ako s\u00fa\u010das\u0165 svojej duchovnej evol\u00facie, nie ako du\u0161evn\u00fa chorobu.\",\"breadcrumb\":{\"@id\":\"https:\\\/\\\/www.spiritualemergencenetwork.org\\\/slovakia\\\/#breadcrumb\"},\"inLanguage\":\"sk-SK\",\"potentialAction\":[{\"@type\":\"ReadAction\",\"target\":[\"https:\\\/\\\/www.spiritualemergencenetwork.org\\\/slovakia\\\/\"]}]},{\"@type\":\"BreadcrumbList\",\"@id\":\"https:\\\/\\\/www.spiritualemergencenetwork.org\\\/slovakia\\\/#breadcrumb\",\"itemListElement\":[{\"@type\":\"ListItem\",\"position\":1,\"name\":\"Home\",\"item\":\"https:\\\/\\\/www.spiritualemergencenetwork.org\\\/slovakia\\\/\"},{\"@type\":\"ListItem\",\"position\":2,\"name\":\"\u00davod\"}]},{\"@type\":\"WebSite\",\"@id\":\"https:\\\/\\\/www.spiritualemergencenetwork.org\\\/slovakia\\\/#website\",\"url\":\"https:\\\/\\\/www.spiritualemergencenetwork.org\\\/slovakia\\\/\",\"name\":\"SEN Slovensko a \u010cesko\",\"description\":\"Part of the International Spiritual Emergence Network\",\"potentialAction\":[{\"@type\":\"SearchAction\",\"target\":{\"@type\":\"EntryPoint\",\"urlTemplate\":\"https:\\\/\\\/www.spiritualemergencenetwork.org\\\/slovakia\\\/?s={search_term_string}\"},\"query-input\":{\"@type\":\"PropertyValueSpecification\",\"valueRequired\":true,\"valueName\":\"search_term_string\"}}],\"inLanguage\":\"sk-SK\"}]}<\/script>\n<!-- \/ Yoast SEO plugin. -->","yoast_head_json":{"title":"\u00davod - SEN Slovensko a \u010cesko","description":"podporu v\u0161etk\u00fdm t\u00fdm, ktor\u00ed ch\u00e1pu svoje duchovn\u00e9 sk\u00fasenosti a z\u00e1\u017eitky z duchovnej kr\u00edzy, ako s\u00fa\u010das\u0165 svojej duchovnej evol\u00facie, nie ako du\u0161evn\u00fa chorobu.","robots":{"index":"index","follow":"follow","max-snippet":"max-snippet:-1","max-image-preview":"max-image-preview:large","max-video-preview":"max-video-preview:-1"},"canonical":"https:\/\/www.spiritualemergencenetwork.org\/slovakia\/","og_locale":"sk_SK","og_type":"article","og_title":"\u00davod - SEN Slovensko a \u010cesko","og_description":"podporu v\u0161etk\u00fdm t\u00fdm, ktor\u00ed ch\u00e1pu svoje duchovn\u00e9 sk\u00fasenosti a z\u00e1\u017eitky z duchovnej kr\u00edzy, ako s\u00fa\u010das\u0165 svojej duchovnej evol\u00facie, nie ako du\u0161evn\u00fa chorobu.","og_url":"https:\/\/www.spiritualemergencenetwork.org\/slovakia\/","og_site_name":"SEN Slovensko a \u010cesko","article_modified_time":"2023-11-22T14:07:58+00:00","twitter_card":"summary_large_image","twitter_misc":{"Predpokladan\u00fd \u010das \u010d\u00edtania":"1 min\u00fata"},"schema":{"@context":"https:\/\/schema.org","@graph":[{"@type":"WebPage","@id":"https:\/\/www.spiritualemergencenetwork.org\/slovakia\/","url":"https:\/\/www.spiritualemergencenetwork.org\/slovakia\/","name":"\u00davod - SEN Slovensko a \u010cesko","isPartOf":{"@id":"https:\/\/www.spiritualemergencenetwork.org\/slovakia\/#website"},"datePublished":"2015-12-27T17:35:19+00:00","dateModified":"2023-11-22T14:07:58+00:00","description":"podporu v\u0161etk\u00fdm t\u00fdm, ktor\u00ed ch\u00e1pu svoje duchovn\u00e9 sk\u00fasenosti a z\u00e1\u017eitky z duchovnej kr\u00edzy, ako s\u00fa\u010das\u0165 svojej duchovnej evol\u00facie, nie ako du\u0161evn\u00fa chorobu.","breadcrumb":{"@id":"https:\/\/www.spiritualemergencenetwork.org\/slovakia\/#breadcrumb"},"inLanguage":"sk-SK","potentialAction":[{"@type":"ReadAction","target":["https:\/\/www.spiritualemergencenetwork.org\/slovakia\/"]}]},{"@type":"BreadcrumbList","@id":"https:\/\/www.spiritualemergencenetwork.org\/slovakia\/#breadcrumb","itemListElement":[{"@type":"ListItem","position":1,"name":"Home","item":"https:\/\/www.spiritualemergencenetwork.org\/slovakia\/"},{"@type":"ListItem","position":2,"name":"\u00davod"}]},{"@type":"WebSite","@id":"https:\/\/www.spiritualemergencenetwork.org\/slovakia\/#website","url":"https:\/\/www.spiritualemergencenetwork.org\/slovakia\/","name":"SEN Slovensko a \u010cesko","description":"Part of the International Spiritual Emergence Network","potentialAction":[{"@type":"SearchAction","target":{"@type":"EntryPoint","urlTemplate":"https:\/\/www.spiritualemergencenetwork.org\/slovakia\/?s={search_term_string}"},"query-input":{"@type":"PropertyValueSpecification","valueRequired":true,"valueName":"search_term_string"}}],"inLanguage":"sk-SK"}]}},"jetpack_sharing_enabled":true,"jetpack_shortlink":"https:\/\/wp.me\/Pa1D9F-6","jetpack-related-posts":[],"_links":{"self":[{"href":"https:\/\/www.spiritualemergencenetwork.org\/slovakia\/wp-json\/wp\/v2\/pages\/6","targetHints":{"allow":["GET"]}}],"collection":[{"href":"https:\/\/www.spiritualemergencenetwork.org\/slovakia\/wp-json\/wp\/v2\/pages"}],"about":[{"href":"https:\/\/www.spiritualemergencenetwork.org\/slovakia\/wp-json\/wp\/v2\/types\/page"}],"author":[{"embeddable":true,"href":"https:\/\/www.spiritualemergencenetwork.org\/slovakia\/wp-json\/wp\/v2\/users\/27"}],"replies":[{"embeddable":true,"href":"https:\/\/www.spiritualemergencenetwork.org\/slovakia\/wp-json\/wp\/v2\/comments?post=6"}],"version-history":[{"count":17,"href":"https:\/\/www.spiritualemergencenetwork.org\/slovakia\/wp-json\/wp\/v2\/pages\/6\/revisions"}],"predecessor-version":[{"id":1389,"href":"https:\/\/www.spiritualemergencenetwork.org\/slovakia\/wp-json\/wp\/v2\/pages\/6\/revisions\/1389"}],"wp:attachment":[{"href":"https:\/\/www.spiritualemergencenetwork.org\/slovakia\/wp-json\/wp\/v2\/media?parent=6"}],"curies":[{"name":"wp","href":"https:\/\/api.w.org\/{rel}","templated":true}]}}